{"id":1422,"date":"2022-11-25T11:12:57","date_gmt":"2022-11-25T10:12:57","guid":{"rendered":"https:\/\/montsec.ieec.cat\/contacto\/"},"modified":"2024-12-04T08:59:31","modified_gmt":"2024-12-04T07:59:31","slug":"contacto","status":"publish","type":"page","link":"https:\/\/montsec.ieec.cat\/es\/contacto\/","title":{"rendered":"Contacto"},"content":{"rendered":"<p>[et_pb_section fb_built=\u00bb1&#8243; disabled_on=\u00bboff|off|off\u00bb admin_label=\u00bbslider-escritorio\u00bb _builder_version=\u00bb4.18.0&#8243; background_color=\u00bb#1a1140&#8243; background_image=\u00bbhttps:\/\/montsec.ieec.cat\/wp-content\/uploads\/2022\/10\/1569520826_b1ed8a7b3230447d4333db695e3af931_pr_image_6.png\u00bb background_position=\u00bbtop_center\u00bb background_blend=\u00bbscreen\u00bb custom_padding=\u00bb163px||247px|||\u00bb global_colors_info=\u00bb{}\u00bb][\/et_pb_section][et_pb_section fb_built=\u00bb1&#8243; _builder_version=\u00bb4.16&#8243; custom_padding=\u00bb9px||0px|||\u00bb global_colors_info=\u00bb{}\u00bb][et_pb_row custom_padding_last_edited=\u00bbon|phone\u00bb _builder_version=\u00bb4.16&#8243; custom_padding=\u00bb55px|8%|1px|8%|false|true\u00bb custom_padding_tablet=\u00bb\u00bb custom_padding_phone=\u00bb|0%||0%|false|true\u00bb global_colors_info=\u00bb{}\u00bb][et_pb_column type=\u00bb4_4&#8243; _builder_version=\u00bb4.16&#8243; global_colors_info=\u00bb{}\u00bb][et_pb_text admin_label=\u00bbintroduccion\u00bb _builder_version=\u00bb4.24.0&#8243; text_font=\u00bbSource Sans Pro|300|||||||\u00bb text_font_size=\u00bb25px\u00bb text_line_height=\u00bb1em\u00bb header_font=\u00bb||||||||\u00bb header_3_font=\u00bb|300|||||||\u00bb header_3_font_size=\u00bb40px\u00bb header_3_line_height=\u00bb1.1em\u00bb custom_padding=\u00bb|0px||0px||true\u00bb text_font_size_tablet=\u00bb\u00bb text_font_size_phone=\u00bb22px\u00bb text_font_size_last_edited=\u00bbon|phone\u00bb header_3_font_size_tablet=\u00bb30px\u00bb header_3_font_size_phone=\u00bb25px\u00bb header_3_font_size_last_edited=\u00bbon|tablet\u00bb locked=\u00bboff\u00bb global_colors_info=\u00bb{}\u00bb]<\/p>\n<p style=\"text-align: left;\"><span>Si est\u00e1s interesado\/a en conocer el Observatori del Montsec o tienes preguntas relacionadas con la investigaci\u00f3n y las actividades que se realizan, puedes contactar con nosotros a trav\u00e9s del siguiente formulario:<\/span><\/p>\n<p>[\/et_pb_text][et_pb_contact_form use_spam_service=\u00bbon\u00bb recaptcha_list=\u00bbDefault|Default-0&#8243; email=\u00bbobsmontsec@ieec.cat\u00bb success_message=\u00bbGracias por tu mensaje, en breve nos pondremos en contacto contigo.\u00bb submit_button_text=\u00bbEnv\u00eda\u00bb _builder_version=\u00bb4.18.1&#8243; form_field_background_color=\u00bb#e2e2e1&#8243; form_field_text_color=\u00bb#0b152f\u00bb form_field_focus_background_color=\u00bb#FFFFFF\u00bb background_color=\u00bbRGBA(0,0,0,0)\u00bb custom_button=\u00bbon\u00bb button_text_color=\u00bb#FFFFFF\u00bb button_bg_color=\u00bb#0b152f\u00bb button_border_width=\u00bb0px\u00bb button_border_color=\u00bb#000000&#8243; button_border_radius=\u00bb0px\u00bb global_colors_info=\u00bb{}\u00bb][et_pb_contact_field field_id=\u00bbNom\u00bb field_title=\u00bbNombre\u00bb _builder_version=\u00bb4.18.0&#8243; global_colors_info=\u00bb{}\u00bb button_text_size__hover_enabled=\u00bboff\u00bb button_one_text_size__hover_enabled=\u00bboff\u00bb button_two_text_size__hover_enabled=\u00bboff\u00bb button_text_color__hover_enabled=\u00bboff\u00bb button_one_text_color__hover_enabled=\u00bboff\u00bb button_two_text_color__hover_enabled=\u00bboff\u00bb button_border_width__hover_enabled=\u00bboff\u00bb button_one_border_width__hover_enabled=\u00bboff\u00bb button_two_border_width__hover_enabled=\u00bboff\u00bb button_border_color__hover_enabled=\u00bboff\u00bb button_one_border_color__hover_enabled=\u00bboff\u00bb button_two_border_color__hover_enabled=\u00bboff\u00bb button_border_radius__hover_enabled=\u00bboff\u00bb button_one_border_radius__hover_enabled=\u00bboff\u00bb button_two_border_radius__hover_enabled=\u00bboff\u00bb button_letter_spacing__hover_enabled=\u00bboff\u00bb button_one_letter_spacing__hover_enabled=\u00bboff\u00bb button_two_letter_spacing__hover_enabled=\u00bboff\u00bb button_bg_color__hover_enabled=\u00bboff\u00bb button_one_bg_color__hover_enabled=\u00bboff\u00bb button_two_bg_color__hover_enabled=\u00bboff\u00bb][\/et_pb_contact_field][et_pb_contact_field field_id=\u00bbApellidos\u00bb field_title=\u00bbApellidos\u00bb _builder_version=\u00bb4.18.1&#8243; _module_preset=\u00bbdefault\u00bb global_colors_info=\u00bb{}\u00bb][\/et_pb_contact_field][et_pb_contact_field field_id=\u00bbEmail\u00bb field_title=\u00bbCorreo electr\u00f3nico\u00bb field_type=\u00bbemail\u00bb fullwidth_field=\u00bbon\u00bb _builder_version=\u00bb4.18.1&#8243; global_colors_info=\u00bb{}\u00bb button_text_size__hover_enabled=\u00bboff\u00bb button_one_text_size__hover_enabled=\u00bboff\u00bb button_two_text_size__hover_enabled=\u00bboff\u00bb button_text_color__hover_enabled=\u00bboff\u00bb button_one_text_color__hover_enabled=\u00bboff\u00bb button_two_text_color__hover_enabled=\u00bboff\u00bb button_border_width__hover_enabled=\u00bboff\u00bb button_one_border_width__hover_enabled=\u00bboff\u00bb button_two_border_width__hover_enabled=\u00bboff\u00bb button_border_color__hover_enabled=\u00bboff\u00bb button_one_border_color__hover_enabled=\u00bboff\u00bb button_two_border_color__hover_enabled=\u00bboff\u00bb button_border_radius__hover_enabled=\u00bboff\u00bb button_one_border_radius__hover_enabled=\u00bboff\u00bb button_two_border_radius__hover_enabled=\u00bboff\u00bb button_letter_spacing__hover_enabled=\u00bboff\u00bb button_one_letter_spacing__hover_enabled=\u00bboff\u00bb button_two_letter_spacing__hover_enabled=\u00bboff\u00bb button_bg_color__hover_enabled=\u00bboff\u00bb button_one_bg_color__hover_enabled=\u00bboff\u00bb button_two_bg_color__hover_enabled=\u00bboff\u00bb][\/et_pb_contact_field][et_pb_contact_field field_id=\u00bbMessage\u00bb field_title=\u00bbMensaje\u00bb field_type=\u00bbtext\u00bb fullwidth_field=\u00bbon\u00bb _builder_version=\u00bb4.18.1&#8243; global_colors_info=\u00bb{}\u00bb button_text_size__hover_enabled=\u00bboff\u00bb button_one_text_size__hover_enabled=\u00bboff\u00bb button_two_text_size__hover_enabled=\u00bboff\u00bb button_text_color__hover_enabled=\u00bboff\u00bb button_one_text_color__hover_enabled=\u00bboff\u00bb button_two_text_color__hover_enabled=\u00bboff\u00bb button_border_width__hover_enabled=\u00bboff\u00bb button_one_border_width__hover_enabled=\u00bboff\u00bb button_two_border_width__hover_enabled=\u00bboff\u00bb button_border_color__hover_enabled=\u00bboff\u00bb button_one_border_color__hover_enabled=\u00bboff\u00bb button_two_border_color__hover_enabled=\u00bboff\u00bb button_border_radius__hover_enabled=\u00bboff\u00bb button_one_border_radius__hover_enabled=\u00bboff\u00bb button_two_border_radius__hover_enabled=\u00bboff\u00bb button_letter_spacing__hover_enabled=\u00bboff\u00bb button_one_letter_spacing__hover_enabled=\u00bboff\u00bb button_two_letter_spacing__hover_enabled=\u00bboff\u00bb button_bg_color__hover_enabled=\u00bboff\u00bb button_one_bg_color__hover_enabled=\u00bboff\u00bb button_two_bg_color__hover_enabled=\u00bboff\u00bb][\/et_pb_contact_field][et_pb_contact_field field_id=\u00bblegales\u00bb field_title=\u00bbPor favor, valida el siguiente campo.\u00bb field_type=\u00bbcheckbox\u00bb checkbox_options=\u00bb%91{%22value%22:%22He leido y acepto la %22,%22checked%22:0,%22dragID%22:-1,%22link_text%22:%22Pol\u00edtica de Privacidad%22,%22link_url%22:%22https:\/\/montsec.ieec.cat\/es\/politica-de-privacidad\/%22}%93&#8243; fullwidth_field=\u00bbon\u00bb _builder_version=\u00bb4.18.1&#8243; form_field_font=\u00bb|300|||||||\u00bb form_field_font_size=\u00bb14px\u00bb global_colors_info=\u00bb{}\u00bb][\/et_pb_contact_field][\/et_pb_contact_form][et_pb_divider color=\u00bb#242930&#8243; _builder_version=\u00bb4.16&#8243; custom_margin=\u00bb2.5%||||false|false\u00bb global_colors_info=\u00bb{}\u00bb][\/et_pb_divider][\/et_pb_column][\/et_pb_row][et_pb_row column_structure=\u00bb1_2,1_2&#8243; custom_padding_last_edited=\u00bbon|phone\u00bb _builder_version=\u00bb4.16&#8243; custom_margin=\u00bb0px||||false|false\u00bb custom_padding=\u00bb16px|8%||8%|false|true\u00bb custom_padding_tablet=\u00bb\u00bb custom_padding_phone=\u00bb|0%||0%|false|true\u00bb locked=\u00bboff\u00bb global_colors_info=\u00bb{}\u00bb][et_pb_column type=\u00bb1_2&#8243; _builder_version=\u00bb4.16&#8243; global_colors_info=\u00bb{}\u00bb][et_pb_text module_class=\u00bbcoordinates\u00bb _builder_version=\u00bb4.18.0&#8243; _module_preset=\u00bbdefault\u00bb text_font=\u00bbOswald|||on|||||\u00bb text_text_color=\u00bb#406fda\u00bb text_font_size=\u00bb16px\u00bb text_letter_spacing=\u00bb3px\u00bb custom_margin=\u00bb||13px|||\u00bb global_colors_info=\u00bb{}\u00bb]<\/p>\n<p>direcci\u00f3n<\/p>\n<p>[\/et_pb_text][et_pb_text _builder_version=\u00bb4.18.1&#8243; _module_preset=\u00bbdefault\u00bb text_font=\u00bb|300|||||||\u00bb text_text_color=\u00bb#160019&#8243; text_font_size=\u00bb22px\u00bb text_line_height=\u00bb1em\u00bb custom_margin=\u00bb-6px||21px|||\u00bb global_colors_info=\u00bb{}\u00bb]<\/p>\n<p>Situado a 1570 metros de altitud en la sierra del Montsec, en el municipio de Sant Esteve de la Sarga (L\u00e9rida).<\/p>\n<p>[\/et_pb_text][\/et_pb_column][et_pb_column type=\u00bb1_2&#8243; _builder_version=\u00bb4.16&#8243; global_colors_info=\u00bb{}\u00bb][et_pb_text module_class=\u00bbcoordinates\u00bb _builder_version=\u00bb4.18.0&#8243; _module_preset=\u00bbdefault\u00bb text_font=\u00bbOswald|||on|||||\u00bb text_text_color=\u00bb#406fda\u00bb text_font_size=\u00bb16px\u00bb text_letter_spacing=\u00bb3px\u00bb custom_margin=\u00bb||13px|||\u00bb global_colors_info=\u00bb{}\u00bb]<\/p>\n<p>correo electr\u00f3nico<\/p>\n<p>[\/et_pb_text][et_pb_text _builder_version=\u00bb4.27.2&#8243; _module_preset=\u00bbdefault\u00bb text_font=\u00bb|300|||||||\u00bb text_text_color=\u00bb#160019&#8243; text_font_size=\u00bb22px\u00bb text_line_height=\u00bb1em\u00bb custom_margin=\u00bb-6px||21px|||\u00bb hover_enabled=\u00bb0&#8243; global_colors_info=\u00bb{}\u00bb sticky_enabled=\u00bb0&#8243;]<\/p>\n<p><strong>obsmontsec@ieec.cat<\/strong><\/p>\n<p>[\/et_pb_text][\/et_pb_column][\/et_pb_row][et_pb_row custom_padding_last_edited=\u00bbon|phone\u00bb _builder_version=\u00bb4.16&#8243; custom_padding=\u00bb1px|8%|1px|8%|false|true\u00bb custom_padding_tablet=\u00bb\u00bb custom_padding_phone=\u00bb|0%||0%|false|true\u00bb global_colors_info=\u00bb{}\u00bb][et_pb_column type=\u00bb4_4&#8243; _builder_version=\u00bb4.16&#8243; global_colors_info=\u00bb{}\u00bb][et_pb_divider color=\u00bb#242930&#8243; _builder_version=\u00bb4.16&#8243; custom_margin=\u00bb0.4%||||false|false\u00bb global_colors_info=\u00bb{}\u00bb][\/et_pb_divider][\/et_pb_column][\/et_pb_row][\/et_pb_section][et_pb_section fb_built=\u00bb1&#8243; fullwidth=\u00bbon\u00bb _builder_version=\u00bb4.16&#8243; _module_preset=\u00bbdefault\u00bb global_colors_info=\u00bb{}\u00bb][et_pb_fullwidth_code _builder_version=\u00bb4.18.1&#8243; _module_preset=\u00bbdefault\u00bb global_colors_info=\u00bb{}\u00bb]<iframe loading=\"lazy\" style=\"border: 0;\" src=\"https:\/\/www.google.com\/maps\/embed?pb=!1m14!1m8!1m3!1d6064.081596032081!2d0.725867117353304!3d42.0516552!3m2!1i1024!2i768!4f13.1!3m3!1m2!1s0x12a6510f6b699ccb%3A0xddf85d2f5600b2c0!2sObservatori%20del%20Montsec!5e1!3m2!1sen!2ses!4v1668598457257!5m2!1sen!2ses\" width=\"2000\" height=\"600\" allowfullscreen=\"allowfullscreen\"><\/iframe>[\/et_pb_fullwidth_code][\/et_pb_section]<\/p>\n","protected":false},"excerpt":{"rendered":"<p>Si est\u00e1s interesado\/a en conocer el Observatori del Montsec o tienes preguntas relacionadas con la investigaci\u00f3n y las actividades que se realizan, puedes contactar con nosotros a trav\u00e9s del siguiente formulario:direcci\u00f3nSituado a 1570 metros de altitud en la sierra del Montsec, en el municipio de Sant Esteve de la Sarga (L\u00e9rida).correo electr\u00f3nicoobsmontsec@ieec.cat<\/p>\n","protected":false},"author":1,"featured_media":506,"parent":0,"menu_order":0,"comment_status":"closed","ping_status":"closed","template":"","meta":{"_et_pb_use_builder":"on","_et_pb_old_content":"","_et_gb_content_width":"","footnotes":""},"class_list":["post-1422","page","type-page","status-publish","has-post-thumbnail","hentry"],"yoast_head":"<!-- This site is optimized with the Yoast SEO plugin v24.2 - https:\/\/yoast.com\/wordpress\/plugins\/seo\/ -->\n<title>Contacto - Observatori del Montsec<\/title>\n<meta name=\"robots\" content=\"index, follow, max-snippet:-1, max-image-preview:large, max-video-preview:-1\" \/>\n<link rel=\"canonical\" href=\"https:\/\/montsec.ieec.cat\/es\/contacto\/\" \/>\n<meta property=\"og:locale\" content=\"es_ES\" \/>\n<meta property=\"og:type\" content=\"article\" \/>\n<meta property=\"og:title\" content=\"Contacto - Observatori del Montsec\" \/>\n<meta property=\"og:description\" content=\"Si est\u00e1s interesado\/a en conocer el Observatori del Montsec o tienes preguntas relacionadas con la investigaci\u00f3n y las actividades que se realizan, puedes contactar con nosotros a trav\u00e9s del siguiente formulario:direcci\u00f3nSituado a 1570 metros de altitud en la sierra del Montsec, en el municipio de Sant Esteve de la Sarga (L\u00e9rida).correo electr\u00f3nicoobsmontsec@ieec.cat\" \/>\n<meta property=\"og:url\" content=\"https:\/\/montsec.ieec.cat\/es\/contacto\/\" \/>\n<meta property=\"og:site_name\" content=\"Observatori del Montsec\" \/>\n<meta property=\"article:modified_time\" content=\"2024-12-04T07:59:31+00:00\" \/>\n<meta property=\"og:image\" content=\"https:\/\/montsec.ieec.cat\/wp-content\/uploads\/2022\/09\/logo-pagina.png\" \/>\n\t<meta property=\"og:image:width\" content=\"422\" \/>\n\t<meta property=\"og:image:height\" content=\"212\" \/>\n\t<meta property=\"og:image:type\" content=\"image\/png\" \/>\n<meta name=\"twitter:card\" content=\"summary_large_image\" \/>\n<meta name=\"twitter:label1\" content=\"Tiempo de lectura\" \/>\n\t<meta name=\"twitter:data1\" content=\"6 minutos\" \/>\n<script type=\"application\/ld+json\" class=\"yoast-schema-graph\">{\"@context\":\"https:\/\/schema.org\",\"@graph\":[{\"@type\":\"WebPage\",\"@id\":\"https:\/\/montsec.ieec.cat\/es\/contacto\/\",\"url\":\"https:\/\/montsec.ieec.cat\/es\/contacto\/\",\"name\":\"Contacto - Observatori del Montsec\",\"isPartOf\":{\"@id\":\"https:\/\/montsec.ieec.cat\/es\/#website\"},\"primaryImageOfPage\":{\"@id\":\"https:\/\/montsec.ieec.cat\/es\/contacto\/#primaryimage\"},\"image\":{\"@id\":\"https:\/\/montsec.ieec.cat\/es\/contacto\/#primaryimage\"},\"thumbnailUrl\":\"https:\/\/montsec.ieec.cat\/wp-content\/uploads\/2022\/09\/logo-pagina.png\",\"datePublished\":\"2022-11-25T10:12:57+00:00\",\"dateModified\":\"2024-12-04T07:59:31+00:00\",\"breadcrumb\":{\"@id\":\"https:\/\/montsec.ieec.cat\/es\/contacto\/#breadcrumb\"},\"inLanguage\":\"es\",\"potentialAction\":[{\"@type\":\"ReadAction\",\"target\":[\"https:\/\/montsec.ieec.cat\/es\/contacto\/\"]}]},{\"@type\":\"ImageObject\",\"inLanguage\":\"es\",\"@id\":\"https:\/\/montsec.ieec.cat\/es\/contacto\/#primaryimage\",\"url\":\"https:\/\/montsec.ieec.cat\/wp-content\/uploads\/2022\/09\/logo-pagina.png\",\"contentUrl\":\"https:\/\/montsec.ieec.cat\/wp-content\/uploads\/2022\/09\/logo-pagina.png\",\"width\":422,\"height\":212,\"caption\":\"logotip imatge destacada\"},{\"@type\":\"BreadcrumbList\",\"@id\":\"https:\/\/montsec.ieec.cat\/es\/contacto\/#breadcrumb\",\"itemListElement\":[{\"@type\":\"ListItem\",\"position\":1,\"name\":\"Portada\",\"item\":\"https:\/\/montsec.ieec.cat\/es\/\"},{\"@type\":\"ListItem\",\"position\":2,\"name\":\"Contacto\"}]},{\"@type\":\"WebSite\",\"@id\":\"https:\/\/montsec.ieec.cat\/es\/#website\",\"url\":\"https:\/\/montsec.ieec.cat\/es\/\",\"name\":\"Observatori del Montsec\",\"description\":\"El telescopi m\u00e9s gran de Catalunya\",\"potentialAction\":[{\"@type\":\"SearchAction\",\"target\":{\"@type\":\"EntryPoint\",\"urlTemplate\":\"https:\/\/montsec.ieec.cat\/es\/?s={search_term_string}\"},\"query-input\":{\"@type\":\"PropertyValueSpecification\",\"valueRequired\":true,\"valueName\":\"search_term_string\"}}],\"inLanguage\":\"es\"}]}<\/script>\n<!-- \/ Yoast SEO plugin. -->","yoast_head_json":{"title":"Contacto - Observatori del Montsec","robots":{"index":"index","follow":"follow","max-snippet":"max-snippet:-1","max-image-preview":"max-image-preview:large","max-video-preview":"max-video-preview:-1"},"canonical":"https:\/\/montsec.ieec.cat\/es\/contacto\/","og_locale":"es_ES","og_type":"article","og_title":"Contacto - Observatori del Montsec","og_description":"Si est\u00e1s interesado\/a en conocer el Observatori del Montsec o tienes preguntas relacionadas con la investigaci\u00f3n y las actividades que se realizan, puedes contactar con nosotros a trav\u00e9s del siguiente formulario:direcci\u00f3nSituado a 1570 metros de altitud en la sierra del Montsec, en el municipio de Sant Esteve de la Sarga (L\u00e9rida).correo electr\u00f3nicoobsmontsec@ieec.cat","og_url":"https:\/\/montsec.ieec.cat\/es\/contacto\/","og_site_name":"Observatori del Montsec","article_modified_time":"2024-12-04T07:59:31+00:00","og_image":[{"width":422,"height":212,"url":"https:\/\/montsec.ieec.cat\/wp-content\/uploads\/2022\/09\/logo-pagina.png","type":"image\/png"}],"twitter_card":"summary_large_image","twitter_misc":{"Tiempo de lectura":"6 minutos"},"schema":{"@context":"https:\/\/schema.org","@graph":[{"@type":"WebPage","@id":"https:\/\/montsec.ieec.cat\/es\/contacto\/","url":"https:\/\/montsec.ieec.cat\/es\/contacto\/","name":"Contacto - Observatori del Montsec","isPartOf":{"@id":"https:\/\/montsec.ieec.cat\/es\/#website"},"primaryImageOfPage":{"@id":"https:\/\/montsec.ieec.cat\/es\/contacto\/#primaryimage"},"image":{"@id":"https:\/\/montsec.ieec.cat\/es\/contacto\/#primaryimage"},"thumbnailUrl":"https:\/\/montsec.ieec.cat\/wp-content\/uploads\/2022\/09\/logo-pagina.png","datePublished":"2022-11-25T10:12:57+00:00","dateModified":"2024-12-04T07:59:31+00:00","breadcrumb":{"@id":"https:\/\/montsec.ieec.cat\/es\/contacto\/#breadcrumb"},"inLanguage":"es","potentialAction":[{"@type":"ReadAction","target":["https:\/\/montsec.ieec.cat\/es\/contacto\/"]}]},{"@type":"ImageObject","inLanguage":"es","@id":"https:\/\/montsec.ieec.cat\/es\/contacto\/#primaryimage","url":"https:\/\/montsec.ieec.cat\/wp-content\/uploads\/2022\/09\/logo-pagina.png","contentUrl":"https:\/\/montsec.ieec.cat\/wp-content\/uploads\/2022\/09\/logo-pagina.png","width":422,"height":212,"caption":"logotip imatge destacada"},{"@type":"BreadcrumbList","@id":"https:\/\/montsec.ieec.cat\/es\/contacto\/#breadcrumb","itemListElement":[{"@type":"ListItem","position":1,"name":"Portada","item":"https:\/\/montsec.ieec.cat\/es\/"},{"@type":"ListItem","position":2,"name":"Contacto"}]},{"@type":"WebSite","@id":"https:\/\/montsec.ieec.cat\/es\/#website","url":"https:\/\/montsec.ieec.cat\/es\/","name":"Observatori del Montsec","description":"El telescopi m\u00e9s gran de Catalunya","potentialAction":[{"@type":"SearchAction","target":{"@type":"EntryPoint","urlTemplate":"https:\/\/montsec.ieec.cat\/es\/?s={search_term_string}"},"query-input":{"@type":"PropertyValueSpecification","valueRequired":true,"valueName":"search_term_string"}}],"inLanguage":"es"}]}},"_links":{"self":[{"href":"https:\/\/montsec.ieec.cat\/es\/wp-json\/wp\/v2\/pages\/1422","targetHints":{"allow":["GET"]}}],"collection":[{"href":"https:\/\/montsec.ieec.cat\/es\/wp-json\/wp\/v2\/pages"}],"about":[{"href":"https:\/\/montsec.ieec.cat\/es\/wp-json\/wp\/v2\/types\/page"}],"author":[{"embeddable":true,"href":"https:\/\/montsec.ieec.cat\/es\/wp-json\/wp\/v2\/users\/1"}],"replies":[{"embeddable":true,"href":"https:\/\/montsec.ieec.cat\/es\/wp-json\/wp\/v2\/comments?post=1422"}],"version-history":[{"count":12,"href":"https:\/\/montsec.ieec.cat\/es\/wp-json\/wp\/v2\/pages\/1422\/revisions"}],"predecessor-version":[{"id":3473,"href":"https:\/\/montsec.ieec.cat\/es\/wp-json\/wp\/v2\/pages\/1422\/revisions\/3473"}],"wp:featuredmedia":[{"embeddable":true,"href":"https:\/\/montsec.ieec.cat\/es\/wp-json\/wp\/v2\/media\/506"}],"wp:attachment":[{"href":"https:\/\/montsec.ieec.cat\/es\/wp-json\/wp\/v2\/media?parent=1422"}],"curies":[{"name":"wp","href":"https:\/\/api.w.org\/{rel}","templated":true}]}}