{"id":1494,"date":"2022-11-25T12:02:06","date_gmt":"2022-11-25T11:02:06","guid":{"rendered":"https:\/\/montsec.ieec.cat\/divulgacion\/"},"modified":"2025-10-03T13:51:10","modified_gmt":"2025-10-03T11:51:10","slug":"divulgacion","status":"publish","type":"page","link":"https:\/\/montsec.ieec.cat\/es\/divulgacion\/","title":{"rendered":"Divulgaci\u00f3n"},"content":{"rendered":"<p>[et_pb_section fb_built=\u00bb1&#8243; _builder_version=\u00bb4.18.1&#8243; _module_preset=\u00bbdefault\u00bb background_image=\u00bbhttps:\/\/montsec.ieec.cat\/wp-content\/uploads\/2022\/11\/slyder-divulgacio-2.webp\u00bb z_index=\u00bb1&#8243; height=\u00bb580px\u00bb custom_margin=\u00bb0px||0px||false|false\u00bb global_colors_info=\u00bb{}\u00bb][\/et_pb_section][et_pb_section fb_built=\u00bb1&#8243; _builder_version=\u00bb4.18.0&#8243; _module_preset=\u00bbdefault\u00bb background_color=\u00bb#160019&#8243; custom_margin=\u00bb-100px||||false|false\u00bb custom_margin_tablet=\u00bb-200px||||false|false\u00bb custom_margin_phone=\u00bb-200px||||false|false\u00bb custom_margin_last_edited=\u00bbon|phone\u00bb custom_padding=\u00bb34px|||||\u00bb global_colors_info=\u00bb{}\u00bb][et_pb_row column_structure=\u00bb1_2,1_2&#8243; _builder_version=\u00bb4.18.0&#8243; _module_preset=\u00bbdefault\u00bb global_colors_info=\u00bb{}\u00bb][et_pb_column type=\u00bb1_2&#8243; _builder_version=\u00bb4.18.0&#8243; _module_preset=\u00bbdefault\u00bb global_colors_info=\u00bb{}\u00bb][et_pb_divider _builder_version=\u00bb4.18.1&#8243; _module_preset=\u00bbdefault\u00bb z_index=\u00bb1&#8243; custom_margin=\u00bb||6px||false|false\u00bb global_colors_info=\u00bb{}\u00bb][\/et_pb_divider][et_pb_text _builder_version=\u00bb4.18.1&#8243; _module_preset=\u00bbdefault\u00bb header_font=\u00bb|800|||||||\u00bb header_text_color=\u00bb#FFFFFF\u00bb header_font_size=\u00bb40px\u00bb header_2_font=\u00bb|800|||||||\u00bb header_2_text_align=\u00bbright\u00bb header_2_text_color=\u00bb#ff733c\u00bb header_2_font_size=\u00bb43px\u00bb custom_margin=\u00bb|10%|||false|false\u00bb custom_margin_tablet=\u00bb0px|0%|0px||false|false\u00bb custom_margin_phone=\u00bb0px|0px|0px||false|false\u00bb custom_margin_last_edited=\u00bbon|tablet\u00bb header_font_size_tablet=\u00bb36px\u00bb header_font_size_phone=\u00bb33px\u00bb header_font_size_last_edited=\u00bbon|desktop\u00bb header_2_text_align_tablet=\u00bbleft\u00bb header_2_text_align_phone=\u00bbleft\u00bb header_2_text_align_last_edited=\u00bbon|phone\u00bb header_2_font_size_tablet=\u00bb40px\u00bb header_2_font_size_phone=\u00bb35px\u00bb header_2_font_size_last_edited=\u00bbon|phone\u00bb text_orientation_tablet=\u00bbleft\u00bb text_orientation_phone=\u00bbleft\u00bb text_orientation_last_edited=\u00bbon|tablet\u00bb module_alignment_tablet=\u00bbleft\u00bb module_alignment_phone=\u00bbleft\u00bb module_alignment_last_edited=\u00bbon|tablet\u00bb global_colors_info=\u00bb{}\u00bb]<\/p>\n<h1>Divulgaci\u00f3n<\/h1>\n<p>[\/et_pb_text][\/et_pb_column][et_pb_column type=\u00bb1_2&#8243; _builder_version=\u00bb4.18.0&#8243; _module_preset=\u00bbdefault\u00bb global_colors_info=\u00bb{}\u00bb][et_pb_text _builder_version=\u00bb4.18.1&#8243; _module_preset=\u00bbdefault\u00bb text_font=\u00bb|600|on||||||\u00bb text_text_color=\u00bb#FFFFFF\u00bb text_font_size=\u00bb27px\u00bb text_line_height=\u00bb1em\u00bb text_font_size_tablet=\u00bb27px\u00bb text_font_size_phone=\u00bb24px\u00bb text_font_size_last_edited=\u00bbon|phone\u00bb global_colors_info=\u00bb{}\u00bb]El Observatori del Montsec es una infraestructura de investigaci\u00f3n destinada al uso cient\u00edfico y al desarrollo tecnol\u00f3gico. Sin embargo, el IEEC abre tambi\u00e9n sus equipamientos a la educaci\u00f3n y formaci\u00f3n en diferentes \u00e1mbitos:[\/et_pb_text][\/et_pb_column][\/et_pb_row][\/et_pb_section][et_pb_section fb_built=\u00bb1&#8243; _builder_version=\u00bb4.18.0&#8243; _module_preset=\u00bbdefault\u00bb custom_padding=\u00bb37px|||||\u00bb global_colors_info=\u00bb{}\u00bb][et_pb_row _builder_version=\u00bb4.18.0&#8243; _module_preset=\u00bbdefault\u00bb custom_margin=\u00bb0px||30px||false|false\u00bb custom_padding=\u00bb0px||0px||false|false\u00bb global_colors_info=\u00bb{}\u00bb][et_pb_column type=\u00bb4_4&#8243; _builder_version=\u00bb4.18.0&#8243; _module_preset=\u00bbdefault\u00bb global_colors_info=\u00bb{}\u00bb][et_pb_text _builder_version=\u00bb4.18.1&#8243; _module_preset=\u00bbdefault\u00bb text_font=\u00bbOswald|||on|||||\u00bb text_text_color=\u00bb#406fda\u00bb text_font_size=\u00bb16px\u00bb text_letter_spacing=\u00bb3px\u00bb custom_margin=\u00bb||8px|||\u00bb locked=\u00bboff\u00bb global_colors_info=\u00bb{}\u00bb]\u00bfqu\u00e9 ofrecemos?[\/et_pb_text][et_pb_text _builder_version=\u00bb4.18.1&#8243; _module_preset=\u00bbdefault\u00bb text_font_size=\u00bb32px\u00bb text_line_height=\u00bb1em\u00bb header_text_color=\u00bb#1a1140&#8243; custom_margin=\u00bb-2px|||||\u00bb text_font_size_tablet=\u00bb32px\u00bb text_font_size_phone=\u00bb26px\u00bb text_font_size_last_edited=\u00bbon|phone\u00bb global_colors_info=\u00bb{}\u00bb]<\/p>\n<p><strong>Educaci\u00f3n<\/strong> y formaci\u00f3n<\/p>\n<p>[\/et_pb_text][et_pb_text _builder_version=\u00bb4.27.2&#8243; _module_preset=\u00bbdefault\u00bb header_text_color=\u00bb#1a1140&#8243; global_colors_info=\u00bb{}\u00bb]<\/p>\n<p><span style=\"color: #406fda;\"><strong>Visitas para estudiantes de secundaria, bachillerato o universitarios<\/strong><\/span> (\u00fanicamente concertadas previamente), pensadas para grupos reducidos de estudiantes que hayan trabajado temas de astronom\u00eda y ciencias del espacio. Los astr\u00f3nomos del observatorio muestran, durante el d\u00eda y en un recorrido de aproximadamente una hora, los diferentes telescopios, as\u00ed como el resto de equipamientos y la ciencia que realizan.<\/p>\n<p>[\/et_pb_text][et_pb_divider color=\u00bb#406fda\u00bb divider_weight=\u00bb1px\u00bb _builder_version=\u00bb4.18.1&#8243; _module_preset=\u00bbdefault\u00bb width=\u00bb5%\u00bb custom_margin=\u00bb0px||10px||false|false\u00bb custom_padding=\u00bb0px||0px||false|false\u00bb global_colors_info=\u00bb{}\u00bb][\/et_pb_divider][et_pb_text _builder_version=\u00bb4.27.4&#8243; _module_preset=\u00bbdefault\u00bb header_text_color=\u00bb#1a1140&#8243; locked=\u00bboff\u00bb global_colors_info=\u00bb{}\u00bb]<\/p>\n<p><strong><span style=\"color: #406fda;\">Asesoramiento en trabajos de investigaci\u00f3n de bachillerato,<\/span><\/strong> <span style=\"font-weight: 400;\">utilizando datos abiertos del <\/span><strong><a href=\"https:\/\/montsec.ieec.cat\/es\/astronomia\/tjo\">Telescopio Joan Or\u00f3<\/a><\/strong><span style=\"font-weight: 400;\"> y con la ayuda de los astr\u00f3nomos del IEEC<\/span>.<\/p>\n<p>[\/et_pb_text][et_pb_divider color=\u00bb#406fda\u00bb divider_weight=\u00bb1px\u00bb _builder_version=\u00bb4.18.1&#8243; _module_preset=\u00bbdefault\u00bb width=\u00bb5%\u00bb custom_margin=\u00bb0px||10px||false|false\u00bb custom_padding=\u00bb0px||0px||false|false\u00bb locked=\u00bboff\u00bb global_colors_info=\u00bb{}\u00bb][\/et_pb_divider][et_pb_text _builder_version=\u00bb4.18.1&#8243; _module_preset=\u00bbdefault\u00bb header_text_color=\u00bb#1a1140&#8243; locked=\u00bboff\u00bb global_colors_info=\u00bb{}\u00bb]<\/p>\n<p><span style=\"color: #406fda;\"><strong>Pr\u00e1cticas universitarias y trabajos de fin de grado o m\u00e1ster,<\/strong><\/span> trabajando con los astr\u00f3nomos del observatorio en el an\u00e1lisis de datos astrof\u00edsicos o colaborando con el desarrollo tecnol\u00f3gico de los telescopios y resto de equipamientos.<\/p>\n<p>[\/et_pb_text][\/et_pb_column][\/et_pb_row][et_pb_row _builder_version=\u00bb4.18.1&#8243; _module_preset=\u00bbdefault\u00bb custom_margin=\u00bb0px||30px||false|false\u00bb custom_padding=\u00bb0px||0px||false|false\u00bb locked=\u00bboff\u00bb global_colors_info=\u00bb{}\u00bb][et_pb_column type=\u00bb4_4&#8243; _builder_version=\u00bb4.18.0&#8243; _module_preset=\u00bbdefault\u00bb global_colors_info=\u00bb{}\u00bb][et_pb_text _builder_version=\u00bb4.18.1&#8243; _module_preset=\u00bbdefault\u00bb text_font=\u00bbOswald|||on|||||\u00bb text_text_color=\u00bb#406fda\u00bb text_font_size=\u00bb16px\u00bb text_letter_spacing=\u00bb3px\u00bb custom_margin=\u00bb||8px|||\u00bb locked=\u00bboff\u00bb global_colors_info=\u00bb{}\u00bb]<\/p>\n<p>Te esperamos<\/p>\n<p>[\/et_pb_text][et_pb_text _builder_version=\u00bb4.18.1&#8243; _module_preset=\u00bbdefault\u00bb text_font_size=\u00bb32px\u00bb text_line_height=\u00bb1em\u00bb header_text_color=\u00bb#1a1140&#8243; custom_margin=\u00bb-2px|||||\u00bb text_font_size_tablet=\u00bb32px\u00bb text_font_size_phone=\u00bb26px\u00bb text_font_size_last_edited=\u00bbon|phone\u00bb global_colors_info=\u00bb{}\u00bb]<\/p>\n<p><strong>Visitas<\/strong> guiadas<\/p>\n<p>[\/et_pb_text][\/et_pb_column][\/et_pb_row][et_pb_row column_structure=\u00bb1_2,1_2&#8243; _builder_version=\u00bb4.18.1&#8243; _module_preset=\u00bbdefault\u00bb custom_margin=\u00bb0px||||false|false\u00bb custom_padding=\u00bb0px||23px||false|false\u00bb global_colors_info=\u00bb{}\u00bb][et_pb_column type=\u00bb1_2&#8243; _builder_version=\u00bb4.18.1&#8243; _module_preset=\u00bbdefault\u00bb global_colors_info=\u00bb{}\u00bb][et_pb_text _builder_version=\u00bb4.27.2&#8243; _module_preset=\u00bbdefault\u00bb text_text_color=\u00bb#1a1140&#8243; custom_margin=\u00bb0px||18px||false|false\u00bb custom_padding=\u00bb0px||||false|false\u00bb global_colors_info=\u00bb{}\u00bb]<\/p>\n<p><span style=\"font-weight: 400;\">Dadas las caracter\u00edsticas y el emplazamiento del Observatori del Montsec, este se encuentra normalmente cerrado al p\u00fablico general. Aun as\u00ed, en ocasi\u00f3n de las jornadas de <b>puertas abiertas de verano<\/b> se organizan visitas guiadas, celebradas habitualmente un domingo de cada mes desde mayo hasta agosto, y tambi\u00e9n se pueden realizar <strong>sesiones concertadas<\/strong> bajo demanda dirigidas a estudiantes o bien <i>amateurs <\/i>o profesionales del \u00e1mbito.<\/span><\/p>\n<p>[\/et_pb_text][et_pb_text _builder_version=\u00bb4.27.4&#8243; _module_preset=\u00bbdefault\u00bb text_text_color=\u00bb#1a1140&#8243; custom_margin=\u00bb0px||||false|false\u00bb custom_padding=\u00bb0px||||false|false\u00bb hover_enabled=\u00bb0&#8243; global_colors_info=\u00bb{}\u00bb sticky_enabled=\u00bb0&#8243;]<\/p>\n<p><strong><span style=\"font-weight: 400;\">En estas visitas, el IEEC ofrece la oportunidad de realizar un recorrido guiado por los diferentes <\/span><a href=\"https:\/\/montsec.ieec.cat\/es\/odm\/equipamientos\/\">equipamientos del observatorio<\/a><span style=\"font-weight: 400;\">, como por ejemplo los diferentes telescopios, los equipos de medidas meteorol\u00f3gicas o de medio ambiente, los sistemas de calibraci\u00f3n de sat\u00e9lites y el Teleport de Sant Esteve. Los astr\u00f3nomos del IEEC explican c\u00f3mo funcionan los instrumentos, qu\u00e9 descubrimientos cient\u00edficos se han realizado recientemente desde el observatorio y c\u00f3mo se lleva a cabo la comunicaci\u00f3n con los sat\u00e9lites.<\/span><br \/><\/strong><\/p>\n<p>[\/et_pb_text][\/et_pb_column][et_pb_column type=\u00bb1_2&#8243; _builder_version=\u00bb4.18.1&#8243; _module_preset=\u00bbdefault\u00bb global_colors_info=\u00bb{}\u00bb][et_pb_image src=\u00bbhttps:\/\/montsec.ieec.cat\/wp-content\/uploads\/2022\/12\/visita01.webp\u00bb alt=\u00bbDivulgaci\u00f3\u00bb title_text=\u00bbvisita01&#8243; align_tablet=\u00bb\u00bb align_phone=\u00bb\u00bb align_last_edited=\u00bbon|desktop\u00bb _builder_version=\u00bb4.18.1&#8243; _module_preset=\u00bbdefault\u00bb width=\u00bb90%\u00bb global_colors_info=\u00bb{}\u00bb][\/et_pb_image][\/et_pb_column][\/et_pb_row][et_pb_row use_custom_gutter=\u00bbon\u00bb gutter_width=\u00bb2&#8243; make_equal=\u00bbon\u00bb _builder_version=\u00bb4.18.1&#8243; _module_preset=\u00bbdefault\u00bb custom_margin=\u00bb0px||0px||false|false\u00bb custom_padding=\u00bb0px||40px||false|false\u00bb global_colors_info=\u00bb{}\u00bb][et_pb_column type=\u00bb4_4&#8243; _builder_version=\u00bb4.18.0&#8243; _module_preset=\u00bbdefault\u00bb custom_padding=\u00bb40px|20px|40px|30px|false|false\u00bb custom_padding_tablet=\u00bb40px|20px|40px|30px|false|false\u00bb custom_padding_phone=\u00bb40px|20px|40px|30px|false|false\u00bb custom_padding_last_edited=\u00bbon|tablet\u00bb border_width_all=\u00bb1px\u00bb border_color_all=\u00bb#406fda\u00bb global_colors_info=\u00bb{}\u00bb][et_pb_text _builder_version=\u00bb4.18.1&#8243; _module_preset=\u00bbdefault\u00bb text_font=\u00bbSource Sans Pro||on||||||\u00bb text_text_color=\u00bb#1a1140&#8243; text_font_size=\u00bb26px\u00bb text_line_height=\u00bb1.2em\u00bb header_2_font=\u00bbSource Sans Pro||||||||\u00bb header_2_text_color=\u00bb#1a1140&#8243; global_colors_info=\u00bb{}\u00bb]<\/p>\n<p style=\"text-align: center;\">Si est\u00e1s interesado en conocer el observatorio desde el \u00e1mbito de la educaci\u00f3n y la docencia, puedes contactar con nosotros a trav\u00e9s del formulario.<\/p>\n<p>[\/et_pb_text][et_pb_button button_url=\u00bbhttps:\/\/montsec.ieec.cat\/es\/contacto\/\u00bb button_text=\u00bbContacto\u00bb button_alignment=\u00bbcenter\u00bb _builder_version=\u00bb4.18.1&#8243; _module_preset=\u00bbdefault\u00bb custom_button=\u00bbon\u00bb button_text_size=\u00bb20px\u00bb button_icon=\u00bb&#x35;||divi||400&#8243; button_on_hover=\u00bboff\u00bb custom_margin=\u00bb30px||10px||false|false\u00bb custom_padding=\u00bb10px|50px|10px|35px|true|false\u00bb button_text_size_tablet=\u00bb\u00bb button_text_size_phone=\u00bb20px\u00bb button_text_size_last_edited=\u00bbon|phone\u00bb global_colors_info=\u00bb{}\u00bb][\/et_pb_button][\/et_pb_column][\/et_pb_row][et_pb_row _builder_version=\u00bb4.18.1&#8243; _module_preset=\u00bbdefault\u00bb global_colors_info=\u00bb{}\u00bb][et_pb_column type=\u00bb4_4&#8243; _builder_version=\u00bb4.18.1&#8243; _module_preset=\u00bbdefault\u00bb global_colors_info=\u00bb{}\u00bb][et_pb_text _builder_version=\u00bb4.18.1&#8243; _module_preset=\u00bbdefault\u00bb global_colors_info=\u00bb{}\u00bb]<\/p>\n<p><span style=\"color: #406fda;\">Visita virtual al <strong>Observatorio del Montsec (OdM &#8211; IEEC)<\/strong><\/span><\/p>\n<p>[\/et_pb_text][\/et_pb_column][\/et_pb_row][et_pb_row _builder_version=\u00bb4.18.1&#8243; _module_preset=\u00bbdefault\u00bb width=\u00bb70%\u00bb custom_margin=\u00bb0px||||false|false\u00bb custom_padding=\u00bb5px||36px||false|false\u00bb global_colors_info=\u00bb{}\u00bb][et_pb_column type=\u00bb4_4&#8243; _builder_version=\u00bb4.18.1&#8243; _module_preset=\u00bbdefault\u00bb global_colors_info=\u00bb{}\u00bb][et_pb_video src=\u00bbhttps:\/\/www.youtube.com\/watch?v=mSMZ_HR-FgM&#038;t=1283s\u00bb _builder_version=\u00bb4.18.1&#8243; _module_preset=\u00bbdefault\u00bb global_colors_info=\u00bb{}\u00bb][\/et_pb_video][\/et_pb_column][\/et_pb_row][\/et_pb_section]<\/p>\n","protected":false},"excerpt":{"rendered":"<p>El IEEC abre tambi\u00e9n sus equipamientos a la educaci\u00f3n y formaci\u00f3n en diferentes \u00e1mbitos.<\/p>\n","protected":false},"author":1,"featured_media":506,"parent":0,"menu_order":0,"comment_status":"closed","ping_status":"closed","template":"","meta":{"_et_pb_use_builder":"on","_et_pb_old_content":"","_et_gb_content_width":"","footnotes":""},"class_list":["post-1494","page","type-page","status-publish","has-post-thumbnail","hentry"],"yoast_head":"<!-- This site is optimized with the Yoast SEO plugin v24.2 - https:\/\/yoast.com\/wordpress\/plugins\/seo\/ -->\n<title>Divulgaci\u00f3n - Observatori del Montsec<\/title>\n<meta name=\"description\" content=\"El IEEC abre tambi\u00e9n sus equipamientos a la educaci\u00f3n y formaci\u00f3n en diferentes \u00e1mbitos.\" \/>\n<meta name=\"robots\" content=\"index, follow, max-snippet:-1, max-image-preview:large, max-video-preview:-1\" \/>\n<link rel=\"canonical\" href=\"https:\/\/montsec.ieec.cat\/es\/divulgacion\/\" \/>\n<meta property=\"og:locale\" content=\"es_ES\" \/>\n<meta property=\"og:type\" content=\"article\" \/>\n<meta property=\"og:title\" content=\"Divulgaci\u00f3n - Observatori del Montsec\" \/>\n<meta property=\"og:description\" content=\"El IEEC abre tambi\u00e9n sus equipamientos a la educaci\u00f3n y formaci\u00f3n en diferentes \u00e1mbitos.\" \/>\n<meta property=\"og:url\" content=\"https:\/\/montsec.ieec.cat\/es\/divulgacion\/\" \/>\n<meta property=\"og:site_name\" content=\"Observatori del Montsec\" \/>\n<meta property=\"article:modified_time\" content=\"2025-10-03T11:51:10+00:00\" \/>\n<meta property=\"og:image\" content=\"https:\/\/montsec.ieec.cat\/wp-content\/uploads\/2022\/09\/logo-pagina.png\" \/>\n\t<meta property=\"og:image:width\" content=\"422\" \/>\n\t<meta property=\"og:image:height\" content=\"212\" \/>\n\t<meta property=\"og:image:type\" content=\"image\/png\" \/>\n<meta name=\"twitter:card\" content=\"summary_large_image\" \/>\n<meta name=\"twitter:label1\" content=\"Tiempo de lectura\" \/>\n\t<meta name=\"twitter:data1\" content=\"4 minutos\" \/>\n<script type=\"application\/ld+json\" class=\"yoast-schema-graph\">{\"@context\":\"https:\/\/schema.org\",\"@graph\":[{\"@type\":\"WebPage\",\"@id\":\"https:\/\/montsec.ieec.cat\/es\/divulgacion\/\",\"url\":\"https:\/\/montsec.ieec.cat\/es\/divulgacion\/\",\"name\":\"Divulgaci\u00f3n - Observatori del Montsec\",\"isPartOf\":{\"@id\":\"https:\/\/montsec.ieec.cat\/es\/#website\"},\"primaryImageOfPage\":{\"@id\":\"https:\/\/montsec.ieec.cat\/es\/divulgacion\/#primaryimage\"},\"image\":{\"@id\":\"https:\/\/montsec.ieec.cat\/es\/divulgacion\/#primaryimage\"},\"thumbnailUrl\":\"https:\/\/montsec.ieec.cat\/wp-content\/uploads\/2022\/09\/logo-pagina.png\",\"datePublished\":\"2022-11-25T11:02:06+00:00\",\"dateModified\":\"2025-10-03T11:51:10+00:00\",\"description\":\"El IEEC abre tambi\u00e9n sus equipamientos a la educaci\u00f3n y formaci\u00f3n en diferentes \u00e1mbitos.\",\"breadcrumb\":{\"@id\":\"https:\/\/montsec.ieec.cat\/es\/divulgacion\/#breadcrumb\"},\"inLanguage\":\"es\",\"potentialAction\":[{\"@type\":\"ReadAction\",\"target\":[\"https:\/\/montsec.ieec.cat\/es\/divulgacion\/\"]}]},{\"@type\":\"ImageObject\",\"inLanguage\":\"es\",\"@id\":\"https:\/\/montsec.ieec.cat\/es\/divulgacion\/#primaryimage\",\"url\":\"https:\/\/montsec.ieec.cat\/wp-content\/uploads\/2022\/09\/logo-pagina.png\",\"contentUrl\":\"https:\/\/montsec.ieec.cat\/wp-content\/uploads\/2022\/09\/logo-pagina.png\",\"width\":422,\"height\":212,\"caption\":\"logotip imatge destacada\"},{\"@type\":\"BreadcrumbList\",\"@id\":\"https:\/\/montsec.ieec.cat\/es\/divulgacion\/#breadcrumb\",\"itemListElement\":[{\"@type\":\"ListItem\",\"position\":1,\"name\":\"Portada\",\"item\":\"https:\/\/montsec.ieec.cat\/es\/\"},{\"@type\":\"ListItem\",\"position\":2,\"name\":\"Divulgaci\u00f3n\"}]},{\"@type\":\"WebSite\",\"@id\":\"https:\/\/montsec.ieec.cat\/es\/#website\",\"url\":\"https:\/\/montsec.ieec.cat\/es\/\",\"name\":\"Observatori del Montsec\",\"description\":\"El telescopi m\u00e9s gran de Catalunya\",\"potentialAction\":[{\"@type\":\"SearchAction\",\"target\":{\"@type\":\"EntryPoint\",\"urlTemplate\":\"https:\/\/montsec.ieec.cat\/es\/?s={search_term_string}\"},\"query-input\":{\"@type\":\"PropertyValueSpecification\",\"valueRequired\":true,\"valueName\":\"search_term_string\"}}],\"inLanguage\":\"es\"}]}<\/script>\n<!-- \/ Yoast SEO plugin. -->","yoast_head_json":{"title":"Divulgaci\u00f3n - Observatori del Montsec","description":"El IEEC abre tambi\u00e9n sus equipamientos a la educaci\u00f3n y formaci\u00f3n en diferentes \u00e1mbitos.","robots":{"index":"index","follow":"follow","max-snippet":"max-snippet:-1","max-image-preview":"max-image-preview:large","max-video-preview":"max-video-preview:-1"},"canonical":"https:\/\/montsec.ieec.cat\/es\/divulgacion\/","og_locale":"es_ES","og_type":"article","og_title":"Divulgaci\u00f3n - Observatori del Montsec","og_description":"El IEEC abre tambi\u00e9n sus equipamientos a la educaci\u00f3n y formaci\u00f3n en diferentes \u00e1mbitos.","og_url":"https:\/\/montsec.ieec.cat\/es\/divulgacion\/","og_site_name":"Observatori del Montsec","article_modified_time":"2025-10-03T11:51:10+00:00","og_image":[{"width":422,"height":212,"url":"https:\/\/montsec.ieec.cat\/wp-content\/uploads\/2022\/09\/logo-pagina.png","type":"image\/png"}],"twitter_card":"summary_large_image","twitter_misc":{"Tiempo de lectura":"4 minutos"},"schema":{"@context":"https:\/\/schema.org","@graph":[{"@type":"WebPage","@id":"https:\/\/montsec.ieec.cat\/es\/divulgacion\/","url":"https:\/\/montsec.ieec.cat\/es\/divulgacion\/","name":"Divulgaci\u00f3n - Observatori del Montsec","isPartOf":{"@id":"https:\/\/montsec.ieec.cat\/es\/#website"},"primaryImageOfPage":{"@id":"https:\/\/montsec.ieec.cat\/es\/divulgacion\/#primaryimage"},"image":{"@id":"https:\/\/montsec.ieec.cat\/es\/divulgacion\/#primaryimage"},"thumbnailUrl":"https:\/\/montsec.ieec.cat\/wp-content\/uploads\/2022\/09\/logo-pagina.png","datePublished":"2022-11-25T11:02:06+00:00","dateModified":"2025-10-03T11:51:10+00:00","description":"El IEEC abre tambi\u00e9n sus equipamientos a la educaci\u00f3n y formaci\u00f3n en diferentes \u00e1mbitos.","breadcrumb":{"@id":"https:\/\/montsec.ieec.cat\/es\/divulgacion\/#breadcrumb"},"inLanguage":"es","potentialAction":[{"@type":"ReadAction","target":["https:\/\/montsec.ieec.cat\/es\/divulgacion\/"]}]},{"@type":"ImageObject","inLanguage":"es","@id":"https:\/\/montsec.ieec.cat\/es\/divulgacion\/#primaryimage","url":"https:\/\/montsec.ieec.cat\/wp-content\/uploads\/2022\/09\/logo-pagina.png","contentUrl":"https:\/\/montsec.ieec.cat\/wp-content\/uploads\/2022\/09\/logo-pagina.png","width":422,"height":212,"caption":"logotip imatge destacada"},{"@type":"BreadcrumbList","@id":"https:\/\/montsec.ieec.cat\/es\/divulgacion\/#breadcrumb","itemListElement":[{"@type":"ListItem","position":1,"name":"Portada","item":"https:\/\/montsec.ieec.cat\/es\/"},{"@type":"ListItem","position":2,"name":"Divulgaci\u00f3n"}]},{"@type":"WebSite","@id":"https:\/\/montsec.ieec.cat\/es\/#website","url":"https:\/\/montsec.ieec.cat\/es\/","name":"Observatori del Montsec","description":"El telescopi m\u00e9s gran de Catalunya","potentialAction":[{"@type":"SearchAction","target":{"@type":"EntryPoint","urlTemplate":"https:\/\/montsec.ieec.cat\/es\/?s={search_term_string}"},"query-input":{"@type":"PropertyValueSpecification","valueRequired":true,"valueName":"search_term_string"}}],"inLanguage":"es"}]}},"_links":{"self":[{"href":"https:\/\/montsec.ieec.cat\/es\/wp-json\/wp\/v2\/pages\/1494","targetHints":{"allow":["GET"]}}],"collection":[{"href":"https:\/\/montsec.ieec.cat\/es\/wp-json\/wp\/v2\/pages"}],"about":[{"href":"https:\/\/montsec.ieec.cat\/es\/wp-json\/wp\/v2\/types\/page"}],"author":[{"embeddable":true,"href":"https:\/\/montsec.ieec.cat\/es\/wp-json\/wp\/v2\/users\/1"}],"replies":[{"embeddable":true,"href":"https:\/\/montsec.ieec.cat\/es\/wp-json\/wp\/v2\/comments?post=1494"}],"version-history":[{"count":14,"href":"https:\/\/montsec.ieec.cat\/es\/wp-json\/wp\/v2\/pages\/1494\/revisions"}],"predecessor-version":[{"id":4147,"href":"https:\/\/montsec.ieec.cat\/es\/wp-json\/wp\/v2\/pages\/1494\/revisions\/4147"}],"wp:featuredmedia":[{"embeddable":true,"href":"https:\/\/montsec.ieec.cat\/es\/wp-json\/wp\/v2\/media\/506"}],"wp:attachment":[{"href":"https:\/\/montsec.ieec.cat\/es\/wp-json\/wp\/v2\/media?parent=1494"}],"curies":[{"name":"wp","href":"https:\/\/api.w.org\/{rel}","templated":true}]}}