{"id":1516,"date":"2022-11-25T12:09:13","date_gmt":"2022-11-25T11:09:13","guid":{"rendered":"https:\/\/montsec.ieec.cat\/explora-el-odm\/camaras-en-direct0\/"},"modified":"2025-10-03T13:53:23","modified_gmt":"2025-10-03T11:53:23","slug":"camaras-directo","status":"publish","type":"page","link":"https:\/\/montsec.ieec.cat\/es\/odm\/camaras-directo\/","title":{"rendered":"C\u00e1maras en directo"},"content":{"rendered":"<p>[et_pb_section fb_built=\u00bb1&#8243; _builder_version=\u00bb4.18.0&#8243; _module_preset=\u00bbdefault\u00bb background_image=\u00bbhttps:\/\/montsec.ieec.cat\/wp-content\/uploads\/2022\/10\/explora-ODM.webp\u00bb z_index=\u00bb1&#8243; height=\u00bb280px\u00bb custom_margin=\u00bb0px||0px||false|false\u00bb global_colors_info=\u00bb{}\u00bb][\/et_pb_section][et_pb_section fb_built=\u00bb1&#8243; _builder_version=\u00bb4.18.0&#8243; _module_preset=\u00bbdefault\u00bb background_color=\u00bb#160019&#8243; custom_padding=\u00bb34px|||||\u00bb global_colors_info=\u00bb{}\u00bb][et_pb_row _builder_version=\u00bb4.18.0&#8243; _module_preset=\u00bbdefault\u00bb custom_padding=\u00bb||0px|||\u00bb global_colors_info=\u00bb{}\u00bb][et_pb_column type=\u00bb4_4&#8243; _builder_version=\u00bb4.18.0&#8243; _module_preset=\u00bbdefault\u00bb global_colors_info=\u00bb{}\u00bb][et_pb_text _builder_version=\u00bb4.27.4&#8243; _module_preset=\u00bbdefault\u00bb link_font=\u00bb||||on||||\u00bb header_font_size=\u00bb16px\u00bb hover_enabled=\u00bb0&#8243; global_colors_info=\u00bb{}\u00bb sticky_enabled=\u00bb0&#8243;]<\/p>\n<h1 style=\"text-align: center;\"><span style=\"color: #ffffff;\"><a href=\"https:\/\/montsec.ieec.cat\/es\/odm\/\">Sobre el OdM<\/a> | <strong>C\u00e1maras en directo<\/strong><\/span><\/h1>\n<p>[\/et_pb_text][et_pb_text _builder_version=\u00bb4.18.1&#8243; _module_preset=\u00bbdefault\u00bb header_2_font=\u00bbSource Sans Pro|700|||||||\u00bb header_2_font_size=\u00bb37px\u00bb custom_margin=\u00bb||0px||false|false\u00bb custom_padding=\u00bb||0px||false|false\u00bb global_colors_info=\u00bb{}\u00bb]<\/p>\n<h2 style=\"text-align: center;\"><span style=\"color: #ffffff;\">C\u00e1maras en directo<\/span><\/h2>\n<p>[\/et_pb_text][\/et_pb_column][\/et_pb_row][et_pb_row column_structure=\u00bb1_3,1_3,1_3&#8243; use_custom_gutter=\u00bbon\u00bb gutter_width=\u00bb2&#8243; _builder_version=\u00bb4.18.1&#8243; _module_preset=\u00bbdefault\u00bb width=\u00bb95%\u00bb max_width=\u00bb100%\u00bb global_colors_info=\u00bb{}\u00bb][et_pb_column type=\u00bb1_3&#8243; _builder_version=\u00bb4.18.1&#8243; _module_preset=\u00bbdefault\u00bb global_colors_info=\u00bb{}\u00bb][et_pb_text _builder_version=\u00bb4.18.1&#8243; _module_preset=\u00bbdefault\u00bb text_font=\u00bb|700|||||||\u00bb text_text_color=\u00bb#ff733c\u00bb text_orientation=\u00bbcenter\u00bb custom_margin=\u00bb||12px|||\u00bb locked=\u00bboff\u00bb global_colors_info=\u00bb{}\u00bb]C\u00e1mara 1[\/et_pb_text][et_pb_code _builder_version=\u00bb4.27.4&#8243; _module_preset=\u00bbdefault\u00bb module_alignment=\u00bbcenter\u00bb locked=\u00bboff\u00bb global_colors_info=\u00bb{}\u00bb]<img decoding=\"async\" style=\"display: block;-webkit-user-select: none;margin: auto;background-color: hsl(0, 0%, 25%);\" src=\"https:\/\/services.montsec.ieec.cat\/cameras\/outdoor1\" width=\"1669\" height=\"938\">[\/et_pb_code][et_pb_button button_url=\u00bbhttps:\/\/services.montsec.ieec.cat\/cameras\/outdoor1&#8243; url_new_window=\u00bbon\u00bb button_text=\u00bbPantalla completa\u00bb button_alignment=\u00bbcenter\u00bb _builder_version=\u00bb4.27.4&#8243; _module_preset=\u00bbdefault\u00bb custom_button=\u00bbon\u00bb button_bg_color=\u00bbRGBA(255,255,255,0)\u00bb button_border_width=\u00bb1px\u00bb button_border_color=\u00bb#ff733c\u00bb button_icon=\u00bb&#x35;||divi||400&#8243; button_on_hover=\u00bboff\u00bb custom_padding=\u00bb9px|47px|9px|32px|true|false\u00bb button_text_size_tablet=\u00bb\u00bb button_text_size_phone=\u00bb20px\u00bb button_text_size_last_edited=\u00bbon|phone\u00bb locked=\u00bboff\u00bb global_colors_info=\u00bb{}\u00bb button_text_color__hover_enabled=\u00bbon|hover\u00bb button_text_color__hover=\u00bb#FFFFFF\u00bb button_bg_color__hover_enabled=\u00bbon|hover\u00bb button_bg_color__hover=\u00bb#ff733c\u00bb button_bg_enable_color__hover=\u00bbon\u00bb button_border_color__hover_enabled=\u00bbon|desktop\u00bb button_border_color__hover=\u00bbRGBA(255,255,255,0)\u00bb][\/et_pb_button][\/et_pb_column][et_pb_column type=\u00bb1_3&#8243; _builder_version=\u00bb4.18.1&#8243; _module_preset=\u00bbdefault\u00bb global_colors_info=\u00bb{}\u00bb][et_pb_text _builder_version=\u00bb4.18.1&#8243; _module_preset=\u00bbdefault\u00bb text_font=\u00bb|700|||||||\u00bb text_text_color=\u00bb#ff733c\u00bb text_orientation=\u00bbcenter\u00bb custom_margin=\u00bb||12px|||\u00bb locked=\u00bboff\u00bb global_colors_info=\u00bb{}\u00bb]C\u00e1mara 2[\/et_pb_text][et_pb_code _builder_version=\u00bb4.27.4&#8243; _module_preset=\u00bbdefault\u00bb module_alignment=\u00bbcenter\u00bb locked=\u00bboff\u00bb global_colors_info=\u00bb{}\u00bb]<img decoding=\"async\" style=\"display: block;-webkit-user-select: none;margin: auto;background-color: hsl(0, 0%, 25%);\" src=\"https:\/\/services.montsec.ieec.cat\/cameras\/outdoor2\" width=\"1669\" height=\"938\">[\/et_pb_code][et_pb_button button_url=\u00bbhttps:\/\/services.montsec.ieec.cat\/cameras\/outdoor2&#8243; url_new_window=\u00bbon\u00bb button_text=\u00bbPantalla completa\u00bb button_alignment=\u00bbcenter\u00bb _builder_version=\u00bb4.27.4&#8243; _module_preset=\u00bbdefault\u00bb custom_button=\u00bbon\u00bb button_bg_color=\u00bbRGBA(255,255,255,0)\u00bb button_border_width=\u00bb1px\u00bb button_border_color=\u00bb#ff733c\u00bb button_icon=\u00bb&#x35;||divi||400&#8243; button_on_hover=\u00bboff\u00bb custom_padding=\u00bb9px|47px|9px|32px|true|false\u00bb button_text_size_tablet=\u00bb\u00bb button_text_size_phone=\u00bb20px\u00bb button_text_size_last_edited=\u00bbon|phone\u00bb locked=\u00bboff\u00bb global_colors_info=\u00bb{}\u00bb button_text_color__hover_enabled=\u00bbon|hover\u00bb button_text_color__hover=\u00bb#FFFFFF\u00bb button_bg_color__hover_enabled=\u00bbon|hover\u00bb button_bg_color__hover=\u00bb#ff733c\u00bb button_bg_enable_color__hover=\u00bbon\u00bb button_border_color__hover_enabled=\u00bbon|desktop\u00bb button_border_color__hover=\u00bbRGBA(255,255,255,0)\u00bb][\/et_pb_button][\/et_pb_column][et_pb_column type=\u00bb1_3&#8243; _builder_version=\u00bb4.18.1&#8243; _module_preset=\u00bbdefault\u00bb global_colors_info=\u00bb{}\u00bb][et_pb_text _builder_version=\u00bb4.18.1&#8243; _module_preset=\u00bbdefault\u00bb text_font=\u00bb|700|||||||\u00bb text_text_color=\u00bb#ff733c\u00bb text_orientation=\u00bbcenter\u00bb custom_margin=\u00bb||12px|||\u00bb locked=\u00bboff\u00bb global_colors_info=\u00bb{}\u00bb]C\u00e1mara 3[\/et_pb_text][et_pb_code _builder_version=\u00bb4.27.4&#8243; _module_preset=\u00bbdefault\u00bb module_alignment=\u00bbcenter\u00bb locked=\u00bboff\u00bb global_colors_info=\u00bb{}\u00bb]<img decoding=\"async\" style=\"display: block;-webkit-user-select: none;margin: auto;background-color: hsl(0, 0%, 25%);\" src=\"https:\/\/services.montsec.ieec.cat\/cameras\/outdoor3\" width=\"1669\" height=\"938\">[\/et_pb_code][et_pb_button button_url=\u00bbhttps:\/\/services.montsec.ieec.cat\/cameras\/outdoor3&#8243; url_new_window=\u00bbon\u00bb button_text=\u00bbPantalla completa\u00bb button_alignment=\u00bbcenter\u00bb _builder_version=\u00bb4.27.4&#8243; _module_preset=\u00bbdefault\u00bb custom_button=\u00bbon\u00bb button_bg_color=\u00bbRGBA(255,255,255,0)\u00bb button_border_width=\u00bb1px\u00bb button_border_color=\u00bb#ff733c\u00bb button_icon=\u00bb&#x35;||divi||400&#8243; button_on_hover=\u00bboff\u00bb custom_padding=\u00bb9px|47px|9px|32px|true|false\u00bb button_text_size_tablet=\u00bb\u00bb button_text_size_phone=\u00bb20px\u00bb button_text_size_last_edited=\u00bbon|phone\u00bb locked=\u00bboff\u00bb global_colors_info=\u00bb{}\u00bb button_text_color__hover_enabled=\u00bbon|hover\u00bb button_text_color__hover=\u00bb#FFFFFF\u00bb button_bg_color__hover_enabled=\u00bbon|hover\u00bb button_bg_color__hover=\u00bb#ff733c\u00bb button_bg_enable_color__hover=\u00bbon\u00bb button_border_color__hover_enabled=\u00bbon|desktop\u00bb button_border_color__hover=\u00bbRGBA(255,255,255,0)\u00bb][\/et_pb_button][\/et_pb_column][\/et_pb_row][\/et_pb_section]<\/p>\n","protected":false},"excerpt":{"rendered":"<p>Sobre el OdM | C\u00e1maras en directoC\u00e1maras en directoC\u00e1mara 1C\u00e1mara 2C\u00e1mara 3<\/p>\n","protected":false},"author":1,"featured_media":506,"parent":1506,"menu_order":2,"comment_status":"closed","ping_status":"closed","template":"","meta":{"_et_pb_use_builder":"on","_et_pb_old_content":"","_et_gb_content_width":"","footnotes":""},"class_list":["post-1516","page","type-page","status-publish","has-post-thumbnail","hentry"],"yoast_head":"<!-- This site is optimized with the Yoast SEO plugin v24.2 - https:\/\/yoast.com\/wordpress\/plugins\/seo\/ -->\n<title>C\u00e1maras en directo - Observatori del Montsec<\/title>\n<meta name=\"description\" content=\"Comprueba con tus propios ojos el estado del cielo y de las instalaciones del Observatori del Montsec.\" \/>\n<meta name=\"robots\" content=\"index, follow, max-snippet:-1, max-image-preview:large, max-video-preview:-1\" \/>\n<link rel=\"canonical\" href=\"https:\/\/montsec.ieec.cat\/es\/odm\/camaras-directo\/\" \/>\n<meta property=\"og:locale\" content=\"es_ES\" \/>\n<meta property=\"og:type\" content=\"article\" \/>\n<meta property=\"og:title\" content=\"C\u00e1maras en directo - Observatori del Montsec\" \/>\n<meta property=\"og:description\" content=\"Comprueba con tus propios ojos el estado del cielo y de las instalaciones del Observatori del Montsec.\" \/>\n<meta property=\"og:url\" content=\"https:\/\/montsec.ieec.cat\/es\/odm\/camaras-directo\/\" \/>\n<meta property=\"og:site_name\" content=\"Observatori del Montsec\" \/>\n<meta property=\"article:modified_time\" content=\"2025-10-03T11:53:23+00:00\" \/>\n<meta property=\"og:image\" content=\"https:\/\/montsec.ieec.cat\/wp-content\/uploads\/2022\/09\/logo-pagina.png\" \/>\n\t<meta property=\"og:image:width\" content=\"422\" \/>\n\t<meta property=\"og:image:height\" content=\"212\" \/>\n\t<meta property=\"og:image:type\" content=\"image\/png\" \/>\n<meta name=\"twitter:card\" content=\"summary_large_image\" \/>\n<meta name=\"twitter:label1\" content=\"Tiempo de lectura\" \/>\n\t<meta name=\"twitter:data1\" content=\"2 minutos\" \/>\n<script type=\"application\/ld+json\" class=\"yoast-schema-graph\">{\"@context\":\"https:\/\/schema.org\",\"@graph\":[{\"@type\":\"WebPage\",\"@id\":\"https:\/\/montsec.ieec.cat\/es\/odm\/camaras-directo\/\",\"url\":\"https:\/\/montsec.ieec.cat\/es\/odm\/camaras-directo\/\",\"name\":\"C\u00e1maras en directo - Observatori del Montsec\",\"isPartOf\":{\"@id\":\"https:\/\/montsec.ieec.cat\/es\/#website\"},\"primaryImageOfPage\":{\"@id\":\"https:\/\/montsec.ieec.cat\/es\/odm\/camaras-directo\/#primaryimage\"},\"image\":{\"@id\":\"https:\/\/montsec.ieec.cat\/es\/odm\/camaras-directo\/#primaryimage\"},\"thumbnailUrl\":\"https:\/\/montsec.ieec.cat\/wp-content\/uploads\/2022\/09\/logo-pagina.png\",\"datePublished\":\"2022-11-25T11:09:13+00:00\",\"dateModified\":\"2025-10-03T11:53:23+00:00\",\"description\":\"Comprueba con tus propios ojos el estado del cielo y de las instalaciones del Observatori del Montsec.\",\"breadcrumb\":{\"@id\":\"https:\/\/montsec.ieec.cat\/es\/odm\/camaras-directo\/#breadcrumb\"},\"inLanguage\":\"es\",\"potentialAction\":[{\"@type\":\"ReadAction\",\"target\":[\"https:\/\/montsec.ieec.cat\/es\/odm\/camaras-directo\/\"]}]},{\"@type\":\"ImageObject\",\"inLanguage\":\"es\",\"@id\":\"https:\/\/montsec.ieec.cat\/es\/odm\/camaras-directo\/#primaryimage\",\"url\":\"https:\/\/montsec.ieec.cat\/wp-content\/uploads\/2022\/09\/logo-pagina.png\",\"contentUrl\":\"https:\/\/montsec.ieec.cat\/wp-content\/uploads\/2022\/09\/logo-pagina.png\",\"width\":422,\"height\":212,\"caption\":\"logotip imatge destacada\"},{\"@type\":\"BreadcrumbList\",\"@id\":\"https:\/\/montsec.ieec.cat\/es\/odm\/camaras-directo\/#breadcrumb\",\"itemListElement\":[{\"@type\":\"ListItem\",\"position\":1,\"name\":\"Portada\",\"item\":\"https:\/\/montsec.ieec.cat\/es\/\"},{\"@type\":\"ListItem\",\"position\":2,\"name\":\"Sobre el OdM\",\"item\":\"https:\/\/montsec.ieec.cat\/es\/odm\/\"},{\"@type\":\"ListItem\",\"position\":3,\"name\":\"C\u00e1maras en directo\"}]},{\"@type\":\"WebSite\",\"@id\":\"https:\/\/montsec.ieec.cat\/es\/#website\",\"url\":\"https:\/\/montsec.ieec.cat\/es\/\",\"name\":\"Observatori del Montsec\",\"description\":\"El telescopi m\u00e9s gran de Catalunya\",\"potentialAction\":[{\"@type\":\"SearchAction\",\"target\":{\"@type\":\"EntryPoint\",\"urlTemplate\":\"https:\/\/montsec.ieec.cat\/es\/?s={search_term_string}\"},\"query-input\":{\"@type\":\"PropertyValueSpecification\",\"valueRequired\":true,\"valueName\":\"search_term_string\"}}],\"inLanguage\":\"es\"}]}<\/script>\n<!-- \/ Yoast SEO plugin. -->","yoast_head_json":{"title":"C\u00e1maras en directo - Observatori del Montsec","description":"Comprueba con tus propios ojos el estado del cielo y de las instalaciones del Observatori del Montsec.","robots":{"index":"index","follow":"follow","max-snippet":"max-snippet:-1","max-image-preview":"max-image-preview:large","max-video-preview":"max-video-preview:-1"},"canonical":"https:\/\/montsec.ieec.cat\/es\/odm\/camaras-directo\/","og_locale":"es_ES","og_type":"article","og_title":"C\u00e1maras en directo - Observatori del Montsec","og_description":"Comprueba con tus propios ojos el estado del cielo y de las instalaciones del Observatori del Montsec.","og_url":"https:\/\/montsec.ieec.cat\/es\/odm\/camaras-directo\/","og_site_name":"Observatori del Montsec","article_modified_time":"2025-10-03T11:53:23+00:00","og_image":[{"width":422,"height":212,"url":"https:\/\/montsec.ieec.cat\/wp-content\/uploads\/2022\/09\/logo-pagina.png","type":"image\/png"}],"twitter_card":"summary_large_image","twitter_misc":{"Tiempo de lectura":"2 minutos"},"schema":{"@context":"https:\/\/schema.org","@graph":[{"@type":"WebPage","@id":"https:\/\/montsec.ieec.cat\/es\/odm\/camaras-directo\/","url":"https:\/\/montsec.ieec.cat\/es\/odm\/camaras-directo\/","name":"C\u00e1maras en directo - Observatori del Montsec","isPartOf":{"@id":"https:\/\/montsec.ieec.cat\/es\/#website"},"primaryImageOfPage":{"@id":"https:\/\/montsec.ieec.cat\/es\/odm\/camaras-directo\/#primaryimage"},"image":{"@id":"https:\/\/montsec.ieec.cat\/es\/odm\/camaras-directo\/#primaryimage"},"thumbnailUrl":"https:\/\/montsec.ieec.cat\/wp-content\/uploads\/2022\/09\/logo-pagina.png","datePublished":"2022-11-25T11:09:13+00:00","dateModified":"2025-10-03T11:53:23+00:00","description":"Comprueba con tus propios ojos el estado del cielo y de las instalaciones del Observatori del Montsec.","breadcrumb":{"@id":"https:\/\/montsec.ieec.cat\/es\/odm\/camaras-directo\/#breadcrumb"},"inLanguage":"es","potentialAction":[{"@type":"ReadAction","target":["https:\/\/montsec.ieec.cat\/es\/odm\/camaras-directo\/"]}]},{"@type":"ImageObject","inLanguage":"es","@id":"https:\/\/montsec.ieec.cat\/es\/odm\/camaras-directo\/#primaryimage","url":"https:\/\/montsec.ieec.cat\/wp-content\/uploads\/2022\/09\/logo-pagina.png","contentUrl":"https:\/\/montsec.ieec.cat\/wp-content\/uploads\/2022\/09\/logo-pagina.png","width":422,"height":212,"caption":"logotip imatge destacada"},{"@type":"BreadcrumbList","@id":"https:\/\/montsec.ieec.cat\/es\/odm\/camaras-directo\/#breadcrumb","itemListElement":[{"@type":"ListItem","position":1,"name":"Portada","item":"https:\/\/montsec.ieec.cat\/es\/"},{"@type":"ListItem","position":2,"name":"Sobre el OdM","item":"https:\/\/montsec.ieec.cat\/es\/odm\/"},{"@type":"ListItem","position":3,"name":"C\u00e1maras en directo"}]},{"@type":"WebSite","@id":"https:\/\/montsec.ieec.cat\/es\/#website","url":"https:\/\/montsec.ieec.cat\/es\/","name":"Observatori del Montsec","description":"El telescopi m\u00e9s gran de Catalunya","potentialAction":[{"@type":"SearchAction","target":{"@type":"EntryPoint","urlTemplate":"https:\/\/montsec.ieec.cat\/es\/?s={search_term_string}"},"query-input":{"@type":"PropertyValueSpecification","valueRequired":true,"valueName":"search_term_string"}}],"inLanguage":"es"}]}},"_links":{"self":[{"href":"https:\/\/montsec.ieec.cat\/es\/wp-json\/wp\/v2\/pages\/1516","targetHints":{"allow":["GET"]}}],"collection":[{"href":"https:\/\/montsec.ieec.cat\/es\/wp-json\/wp\/v2\/pages"}],"about":[{"href":"https:\/\/montsec.ieec.cat\/es\/wp-json\/wp\/v2\/types\/page"}],"author":[{"embeddable":true,"href":"https:\/\/montsec.ieec.cat\/es\/wp-json\/wp\/v2\/users\/1"}],"replies":[{"embeddable":true,"href":"https:\/\/montsec.ieec.cat\/es\/wp-json\/wp\/v2\/comments?post=1516"}],"version-history":[{"count":9,"href":"https:\/\/montsec.ieec.cat\/es\/wp-json\/wp\/v2\/pages\/1516\/revisions"}],"predecessor-version":[{"id":4149,"href":"https:\/\/montsec.ieec.cat\/es\/wp-json\/wp\/v2\/pages\/1516\/revisions\/4149"}],"up":[{"embeddable":true,"href":"https:\/\/montsec.ieec.cat\/es\/wp-json\/wp\/v2\/pages\/1506"}],"wp:featuredmedia":[{"embeddable":true,"href":"https:\/\/montsec.ieec.cat\/es\/wp-json\/wp\/v2\/media\/506"}],"wp:attachment":[{"href":"https:\/\/montsec.ieec.cat\/es\/wp-json\/wp\/v2\/media?parent=1516"}],"curies":[{"name":"wp","href":"https:\/\/api.w.org\/{rel}","templated":true}]}}