{"id":1524,"date":"2022-11-25T12:11:21","date_gmt":"2022-11-25T11:11:21","guid":{"rendered":"https:\/\/montsec.ieec.cat\/explora-el-odm\/galeria-de-imagenes\/"},"modified":"2025-10-03T13:55:00","modified_gmt":"2025-10-03T11:55:00","slug":"galeria-de-imagenes","status":"publish","type":"page","link":"https:\/\/montsec.ieec.cat\/es\/odm\/galeria-de-imagenes\/","title":{"rendered":"Galer\u00eda de im\u00e1genes"},"content":{"rendered":"<p>[et_pb_section fb_built=\u00bb1&#8243; _builder_version=\u00bb4.18.0&#8243; _module_preset=\u00bbdefault\u00bb background_image=\u00bbhttps:\/\/montsec.ieec.cat\/wp-content\/uploads\/2022\/10\/explora-ODM.webp\u00bb z_index=\u00bb1&#8243; height=\u00bb280px\u00bb custom_margin=\u00bb0px||0px||false|false\u00bb global_colors_info=\u00bb{}\u00bb][\/et_pb_section][et_pb_section fb_built=\u00bb1&#8243; _builder_version=\u00bb4.18.0&#8243; _module_preset=\u00bbdefault\u00bb background_color=\u00bb#160019&#8243; custom_padding=\u00bb25px||27px|||\u00bb global_colors_info=\u00bb{}\u00bb][et_pb_row _builder_version=\u00bb4.18.0&#8243; _module_preset=\u00bbdefault\u00bb global_colors_info=\u00bb{}\u00bb][et_pb_column type=\u00bb4_4&#8243; _builder_version=\u00bb4.18.0&#8243; _module_preset=\u00bbdefault\u00bb global_colors_info=\u00bb{}\u00bb][et_pb_text _builder_version=\u00bb4.27.4&#8243; _module_preset=\u00bbdefault\u00bb link_font=\u00bb||||on||||\u00bb header_font_size=\u00bb16px\u00bb hover_enabled=\u00bb0&#8243; global_colors_info=\u00bb{}\u00bb sticky_enabled=\u00bb0&#8243;]<\/p>\n<h1 style=\"text-align: center;\"><span style=\"color: #ffffff;\"><a href=\"https:\/\/montsec.ieec.cat\/es\/odm\/\">Sobre el OdM<\/a> | <strong>Galer\u00eda de im\u00e1genes<\/strong><\/span><\/h1>\n<p>[\/et_pb_text][et_pb_text _builder_version=\u00bb4.18.1&#8243; _module_preset=\u00bbdefault\u00bb header_font=\u00bb|700|||||||\u00bb header_text_align=\u00bbcenter\u00bb header_text_color=\u00bb#FFFFFF\u00bb header_font_size=\u00bb37px\u00bb header_2_font=\u00bbSource Sans Pro|700|||||||\u00bb header_2_font_size=\u00bb37px\u00bb header_2_font_size_tablet=\u00bb37px\u00bb header_2_font_size_phone=\u00bb37px\u00bb header_2_font_size_last_edited=\u00bbon|phone\u00bb global_colors_info=\u00bb{}\u00bb]<\/p>\n<h1>Galer\u00eda de im\u00e1genes<\/h1>\n<p>[\/et_pb_text][\/et_pb_column][\/et_pb_row][\/et_pb_section][et_pb_section fb_built=\u00bb1&#8243; custom_padding_last_edited=\u00bbon|phone\u00bb _builder_version=\u00bb4.18.1&#8243; _module_preset=\u00bbdefault\u00bb custom_padding=\u00bb37px||23px|||\u00bb custom_padding_tablet=\u00bb37px|||||\u00bb custom_padding_phone=\u00bb||0px||false|false\u00bb global_colors_info=\u00bb{}\u00bb][et_pb_row _builder_version=\u00bb4.18.0&#8243; _module_preset=\u00bbdefault\u00bb custom_margin=\u00bb0px||30px||false|false\u00bb custom_padding=\u00bb0px||0px||false|false\u00bb global_colors_info=\u00bb{}\u00bb][et_pb_column type=\u00bb4_4&#8243; _builder_version=\u00bb4.18.0&#8243; _module_preset=\u00bbdefault\u00bb global_colors_info=\u00bb{}\u00bb][et_pb_text _builder_version=\u00bb4.18.1&#8243; _module_preset=\u00bbdefault\u00bb text_font_size=\u00bb32px\u00bb text_line_height=\u00bb1em\u00bb custom_margin=\u00bb-2px|||||\u00bb text_font_size_tablet=\u00bb32px\u00bb text_font_size_phone=\u00bb26px\u00bb text_font_size_last_edited=\u00bbon|phone\u00bb global_colors_info=\u00bb{}\u00bb]<\/p>\n<p><span style=\"color: #1a1140;\"><strong>Astron\u00f3micas<\/strong><\/span><\/p>\n<p>[\/et_pb_text][et_pb_gallery gallery_ids=\u00bb2473,2520,2514,2508,2502,2496,2493,2490,2487,2481&#8243; show_title_and_caption=\u00bboff\u00bb zoom_icon_color=\u00bb#FFFFFF\u00bb hover_overlay_color=\u00bbrgba(22,0,25,0.75)\u00bb _builder_version=\u00bb4.18.1&#8243; _module_preset=\u00bbdefault\u00bb title_font=\u00bb|||on|||||\u00bb title_text_align=\u00bbcenter\u00bb title_text_color=\u00bb#406fda\u00bb title_font_size=\u00bb15px\u00bb caption_text_align=\u00bbcenter\u00bb locked=\u00bboff\u00bb global_colors_info=\u00bb{}\u00bb][\/et_pb_gallery][\/et_pb_column][\/et_pb_row][et_pb_row _builder_version=\u00bb4.18.0&#8243; _module_preset=\u00bbdefault\u00bb custom_margin=\u00bb0px||30px||false|false\u00bb custom_padding=\u00bb0px||0px||false|false\u00bb global_colors_info=\u00bb{}\u00bb][et_pb_column type=\u00bb4_4&#8243; _builder_version=\u00bb4.18.0&#8243; _module_preset=\u00bbdefault\u00bb global_colors_info=\u00bb{}\u00bb][et_pb_text _builder_version=\u00bb4.18.1&#8243; _module_preset=\u00bbdefault\u00bb text_font_size=\u00bb32px\u00bb text_line_height=\u00bb1em\u00bb custom_margin=\u00bb-2px|||||\u00bb text_font_size_tablet=\u00bb32px\u00bb text_font_size_phone=\u00bb26px\u00bb text_font_size_last_edited=\u00bbon|phone\u00bb global_colors_info=\u00bb{}\u00bb]<\/p>\n<p><span style=\"color: #1a1140;\"><strong>Instalaciones<\/strong><\/span><\/p>\n<p>[\/et_pb_text][et_pb_gallery gallery_ids=\u00bb2550,2547,2544,2541,2538,2535,2532,2529,2526&#8243; show_title_and_caption=\u00bboff\u00bb zoom_icon_color=\u00bb#FFFFFF\u00bb hover_overlay_color=\u00bbrgba(22,0,25,0.75)\u00bb _builder_version=\u00bb4.18.1&#8243; _module_preset=\u00bbdefault\u00bb title_font=\u00bb|||on|||||\u00bb title_text_align=\u00bbcenter\u00bb title_text_color=\u00bb#406fda\u00bb title_font_size=\u00bb15px\u00bb global_colors_info=\u00bb{}\u00bb][\/et_pb_gallery][\/et_pb_column][\/et_pb_row][\/et_pb_section]<\/p>\n","protected":false},"excerpt":{"rendered":"<p>Sobre el OdM | Galer\u00eda de im\u00e1genesGaler\u00eda de im\u00e1genesAstron\u00f3micasInstalaciones<\/p>\n","protected":false},"author":1,"featured_media":506,"parent":1506,"menu_order":4,"comment_status":"closed","ping_status":"closed","template":"","meta":{"_et_pb_use_builder":"on","_et_pb_old_content":"<!-- wp:divi\/placeholder \/-->","_et_gb_content_width":"","footnotes":""},"class_list":["post-1524","page","type-page","status-publish","has-post-thumbnail","hentry"],"yoast_head":"<!-- This site is optimized with the Yoast SEO plugin v24.2 - https:\/\/yoast.com\/wordpress\/plugins\/seo\/ -->\n<title>Galer\u00eda de im\u00e1genes - Observatori del Montsec<\/title>\n<meta name=\"description\" content=\"Echa un vistazo a las impresionantes im\u00e1genes astr\u00f3nomicas y a las de las instalaciones del OdM.\" \/>\n<meta name=\"robots\" content=\"index, follow, max-snippet:-1, max-image-preview:large, max-video-preview:-1\" \/>\n<link rel=\"canonical\" href=\"https:\/\/montsec.ieec.cat\/es\/odm\/galeria-de-imagenes\/\" \/>\n<meta property=\"og:locale\" content=\"es_ES\" \/>\n<meta property=\"og:type\" content=\"article\" \/>\n<meta property=\"og:title\" content=\"Galer\u00eda de im\u00e1genes - Observatori del Montsec\" \/>\n<meta property=\"og:description\" content=\"Echa un vistazo a las impresionantes im\u00e1genes astr\u00f3nomicas y a las de las instalaciones del OdM.\" \/>\n<meta property=\"og:url\" content=\"https:\/\/montsec.ieec.cat\/es\/odm\/galeria-de-imagenes\/\" \/>\n<meta property=\"og:site_name\" content=\"Observatori del Montsec\" \/>\n<meta property=\"article:modified_time\" content=\"2025-10-03T11:55:00+00:00\" \/>\n<meta property=\"og:image\" content=\"https:\/\/montsec.ieec.cat\/wp-content\/uploads\/2022\/09\/logo-pagina.png\" \/>\n\t<meta property=\"og:image:width\" content=\"422\" \/>\n\t<meta property=\"og:image:height\" content=\"212\" \/>\n\t<meta property=\"og:image:type\" content=\"image\/png\" \/>\n<meta name=\"twitter:card\" content=\"summary_large_image\" \/>\n<meta name=\"twitter:label1\" content=\"Tiempo de lectura\" \/>\n\t<meta name=\"twitter:data1\" content=\"1 minuto\" \/>\n<script type=\"application\/ld+json\" class=\"yoast-schema-graph\">{\"@context\":\"https:\/\/schema.org\",\"@graph\":[{\"@type\":\"WebPage\",\"@id\":\"https:\/\/montsec.ieec.cat\/es\/odm\/galeria-de-imagenes\/\",\"url\":\"https:\/\/montsec.ieec.cat\/es\/odm\/galeria-de-imagenes\/\",\"name\":\"Galer\u00eda de im\u00e1genes - Observatori del Montsec\",\"isPartOf\":{\"@id\":\"https:\/\/montsec.ieec.cat\/es\/#website\"},\"primaryImageOfPage\":{\"@id\":\"https:\/\/montsec.ieec.cat\/es\/odm\/galeria-de-imagenes\/#primaryimage\"},\"image\":{\"@id\":\"https:\/\/montsec.ieec.cat\/es\/odm\/galeria-de-imagenes\/#primaryimage\"},\"thumbnailUrl\":\"https:\/\/montsec.ieec.cat\/wp-content\/uploads\/2022\/09\/logo-pagina.png\",\"datePublished\":\"2022-11-25T11:11:21+00:00\",\"dateModified\":\"2025-10-03T11:55:00+00:00\",\"description\":\"Echa un vistazo a las impresionantes im\u00e1genes astr\u00f3nomicas y a las de las instalaciones del OdM.\",\"breadcrumb\":{\"@id\":\"https:\/\/montsec.ieec.cat\/es\/odm\/galeria-de-imagenes\/#breadcrumb\"},\"inLanguage\":\"es\",\"potentialAction\":[{\"@type\":\"ReadAction\",\"target\":[\"https:\/\/montsec.ieec.cat\/es\/odm\/galeria-de-imagenes\/\"]}]},{\"@type\":\"ImageObject\",\"inLanguage\":\"es\",\"@id\":\"https:\/\/montsec.ieec.cat\/es\/odm\/galeria-de-imagenes\/#primaryimage\",\"url\":\"https:\/\/montsec.ieec.cat\/wp-content\/uploads\/2022\/09\/logo-pagina.png\",\"contentUrl\":\"https:\/\/montsec.ieec.cat\/wp-content\/uploads\/2022\/09\/logo-pagina.png\",\"width\":422,\"height\":212,\"caption\":\"logotip imatge destacada\"},{\"@type\":\"BreadcrumbList\",\"@id\":\"https:\/\/montsec.ieec.cat\/es\/odm\/galeria-de-imagenes\/#breadcrumb\",\"itemListElement\":[{\"@type\":\"ListItem\",\"position\":1,\"name\":\"Portada\",\"item\":\"https:\/\/montsec.ieec.cat\/es\/\"},{\"@type\":\"ListItem\",\"position\":2,\"name\":\"Sobre el OdM\",\"item\":\"https:\/\/montsec.ieec.cat\/es\/odm\/\"},{\"@type\":\"ListItem\",\"position\":3,\"name\":\"Galer\u00eda de im\u00e1genes\"}]},{\"@type\":\"WebSite\",\"@id\":\"https:\/\/montsec.ieec.cat\/es\/#website\",\"url\":\"https:\/\/montsec.ieec.cat\/es\/\",\"name\":\"Observatori del Montsec\",\"description\":\"El telescopi m\u00e9s gran de Catalunya\",\"potentialAction\":[{\"@type\":\"SearchAction\",\"target\":{\"@type\":\"EntryPoint\",\"urlTemplate\":\"https:\/\/montsec.ieec.cat\/es\/?s={search_term_string}\"},\"query-input\":{\"@type\":\"PropertyValueSpecification\",\"valueRequired\":true,\"valueName\":\"search_term_string\"}}],\"inLanguage\":\"es\"}]}<\/script>\n<!-- \/ Yoast SEO plugin. -->","yoast_head_json":{"title":"Galer\u00eda de im\u00e1genes - Observatori del Montsec","description":"Echa un vistazo a las impresionantes im\u00e1genes astr\u00f3nomicas y a las de las instalaciones del OdM.","robots":{"index":"index","follow":"follow","max-snippet":"max-snippet:-1","max-image-preview":"max-image-preview:large","max-video-preview":"max-video-preview:-1"},"canonical":"https:\/\/montsec.ieec.cat\/es\/odm\/galeria-de-imagenes\/","og_locale":"es_ES","og_type":"article","og_title":"Galer\u00eda de im\u00e1genes - Observatori del Montsec","og_description":"Echa un vistazo a las impresionantes im\u00e1genes astr\u00f3nomicas y a las de las instalaciones del OdM.","og_url":"https:\/\/montsec.ieec.cat\/es\/odm\/galeria-de-imagenes\/","og_site_name":"Observatori del Montsec","article_modified_time":"2025-10-03T11:55:00+00:00","og_image":[{"width":422,"height":212,"url":"https:\/\/montsec.ieec.cat\/wp-content\/uploads\/2022\/09\/logo-pagina.png","type":"image\/png"}],"twitter_card":"summary_large_image","twitter_misc":{"Tiempo de lectura":"1 minuto"},"schema":{"@context":"https:\/\/schema.org","@graph":[{"@type":"WebPage","@id":"https:\/\/montsec.ieec.cat\/es\/odm\/galeria-de-imagenes\/","url":"https:\/\/montsec.ieec.cat\/es\/odm\/galeria-de-imagenes\/","name":"Galer\u00eda de im\u00e1genes - Observatori del Montsec","isPartOf":{"@id":"https:\/\/montsec.ieec.cat\/es\/#website"},"primaryImageOfPage":{"@id":"https:\/\/montsec.ieec.cat\/es\/odm\/galeria-de-imagenes\/#primaryimage"},"image":{"@id":"https:\/\/montsec.ieec.cat\/es\/odm\/galeria-de-imagenes\/#primaryimage"},"thumbnailUrl":"https:\/\/montsec.ieec.cat\/wp-content\/uploads\/2022\/09\/logo-pagina.png","datePublished":"2022-11-25T11:11:21+00:00","dateModified":"2025-10-03T11:55:00+00:00","description":"Echa un vistazo a las impresionantes im\u00e1genes astr\u00f3nomicas y a las de las instalaciones del OdM.","breadcrumb":{"@id":"https:\/\/montsec.ieec.cat\/es\/odm\/galeria-de-imagenes\/#breadcrumb"},"inLanguage":"es","potentialAction":[{"@type":"ReadAction","target":["https:\/\/montsec.ieec.cat\/es\/odm\/galeria-de-imagenes\/"]}]},{"@type":"ImageObject","inLanguage":"es","@id":"https:\/\/montsec.ieec.cat\/es\/odm\/galeria-de-imagenes\/#primaryimage","url":"https:\/\/montsec.ieec.cat\/wp-content\/uploads\/2022\/09\/logo-pagina.png","contentUrl":"https:\/\/montsec.ieec.cat\/wp-content\/uploads\/2022\/09\/logo-pagina.png","width":422,"height":212,"caption":"logotip imatge destacada"},{"@type":"BreadcrumbList","@id":"https:\/\/montsec.ieec.cat\/es\/odm\/galeria-de-imagenes\/#breadcrumb","itemListElement":[{"@type":"ListItem","position":1,"name":"Portada","item":"https:\/\/montsec.ieec.cat\/es\/"},{"@type":"ListItem","position":2,"name":"Sobre el OdM","item":"https:\/\/montsec.ieec.cat\/es\/odm\/"},{"@type":"ListItem","position":3,"name":"Galer\u00eda de im\u00e1genes"}]},{"@type":"WebSite","@id":"https:\/\/montsec.ieec.cat\/es\/#website","url":"https:\/\/montsec.ieec.cat\/es\/","name":"Observatori del Montsec","description":"El telescopi m\u00e9s gran de Catalunya","potentialAction":[{"@type":"SearchAction","target":{"@type":"EntryPoint","urlTemplate":"https:\/\/montsec.ieec.cat\/es\/?s={search_term_string}"},"query-input":{"@type":"PropertyValueSpecification","valueRequired":true,"valueName":"search_term_string"}}],"inLanguage":"es"}]}},"_links":{"self":[{"href":"https:\/\/montsec.ieec.cat\/es\/wp-json\/wp\/v2\/pages\/1524","targetHints":{"allow":["GET"]}}],"collection":[{"href":"https:\/\/montsec.ieec.cat\/es\/wp-json\/wp\/v2\/pages"}],"about":[{"href":"https:\/\/montsec.ieec.cat\/es\/wp-json\/wp\/v2\/types\/page"}],"author":[{"embeddable":true,"href":"https:\/\/montsec.ieec.cat\/es\/wp-json\/wp\/v2\/users\/1"}],"replies":[{"embeddable":true,"href":"https:\/\/montsec.ieec.cat\/es\/wp-json\/wp\/v2\/comments?post=1524"}],"version-history":[{"count":15,"href":"https:\/\/montsec.ieec.cat\/es\/wp-json\/wp\/v2\/pages\/1524\/revisions"}],"predecessor-version":[{"id":4151,"href":"https:\/\/montsec.ieec.cat\/es\/wp-json\/wp\/v2\/pages\/1524\/revisions\/4151"}],"up":[{"embeddable":true,"href":"https:\/\/montsec.ieec.cat\/es\/wp-json\/wp\/v2\/pages\/1506"}],"wp:featuredmedia":[{"embeddable":true,"href":"https:\/\/montsec.ieec.cat\/es\/wp-json\/wp\/v2\/media\/506"}],"wp:attachment":[{"href":"https:\/\/montsec.ieec.cat\/es\/wp-json\/wp\/v2\/media?parent=1524"}],"curies":[{"name":"wp","href":"https:\/\/api.w.org\/{rel}","templated":true}]}}