{"id":1532,"date":"2022-11-25T12:14:45","date_gmt":"2022-11-25T11:14:45","guid":{"rendered":"https:\/\/montsec.ieec.cat\/para-observadores\/"},"modified":"2025-03-04T17:40:09","modified_gmt":"2025-03-04T16:40:09","slug":"para-observadores","status":"publish","type":"page","link":"https:\/\/montsec.ieec.cat\/es\/para-observadores\/","title":{"rendered":"Para observadores"},"content":{"rendered":"<p>[et_pb_section fb_built=\u00bb1&#8243; _builder_version=\u00bb4.18.1&#8243; _module_preset=\u00bbdefault\u00bb background_image=\u00bbhttps:\/\/montsec.ieec.cat\/wp-content\/uploads\/2022\/12\/slider-observadors.webp\u00bb z_index=\u00bb1&#8243; height=\u00bb580px\u00bb custom_margin=\u00bb0px||0px||false|false\u00bb custom_padding=\u00bb||12px|||\u00bb global_colors_info=\u00bb{}\u00bb][\/et_pb_section][et_pb_section fb_built=\u00bb1&#8243; _builder_version=\u00bb4.18.1&#8243; _module_preset=\u00bbdefault\u00bb background_color=\u00bb#160019&#8243; custom_margin=\u00bb||||false|false\u00bb custom_margin_tablet=\u00bb-150px||||false|false\u00bb custom_margin_phone=\u00bb-200px||||false|false\u00bb custom_margin_last_edited=\u00bbon|tablet\u00bb custom_padding=\u00bb34px|||||\u00bb global_colors_info=\u00bb{}\u00bb][et_pb_row column_structure=\u00bb1_2,1_2&#8243; _builder_version=\u00bb4.18.0&#8243; _module_preset=\u00bbdefault\u00bb global_colors_info=\u00bb{}\u00bb][et_pb_column type=\u00bb1_2&#8243; _builder_version=\u00bb4.18.0&#8243; _module_preset=\u00bbdefault\u00bb global_colors_info=\u00bb{}\u00bb][et_pb_divider _builder_version=\u00bb4.18.1&#8243; _module_preset=\u00bbdefault\u00bb z_index=\u00bb1&#8243; custom_margin=\u00bb||6px||false|false\u00bb global_colors_info=\u00bb{}\u00bb][\/et_pb_divider][et_pb_text _builder_version=\u00bb4.18.1&#8243; _module_preset=\u00bbdefault\u00bb header_font=\u00bb|800|||||||\u00bb header_text_color=\u00bb#FFFFFF\u00bb header_font_size=\u00bb40px\u00bb header_2_font=\u00bb|800|||||||\u00bb header_2_text_align=\u00bbright\u00bb header_2_text_color=\u00bb#ff733c\u00bb header_2_font_size=\u00bb43px\u00bb custom_margin=\u00bb|10%|||false|false\u00bb custom_margin_tablet=\u00bb0px|0%|0px||false|false\u00bb custom_margin_phone=\u00bb0px|0px|0px||false|false\u00bb custom_margin_last_edited=\u00bbon|tablet\u00bb header_font_size_tablet=\u00bb36px\u00bb header_font_size_phone=\u00bb33px\u00bb header_font_size_last_edited=\u00bbon|desktop\u00bb header_2_text_align_tablet=\u00bbleft\u00bb header_2_text_align_phone=\u00bbleft\u00bb header_2_text_align_last_edited=\u00bbon|phone\u00bb header_2_font_size_tablet=\u00bb40px\u00bb header_2_font_size_phone=\u00bb35px\u00bb header_2_font_size_last_edited=\u00bbon|phone\u00bb text_orientation_tablet=\u00bbleft\u00bb text_orientation_phone=\u00bbleft\u00bb text_orientation_last_edited=\u00bbon|tablet\u00bb module_alignment_tablet=\u00bbleft\u00bb module_alignment_phone=\u00bbleft\u00bb module_alignment_last_edited=\u00bbon|tablet\u00bb global_colors_info=\u00bb{}\u00bb]<\/p>\n<h1>Para observadores<\/h1>\n<p>[\/et_pb_text][\/et_pb_column][et_pb_column type=\u00bb1_2&#8243; _builder_version=\u00bb4.18.0&#8243; _module_preset=\u00bbdefault\u00bb global_colors_info=\u00bb{}\u00bb][et_pb_text _builder_version=\u00bb4.18.1&#8243; _module_preset=\u00bbdefault\u00bb text_font=\u00bb|600|on||||||\u00bb text_text_color=\u00bb#FFFFFF\u00bb text_font_size=\u00bb27px\u00bb text_line_height=\u00bb1em\u00bb text_font_size_tablet=\u00bb27px\u00bb text_font_size_phone=\u00bb24px\u00bb text_font_size_last_edited=\u00bbon|phone\u00bb global_colors_info=\u00bb{}\u00bb]<\/p>\n<p>El portal MUR (Management for Users in ROCS) est\u00e1 destinado a profesionales que quieran enviar y gestionar propuestas cient\u00edficas para observar con el Telescopio Joan Or\u00f3 (TJO) y el Telescopio Fabra-ROA Montsec (TFRM).<\/p>\n<p>[\/et_pb_text][et_pb_button button_url=\u00bbhttps:\/\/mur.ieec.cat\/en\/\u00bb url_new_window=\u00bbon\u00bb button_text=\u00bbAcceso al Portal MUR\u00bb _builder_version=\u00bb4.18.1&#8243; _module_preset=\u00bbdefault\u00bb custom_button=\u00bbon\u00bb button_bg_color=\u00bb#ff733c\u00bb button_border_width=\u00bb1px\u00bb button_border_color=\u00bb#ff733c\u00bb button_icon=\u00bb&#x35;||divi||400&#8243; button_on_hover=\u00bboff\u00bb custom_padding=\u00bb9px|47px|9px|32px|true|false\u00bb button_text_size_tablet=\u00bb\u00bb button_text_size_phone=\u00bb20px\u00bb button_text_size_last_edited=\u00bbon|phone\u00bb locked=\u00bboff\u00bb global_colors_info=\u00bb{}\u00bb button_text_color__hover_enabled=\u00bbon|hover\u00bb button_text_color__hover=\u00bb#FFFFFF\u00bb button_bg_color__hover_enabled=\u00bbon|hover\u00bb button_bg_color__hover=\u00bbrgba(255,255,255,0.31)\u00bb button_bg_enable_color__hover=\u00bbon\u00bb button_border_color__hover_enabled=\u00bbon|hover\u00bb button_border_color__hover=\u00bbRGBA(255,255,255,0)\u00bb][\/et_pb_button][et_pb_text _builder_version=\u00bb4.18.1&#8243; _module_preset=\u00bbdefault\u00bb text_text_color=\u00bb#FFFFFF\u00bb locked=\u00bboff\u00bb global_colors_info=\u00bb{}\u00bb]<\/p>\n<p>El Telescopio Joan Or\u00f3 (TJO) es un telescopio de 80 cm de di\u00e1metro con una c\u00e1mara de imagen (LAIA) con filtros Johnson, de 15 arcmin x 15 arcmin y resoluci\u00f3n de 0.36 arcsec\/pix, y un espectr\u00f3grafo (ARES) de resoluci\u00f3n R=12000.<\/p>\n<p>[\/et_pb_text][et_pb_button button_url=\u00bbhttps:\/\/montsec.ieec.cat\/es\/telescopio-joan-oro\/\u00bb button_text=\u00bbTelescopio Joan Or\u00f3\u00bb _builder_version=\u00bb4.18.1&#8243; _module_preset=\u00bbdefault\u00bb custom_button=\u00bbon\u00bb button_bg_color=\u00bbRGBA(255,255,255,0)\u00bb button_border_width=\u00bb1px\u00bb button_border_color=\u00bb#ff733c\u00bb button_icon=\u00bb&#x35;||divi||400&#8243; button_on_hover=\u00bboff\u00bb custom_padding=\u00bb9px|47px|9px|32px|true|false\u00bb button_text_size_tablet=\u00bb\u00bb button_text_size_phone=\u00bb20px\u00bb button_text_size_last_edited=\u00bbon|phone\u00bb locked=\u00bboff\u00bb global_colors_info=\u00bb{}\u00bb button_text_color__hover_enabled=\u00bbon|hover\u00bb button_text_color__hover=\u00bb#FFFFFF\u00bb button_bg_color__hover_enabled=\u00bbon|hover\u00bb button_bg_color__hover=\u00bbrgba(255,255,255,0.31)\u00bb button_bg_enable_color__hover=\u00bbon\u00bb button_border_color__hover_enabled=\u00bbon|hover\u00bb button_border_color__hover=\u00bbRGBA(255,255,255,0)\u00bb][\/et_pb_button][et_pb_text _builder_version=\u00bb4.18.1&#8243; _module_preset=\u00bbdefault\u00bb text_text_color=\u00bb#FFFFFF\u00bb locked=\u00bboff\u00bb global_colors_info=\u00bb{}\u00bb]<\/p>\n<p>El Telescopio Fabra-ROA Montsec (TFRM) opera con una c\u00e1mara de imagen de 4.4\u00ba x 4.4\u00ba, una resoluci\u00f3n de 3.9 arcsec\/pix y un filtro de banda pasante a partir de 475 nan\u00f3metros.<\/p>\n<p>[\/et_pb_text][et_pb_button button_url=\u00bbhttps:\/\/observatorifabra.cat\/astronomia\/telescopio-fabra-roa-en-el-montsec-tfrm\/?lang=es\u00bb url_new_window=\u00bbon\u00bb button_text=\u00bbTelescopio Fabra-ROA Montsec\u00bb _builder_version=\u00bb4.27.4&#8243; _module_preset=\u00bbdefault\u00bb custom_button=\u00bbon\u00bb button_bg_color=\u00bbRGBA(255,255,255,0)\u00bb button_border_width=\u00bb1px\u00bb button_border_color=\u00bb#ff733c\u00bb button_icon=\u00bb&#x35;||divi||400&#8243; button_on_hover=\u00bboff\u00bb custom_padding=\u00bb9px|47px|9px|32px|true|false\u00bb hover_enabled=\u00bb0&#8243; button_text_size_tablet=\u00bb\u00bb button_text_size_phone=\u00bb20px\u00bb button_text_size_last_edited=\u00bbon|phone\u00bb locked=\u00bboff\u00bb global_colors_info=\u00bb{}\u00bb button_text_color__hover_enabled=\u00bbon|hover\u00bb button_text_color__hover=\u00bb#FFFFFF\u00bb button_bg_color__hover_enabled=\u00bbon|hover\u00bb button_bg_color__hover=\u00bbrgba(255,255,255,0.31)\u00bb button_bg_enable_color__hover=\u00bbon\u00bb button_border_color__hover_enabled=\u00bbon|hover\u00bb button_border_color__hover=\u00bbRGBA(255,255,255,0)\u00bb sticky_enabled=\u00bb0&#8243;][\/et_pb_button][\/et_pb_column][\/et_pb_row][\/et_pb_section][et_pb_section fb_built=\u00bb1&#8243; fullwidth=\u00bbon\u00bb _builder_version=\u00bb4.18.1&#8243; _module_preset=\u00bbdefault\u00bb global_colors_info=\u00bb{}\u00bb][et_pb_fullwidth_code _builder_version=\u00bb4.18.1&#8243; _module_preset=\u00bbdefault\u00bb background_color=\u00bb#160019&#8243; global_colors_info=\u00bb{}\u00bb]<div class=\"observers-table\">\n\t<div class=\"tabs-container\">\n\t\t<div class=\"et_pb_row\">\n\t\t\t<ul class=\"tabs\">\n\t\t\t\t<li class=\"tab active\" data-activates=\"#proposals\">Propuestas<\/li>\n\t\t\t\t<li class=\"tab\" data-activates=\"#observations\">\u00daltimas observaciones<\/li>\n\t\t\t<\/ul>\n\t\t<\/div>\n\t<\/div>\n\t<div class=\"tab-content-wrapper\">\n\t\t<div class=\"et_pb_row\">\n\t\t\t<div id=\"proposals\" class=\"tab-content active\">\n\t\t\t\t<p><label class=\"orange-label\">ID:<\/label> Identificador de la propuesta<\/p>\n\t\t\t\t<p><label class=\"orange-label\">IP:<\/label> Investigador principal<\/p>\n\t\t\t\t<table class=\"table proposals\">\n\t\t\t\t\t<thead>\n\t\t\t\t\t\t<tr>\n\t\t\t\t\t\t\t<th><label class=\"orange-label\">ID<\/label><\/th>\n\t\t\t\t\t\t\t<th><label class=\"orange-label\">IP<\/label><\/th>\n\t\t\t\t\t\t\t<th><label class=\"orange-label\">T\u00edtulo<\/label><\/th>\n\t\t\t\t\t\t\t<th><label class=\"orange-label\">Tiempo (horas)<\/label><\/th>\n\t\t\t\t\t\t\t<th><label class=\"orange-label\">Telescopio<\/label><\/th>\n\t\t\t\t\t\t<\/tr>\n\t\t\t\t\t<\/thead>\n\t\t\t\t\t<tbody>\n\t\t\t\t\t<\/tbody>\n\t\t\t\t<\/table>\n\t\t\t<\/div>\n\t\t\t<div id=\"observations\" class=\"tab-content\">\n\t\t\t\t<p><label class=\"green-label\">Verde:<\/label> condiciones meteorol\u00f3gicas favorables<\/p>\n\t\t\t\t<p><label class=\"red-label\">Rojo:<\/label> condiciones meteorol\u00f3gicas adversas<\/p>\n\t\t\t\t<table class=\"table observations\">\n\t\t\t\t\t<thead>\n\t\t\t\t\t\t<tr>\n\t\t\t\t\t\t\t<th><label class=\"orange-label\">D\u00eda<\/label><\/th>\n\t\t\t\t\t\t\t<th><label class=\"orange-label\">ID Propuestas observadas<\/label><\/th>\n\t\t\t\t\t\t<\/tr>\n\t\t\t\t\t<\/thead>\n\t\t\t\t\t<tbody>\n\t\t\t\t\t<\/tbody>\n\t\t\t\t<\/table>\n\t\t\t<\/div>\n\t\t<\/div>\n\t<\/div>\n<\/div>[\/et_pb_fullwidth_code][\/et_pb_section]<\/p>\n","protected":false},"excerpt":{"rendered":"<p>Bienvenido al portal MUR (Management for Users in ROCS), destinado a profesionales que quieran enviar y gestionar propuestas cient\u00edficas para observar con el Telescopio Joan Or\u00f3 (TJO) y el Telescopio Fabra-ROA Montsec (TFRM).<\/p>\n","protected":false},"author":1,"featured_media":506,"parent":0,"menu_order":0,"comment_status":"closed","ping_status":"closed","template":"","meta":{"_et_pb_use_builder":"on","_et_pb_old_content":"","_et_gb_content_width":"","footnotes":""},"class_list":["post-1532","page","type-page","status-publish","has-post-thumbnail","hentry"],"yoast_head":"<!-- This site is optimized with the Yoast SEO plugin v27.4 - https:\/\/yoast.com\/product\/yoast-seo-wordpress\/ -->\n<title>Para observadores - Observatori del Montsec<\/title>\n<meta name=\"description\" content=\"El portal MUR (Management for Users in ROCS) est\u00e1 destinado a profesionales que quieran observar con el Telescopio Joan Or\u00f3 y\/o el Fabra-ROA Montsec.\" \/>\n<meta name=\"robots\" content=\"index, follow, max-snippet:-1, max-image-preview:large, max-video-preview:-1\" \/>\n<link rel=\"canonical\" href=\"https:\/\/montsec.ieec.cat\/es\/para-observadores\/\" \/>\n<meta property=\"og:locale\" content=\"es_ES\" \/>\n<meta property=\"og:type\" content=\"article\" \/>\n<meta property=\"og:title\" content=\"Para observadores - Observatori del Montsec\" \/>\n<meta property=\"og:description\" content=\"El portal MUR (Management for Users in ROCS) est\u00e1 destinado a profesionales que quieran observar con el Telescopio Joan Or\u00f3 y\/o el Fabra-ROA Montsec.\" \/>\n<meta property=\"og:url\" content=\"https:\/\/montsec.ieec.cat\/es\/para-observadores\/\" \/>\n<meta property=\"og:site_name\" content=\"Observatori del Montsec\" \/>\n<meta property=\"article:modified_time\" content=\"2025-03-04T16:40:09+00:00\" \/>\n<meta property=\"og:image\" content=\"https:\/\/montsec.ieec.cat\/wp-content\/uploads\/2022\/09\/logo-pagina.png\" \/>\n\t<meta property=\"og:image:width\" content=\"422\" \/>\n\t<meta property=\"og:image:height\" content=\"212\" \/>\n\t<meta property=\"og:image:type\" content=\"image\/png\" \/>\n<meta name=\"twitter:card\" content=\"summary_large_image\" \/>\n<meta name=\"twitter:image\" content=\"https:\/\/montsec.ieec.cat\/wp-content\/uploads\/2022\/09\/logo-pagina.png\" \/>\n<meta name=\"twitter:label1\" content=\"Tiempo de lectura\" \/>\n\t<meta name=\"twitter:data1\" content=\"2 minutos\" \/>\n<script type=\"application\/ld+json\" class=\"yoast-schema-graph\">{\"@context\":\"https:\\\/\\\/schema.org\",\"@graph\":[{\"@type\":\"WebPage\",\"@id\":\"https:\\\/\\\/montsec.ieec.cat\\\/es\\\/para-observadores\\\/\",\"url\":\"https:\\\/\\\/montsec.ieec.cat\\\/es\\\/para-observadores\\\/\",\"name\":\"Para observadores - Observatori del Montsec\",\"isPartOf\":{\"@id\":\"https:\\\/\\\/montsec.ieec.cat\\\/es\\\/#website\"},\"primaryImageOfPage\":{\"@id\":\"https:\\\/\\\/montsec.ieec.cat\\\/es\\\/para-observadores\\\/#primaryimage\"},\"image\":{\"@id\":\"https:\\\/\\\/montsec.ieec.cat\\\/es\\\/para-observadores\\\/#primaryimage\"},\"thumbnailUrl\":\"https:\\\/\\\/montsec.ieec.cat\\\/wp-content\\\/uploads\\\/2022\\\/09\\\/logo-pagina.png\",\"datePublished\":\"2022-11-25T11:14:45+00:00\",\"dateModified\":\"2025-03-04T16:40:09+00:00\",\"description\":\"El portal MUR (Management for Users in ROCS) est\u00e1 destinado a profesionales que quieran observar con el Telescopio Joan Or\u00f3 y\\\/o el Fabra-ROA Montsec.\",\"breadcrumb\":{\"@id\":\"https:\\\/\\\/montsec.ieec.cat\\\/es\\\/para-observadores\\\/#breadcrumb\"},\"inLanguage\":\"es\",\"potentialAction\":[{\"@type\":\"ReadAction\",\"target\":[\"https:\\\/\\\/montsec.ieec.cat\\\/es\\\/para-observadores\\\/\"]}]},{\"@type\":\"ImageObject\",\"inLanguage\":\"es\",\"@id\":\"https:\\\/\\\/montsec.ieec.cat\\\/es\\\/para-observadores\\\/#primaryimage\",\"url\":\"https:\\\/\\\/montsec.ieec.cat\\\/wp-content\\\/uploads\\\/2022\\\/09\\\/logo-pagina.png\",\"contentUrl\":\"https:\\\/\\\/montsec.ieec.cat\\\/wp-content\\\/uploads\\\/2022\\\/09\\\/logo-pagina.png\",\"width\":422,\"height\":212,\"caption\":\"logotip imatge destacada\"},{\"@type\":\"BreadcrumbList\",\"@id\":\"https:\\\/\\\/montsec.ieec.cat\\\/es\\\/para-observadores\\\/#breadcrumb\",\"itemListElement\":[{\"@type\":\"ListItem\",\"position\":1,\"name\":\"Portada\",\"item\":\"https:\\\/\\\/montsec.ieec.cat\\\/es\\\/\"},{\"@type\":\"ListItem\",\"position\":2,\"name\":\"Para observadores\"}]},{\"@type\":\"WebSite\",\"@id\":\"https:\\\/\\\/montsec.ieec.cat\\\/es\\\/#website\",\"url\":\"https:\\\/\\\/montsec.ieec.cat\\\/es\\\/\",\"name\":\"Observatori del Montsec\",\"description\":\"El telescopi m\u00e9s gran de Catalunya\",\"potentialAction\":[{\"@type\":\"SearchAction\",\"target\":{\"@type\":\"EntryPoint\",\"urlTemplate\":\"https:\\\/\\\/montsec.ieec.cat\\\/es\\\/?s={search_term_string}\"},\"query-input\":{\"@type\":\"PropertyValueSpecification\",\"valueRequired\":true,\"valueName\":\"search_term_string\"}}],\"inLanguage\":\"es\"}]}<\/script>\n<!-- \/ Yoast SEO plugin. -->","yoast_head_json":{"title":"Para observadores - Observatori del Montsec","description":"El portal MUR (Management for Users in ROCS) est\u00e1 destinado a profesionales que quieran observar con el Telescopio Joan Or\u00f3 y\/o el Fabra-ROA Montsec.","robots":{"index":"index","follow":"follow","max-snippet":"max-snippet:-1","max-image-preview":"max-image-preview:large","max-video-preview":"max-video-preview:-1"},"canonical":"https:\/\/montsec.ieec.cat\/es\/para-observadores\/","og_locale":"es_ES","og_type":"article","og_title":"Para observadores - Observatori del Montsec","og_description":"El portal MUR (Management for Users in ROCS) est\u00e1 destinado a profesionales que quieran observar con el Telescopio Joan Or\u00f3 y\/o el Fabra-ROA Montsec.","og_url":"https:\/\/montsec.ieec.cat\/es\/para-observadores\/","og_site_name":"Observatori del Montsec","article_modified_time":"2025-03-04T16:40:09+00:00","og_image":[{"width":422,"height":212,"url":"https:\/\/montsec.ieec.cat\/wp-content\/uploads\/2022\/09\/logo-pagina.png","type":"image\/png"}],"twitter_card":"summary_large_image","twitter_image":"https:\/\/montsec.ieec.cat\/wp-content\/uploads\/2022\/09\/logo-pagina.png","twitter_misc":{"Tiempo de lectura":"2 minutos"},"schema":{"@context":"https:\/\/schema.org","@graph":[{"@type":"WebPage","@id":"https:\/\/montsec.ieec.cat\/es\/para-observadores\/","url":"https:\/\/montsec.ieec.cat\/es\/para-observadores\/","name":"Para observadores - Observatori del Montsec","isPartOf":{"@id":"https:\/\/montsec.ieec.cat\/es\/#website"},"primaryImageOfPage":{"@id":"https:\/\/montsec.ieec.cat\/es\/para-observadores\/#primaryimage"},"image":{"@id":"https:\/\/montsec.ieec.cat\/es\/para-observadores\/#primaryimage"},"thumbnailUrl":"https:\/\/montsec.ieec.cat\/wp-content\/uploads\/2022\/09\/logo-pagina.png","datePublished":"2022-11-25T11:14:45+00:00","dateModified":"2025-03-04T16:40:09+00:00","description":"El portal MUR (Management for Users in ROCS) est\u00e1 destinado a profesionales que quieran observar con el Telescopio Joan Or\u00f3 y\/o el Fabra-ROA Montsec.","breadcrumb":{"@id":"https:\/\/montsec.ieec.cat\/es\/para-observadores\/#breadcrumb"},"inLanguage":"es","potentialAction":[{"@type":"ReadAction","target":["https:\/\/montsec.ieec.cat\/es\/para-observadores\/"]}]},{"@type":"ImageObject","inLanguage":"es","@id":"https:\/\/montsec.ieec.cat\/es\/para-observadores\/#primaryimage","url":"https:\/\/montsec.ieec.cat\/wp-content\/uploads\/2022\/09\/logo-pagina.png","contentUrl":"https:\/\/montsec.ieec.cat\/wp-content\/uploads\/2022\/09\/logo-pagina.png","width":422,"height":212,"caption":"logotip imatge destacada"},{"@type":"BreadcrumbList","@id":"https:\/\/montsec.ieec.cat\/es\/para-observadores\/#breadcrumb","itemListElement":[{"@type":"ListItem","position":1,"name":"Portada","item":"https:\/\/montsec.ieec.cat\/es\/"},{"@type":"ListItem","position":2,"name":"Para observadores"}]},{"@type":"WebSite","@id":"https:\/\/montsec.ieec.cat\/es\/#website","url":"https:\/\/montsec.ieec.cat\/es\/","name":"Observatori del Montsec","description":"El telescopi m\u00e9s gran de Catalunya","potentialAction":[{"@type":"SearchAction","target":{"@type":"EntryPoint","urlTemplate":"https:\/\/montsec.ieec.cat\/es\/?s={search_term_string}"},"query-input":{"@type":"PropertyValueSpecification","valueRequired":true,"valueName":"search_term_string"}}],"inLanguage":"es"}]}},"_links":{"self":[{"href":"https:\/\/montsec.ieec.cat\/es\/wp-json\/wp\/v2\/pages\/1532","targetHints":{"allow":["GET"]}}],"collection":[{"href":"https:\/\/montsec.ieec.cat\/es\/wp-json\/wp\/v2\/pages"}],"about":[{"href":"https:\/\/montsec.ieec.cat\/es\/wp-json\/wp\/v2\/types\/page"}],"author":[{"embeddable":true,"href":"https:\/\/montsec.ieec.cat\/es\/wp-json\/wp\/v2\/users\/1"}],"replies":[{"embeddable":true,"href":"https:\/\/montsec.ieec.cat\/es\/wp-json\/wp\/v2\/comments?post=1532"}],"version-history":[{"count":14,"href":"https:\/\/montsec.ieec.cat\/es\/wp-json\/wp\/v2\/pages\/1532\/revisions"}],"predecessor-version":[{"id":3565,"href":"https:\/\/montsec.ieec.cat\/es\/wp-json\/wp\/v2\/pages\/1532\/revisions\/3565"}],"wp:featuredmedia":[{"embeddable":true,"href":"https:\/\/montsec.ieec.cat\/es\/wp-json\/wp\/v2\/media\/506"}],"wp:attachment":[{"href":"https:\/\/montsec.ieec.cat\/es\/wp-json\/wp\/v2\/media?parent=1532"}],"curies":[{"name":"wp","href":"https:\/\/api.w.org\/{rel}","templated":true}]}}