{"id":3904,"date":"2025-09-18T12:45:13","date_gmt":"2025-09-18T10:45:13","guid":{"rendered":"https:\/\/montsec.ieec.cat\/?page_id=3904"},"modified":"2025-10-07T12:58:03","modified_gmt":"2025-10-07T10:58:03","slug":"astronomia","status":"publish","type":"page","link":"https:\/\/montsec.ieec.cat\/es\/astronomia\/","title":{"rendered":"Astronom\u00eda"},"content":{"rendered":"<p>[et_pb_section fb_built=\u00bb1&#8243; _builder_version=\u00bb4.18.0&#8243; _module_preset=\u00bbdefault\u00bb background_image=\u00bbhttps:\/\/montsec.ieec.cat\/wp-content\/uploads\/2022\/10\/slider-TJO-1-scaled.webp\u00bb z_index=\u00bb1&#8243; height=\u00bb580px\u00bb custom_margin=\u00bb0px||0px||false|false\u00bb global_colors_info=\u00bb{}\u00bb][\/et_pb_section][et_pb_section fb_built=\u00bb1&#8243; _builder_version=\u00bb4.18.0&#8243; _module_preset=\u00bbdefault\u00bb background_color=\u00bb#160019&#8243; custom_padding=\u00bb34px|||||\u00bb global_colors_info=\u00bb{}\u00bb][et_pb_row column_structure=\u00bb1_2,1_2&#8243; _builder_version=\u00bb4.18.0&#8243; _module_preset=\u00bbdefault\u00bb global_colors_info=\u00bb{}\u00bb][et_pb_column type=\u00bb1_2&#8243; _builder_version=\u00bb4.18.0&#8243; _module_preset=\u00bbdefault\u00bb global_colors_info=\u00bb{}\u00bb][et_pb_divider _builder_version=\u00bb4.18.1&#8243; _module_preset=\u00bbdefault\u00bb z_index=\u00bb1&#8243; custom_margin=\u00bb||6px||false|false\u00bb locked=\u00bboff\u00bb global_colors_info=\u00bb{}\u00bb][\/et_pb_divider][et_pb_text _builder_version=\u00bb4.27.4&#8243; _module_preset=\u00bbdefault\u00bb header_font=\u00bb|800|||||||\u00bb header_text_color=\u00bb#FFFFFF\u00bb header_font_size=\u00bb40px\u00bb header_2_font=\u00bb|800|||||||\u00bb header_2_text_align=\u00bbright\u00bb header_2_text_color=\u00bb#ff733c\u00bb header_2_font_size=\u00bb43px\u00bb custom_margin=\u00bb|10%|||false|false\u00bb custom_margin_tablet=\u00bb0px|0%|0px||false|false\u00bb custom_margin_phone=\u00bb0px|0px|0px||false|false\u00bb custom_margin_last_edited=\u00bbon|tablet\u00bb header_font_size_tablet=\u00bb36px\u00bb header_font_size_phone=\u00bb33px\u00bb header_font_size_last_edited=\u00bbon|desktop\u00bb header_2_text_align_tablet=\u00bbleft\u00bb header_2_text_align_phone=\u00bbleft\u00bb header_2_text_align_last_edited=\u00bbon|phone\u00bb header_2_font_size_tablet=\u00bb40px\u00bb header_2_font_size_phone=\u00bb35px\u00bb header_2_font_size_last_edited=\u00bbon|phone\u00bb text_orientation_tablet=\u00bbleft\u00bb text_orientation_phone=\u00bbleft\u00bb text_orientation_last_edited=\u00bbon|tablet\u00bb module_alignment_tablet=\u00bbleft\u00bb module_alignment_phone=\u00bbleft\u00bb module_alignment_last_edited=\u00bbon|tablet\u00bb locked=\u00bboff\u00bb global_colors_info=\u00bb{}\u00bb]<\/p>\n<h1>Astronom\u00eda<\/h1>\n<p>[\/et_pb_text][\/et_pb_column][et_pb_column type=\u00bb1_2&#8243; _builder_version=\u00bb4.18.0&#8243; _module_preset=\u00bbdefault\u00bb global_colors_info=\u00bb{}\u00bb][et_pb_text _builder_version=\u00bb4.27.4&#8243; _module_preset=\u00bbdefault\u00bb text_font=\u00bb|600|on||||||\u00bb text_text_color=\u00bb#FFFFFF\u00bb text_font_size=\u00bb27px\u00bb text_line_height=\u00bb1em\u00bb text_font_size_tablet=\u00bb27px\u00bb text_font_size_phone=\u00bb24px\u00bb text_font_size_last_edited=\u00bbon|phone\u00bb global_colors_info=\u00bb{}\u00bb]<\/p>\n<p>Un poco de historia<\/p>\n<p>[\/et_pb_text][et_pb_text _builder_version=\u00bb4.27.4&#8243; _module_preset=\u00bbdefault\u00bb text_text_color=\u00bb#FFFFFF\u00bb global_colors_info=\u00bb{}\u00bb]<\/p>\n<p><span style=\"font-weight: 400;\">El proyecto de emplazar un observatorio astron\u00f3mico en la sierra del Montsec surgi\u00f3 a principios de los a\u00f1os noventa, con el bioqu\u00edmico ilerdense <\/span><b>Joan Or\u00f3<\/b><span style=\"font-weight: 400;\"> y la fundaci\u00f3n que lleva su nombre como principales ide\u00f3logos. Por este motivo, una vez que el equipamiento principal del OdM comenz\u00f3 a funcionar en octubre de 2008, el primer telescopio que se instal\u00f3 all\u00ed recibi\u00f3 el nombre de Joan Or\u00f3. Este telescopio est\u00e1 en pleno funcionamiento desde el a\u00f1o 2010 y se ha desarrollado y mejorado hasta convertirse en <\/span><b>uno de los telescopios rob\u00f3ticos de clase 1 metro m\u00e1s avanzados tecnol\u00f3gicamente a nivel mundial<\/b><span style=\"font-weight: 400;\">.<\/span><\/p>\n<p><span style=\"font-weight: 400;\">Actualmente, el Observatori del Montsec se ha convertido en una infraestructura de investigaci\u00f3n clave en el ecosistema catal\u00e1n e internacional. Muchas personas han contribuido a este proyecto y muchas m\u00e1s lo mantienen vivo utilizando sus instalaciones y trabajando para mejorarlo.<\/span><\/p>\n<p>[\/et_pb_text][\/et_pb_column][\/et_pb_row][\/et_pb_section][et_pb_section fb_built=\u00bb1&#8243; _builder_version=\u00bb4.18.0&#8243; _module_preset=\u00bbdefault\u00bb custom_padding=\u00bb37px|||||\u00bb global_colors_info=\u00bb{}\u00bb][et_pb_row column_structure=\u00bb1_3,1_3,1_3&#8243; use_custom_gutter=\u00bbon\u00bb gutter_width=\u00bb2&#8243; make_equal=\u00bbon\u00bb module_class=\u00bbbuttons-aligned-bottom\u00bb _builder_version=\u00bb4.18.1&#8243; _module_preset=\u00bbdefault\u00bb custom_margin=\u00bb||||false|false\u00bb custom_padding=\u00bb0px||30px||false|false\u00bb global_colors_info=\u00bb{}\u00bb][et_pb_column type=\u00bb1_3&#8243; _builder_version=\u00bb4.18.0&#8243; _module_preset=\u00bbdefault\u00bb custom_padding=\u00bb40px|20px|40px|30px|false|false\u00bb custom_padding_tablet=\u00bb40px|20px|40px|30px|false|false\u00bb custom_padding_phone=\u00bb40px|20px|40px|30px|false|false\u00bb custom_padding_last_edited=\u00bbon|tablet\u00bb border_width_all=\u00bb1px\u00bb border_color_all=\u00bb#406fda\u00bb global_colors_info=\u00bb{}\u00bb][et_pb_text _builder_version=\u00bb4.27.4&#8243; _module_preset=\u00bbdefault\u00bb header_2_font=\u00bb|300|||||||\u00bb header_2_text_color=\u00bb#406fda\u00bb header_2_font_size=\u00bb42px\u00bb header_2_letter_spacing=\u00bb-2px\u00bb custom_margin=\u00bb||30px||false|false\u00bb header_2_font_size_tablet=\u00bb40px\u00bb header_2_font_size_phone=\u00bb35px\u00bb header_2_font_size_last_edited=\u00bbon|phone\u00bb global_colors_info=\u00bb{}\u00bb]<\/p>\n<h2>Telescopio Joan Or\u00f3<\/h2>\n<p>[\/et_pb_text][et_pb_text _builder_version=\u00bb4.27.4&#8243; _module_preset=\u00bbdefault\u00bb text_font_size=\u00bb16px\u00bb text_line_height=\u00bb1.2em\u00bb global_colors_info=\u00bb{}\u00bb]<\/p>\n<p>El TJO \u00e9s un telescopio astron\u00f3mico multiprop\u00f3sito con un espejo primario<span style=\"font-weight: 400;\"> de 80 cm de di\u00e1metro<\/span>.<\/p>\n<p>[\/et_pb_text][et_pb_button button_url=\u00bbhttps:\/\/montsec.ieec.cat\/es\/astronomia\/tjo\/\u00bb button_text=\u00bbAccede\u00bb _builder_version=\u00bb4.27.4&#8243; _module_preset=\u00bbdefault\u00bb custom_button=\u00bbon\u00bb button_text_size=\u00bb20px\u00bb button_icon=\u00bb&#x24;||divi||400&#8243; button_on_hover=\u00bboff\u00bb custom_margin=\u00bb67px||10px||false|false\u00bb custom_padding=\u00bb10px|50px|10px|35px|true|false\u00bb button_text_size_tablet=\u00bb\u00bb button_text_size_phone=\u00bb20px\u00bb button_text_size_last_edited=\u00bbon|phone\u00bb global_colors_info=\u00bb{}\u00bb][\/et_pb_button][\/et_pb_column][et_pb_column type=\u00bb1_3&#8243; _builder_version=\u00bb4.18.0&#8243; _module_preset=\u00bbdefault\u00bb custom_padding=\u00bb40px|20px|40px|30px|false|false\u00bb border_width_all=\u00bb1px\u00bb border_color_all=\u00bb#406fda\u00bb global_colors_info=\u00bb{}\u00bb][et_pb_text _builder_version=\u00bb4.27.4&#8243; _module_preset=\u00bbdefault\u00bb header_2_font=\u00bb|300|||||||\u00bb header_2_text_color=\u00bb#406fda\u00bb header_2_font_size=\u00bb42px\u00bb header_2_letter_spacing=\u00bb-2px\u00bb custom_margin=\u00bb||9px|||\u00bb header_2_font_size_tablet=\u00bb40px\u00bb header_2_font_size_phone=\u00bb35px\u00bb header_2_font_size_last_edited=\u00bbon|phone\u00bb locked=\u00bboff\u00bb global_colors_info=\u00bb{}\u00bb]<\/p>\n<h2>Telescopio R\u00e1pido de Amplio Campo<\/h2>\n<p>&nbsp;<\/p>\n<p>[\/et_pb_text][et_pb_text _builder_version=\u00bb4.27.4&#8243; _module_preset=\u00bbdefault\u00bb text_font_size=\u00bb16px\u00bb text_line_height=\u00bb1.2em\u00bb locked=\u00bboff\u00bb global_colors_info=\u00bb{}\u00bb]<\/p>\n<p>El TRAC es un telescopio reflector de 40 cm de di\u00e1metro, equipado con una c\u00e1mara de alta resoluci\u00f3n y gran campo de visi\u00f3n.<\/p>\n<p>[\/et_pb_text][et_pb_button button_url=\u00bbhttps:\/\/montsec.ieec.cat\/es\/astronomia\/trac\/\u00bb button_text=\u00bbAccede\u00bb _builder_version=\u00bb4.27.4&#8243; _module_preset=\u00bbdefault\u00bb custom_button=\u00bbon\u00bb button_text_size=\u00bb20px\u00bb button_icon=\u00bb&#x24;||divi||400&#8243; button_on_hover=\u00bboff\u00bb custom_margin=\u00bb87px||10px||false|false\u00bb custom_padding=\u00bb10px|50px|10px|35px|true|false\u00bb button_text_size_tablet=\u00bb\u00bb button_text_size_phone=\u00bb20px\u00bb button_text_size_last_edited=\u00bbon|phone\u00bb locked=\u00bboff\u00bb global_colors_info=\u00bb{}\u00bb][\/et_pb_button][\/et_pb_column][et_pb_column type=\u00bb1_3&#8243; _builder_version=\u00bb4.18.0&#8243; _module_preset=\u00bbdefault\u00bb custom_padding=\u00bb40px|20px|40px|30px|false|false\u00bb border_width_all=\u00bb1px\u00bb border_color_all=\u00bb#406fda\u00bb global_colors_info=\u00bb{}\u00bb][et_pb_text _builder_version=\u00bb4.27.4&#8243; _module_preset=\u00bbdefault\u00bb header_2_font=\u00bb|300|||||||\u00bb header_2_text_color=\u00bb#406fda\u00bb header_2_font_size=\u00bb42px\u00bb header_2_letter_spacing=\u00bb-2px\u00bb custom_margin=\u00bb||9px|||\u00bb header_2_font_size_tablet=\u00bb40px\u00bb header_2_font_size_phone=\u00bb35px\u00bb header_2_font_size_last_edited=\u00bbon|phone\u00bb locked=\u00bboff\u00bb global_colors_info=\u00bb{}\u00bb]<\/p>\n<h2>Telescopio Fabra-ROA Montsec<\/h2>\n<p>&nbsp;<\/p>\n<p>[\/et_pb_text][et_pb_text _builder_version=\u00bb4.27.4&#8243; _module_preset=\u00bbdefault\u00bb text_font_size=\u00bb16px\u00bb text_line_height=\u00bb1.2em\u00bb hover_enabled=\u00bb0&#8243; locked=\u00bboff\u00bb global_colors_info=\u00bb{}\u00bb sticky_enabled=\u00bb0&#8243;]<\/p>\n<p>El TFRM e<span style=\"font-weight: 400;\">s un telescopio robotizado de gran campo, con una c\u00e1mara de 50 cm de di\u00e1metro.<\/span><\/p>\n<p>[\/et_pb_text][et_pb_button button_url=\u00bbhttps:\/\/montsec.ieec.cat\/es\/astronomia\/tfrm\/\u00bb button_text=\u00bbAccede\u00bb _builder_version=\u00bb4.27.4&#8243; _module_preset=\u00bbdefault\u00bb custom_button=\u00bbon\u00bb button_text_size=\u00bb20px\u00bb button_icon=\u00bb&#x24;||divi||400&#8243; button_on_hover=\u00bboff\u00bb custom_margin=\u00bb30px||10px||false|false\u00bb custom_padding=\u00bb10px|50px|10px|35px|true|false\u00bb button_text_size_tablet=\u00bb\u00bb button_text_size_phone=\u00bb20px\u00bb button_text_size_last_edited=\u00bbon|phone\u00bb locked=\u00bboff\u00bb global_colors_info=\u00bb{}\u00bb][\/et_pb_button][\/et_pb_column][\/et_pb_row][et_pb_row _builder_version=\u00bb4.18.1&#8243; _module_preset=\u00bbdefault\u00bb custom_margin=\u00bb0px||30px||false|false\u00bb custom_padding=\u00bb0px||0px||false|false\u00bb global_colors_info=\u00bb{}\u00bb][et_pb_column type=\u00bb4_4&#8243; _builder_version=\u00bb4.18.0&#8243; _module_preset=\u00bbdefault\u00bb global_colors_info=\u00bb{}\u00bb][et_pb_text _builder_version=\u00bb4.27.4&#8243; _module_preset=\u00bbdefault\u00bb text_font=\u00bbOswald|||on|||||\u00bb text_text_color=\u00bb#406fda\u00bb text_font_size=\u00bb16px\u00bb text_letter_spacing=\u00bb3px\u00bb custom_margin=\u00bb||8px|||\u00bb locked=\u00bboff\u00bb global_colors_info=\u00bb{}\u00bb]<\/p>\n<p><span>un observatorio multiprop\u00f3sito<\/span><\/p>\n<p>[\/et_pb_text][et_pb_text _builder_version=\u00bb4.27.4&#8243; _module_preset=\u00bbdefault\u00bb text_font_size=\u00bb32px\u00bb text_line_height=\u00bb1em\u00bb custom_margin=\u00bb-2px|||||\u00bb text_font_size_tablet=\u00bb32px\u00bb text_font_size_phone=\u00bb26px\u00bb text_font_size_last_edited=\u00bbon|phone\u00bb global_colors_info=\u00bb{}\u00bb]<\/p>\n<p><span style=\"color: #1a1140;\">Sistemas de control rob\u00f3tico<\/span><\/p>\n<p>[\/et_pb_text][\/et_pb_column][\/et_pb_row][et_pb_row column_structure=\u00bb1_2,1_2&#8243; _builder_version=\u00bb4.18.0&#8243; _module_preset=\u00bbdefault\u00bb custom_padding=\u00bb9px||35px|||\u00bb locked=\u00bboff\u00bb global_colors_info=\u00bb{}\u00bb][et_pb_column type=\u00bb1_2&#8243; _builder_version=\u00bb4.18.0&#8243; _module_preset=\u00bbdefault\u00bb global_colors_info=\u00bb{}\u00bb][et_pb_image src=\u00bbhttps:\/\/montsec.ieec.cat\/wp-content\/uploads\/2022\/10\/ROCS.webp\u00bb alt=\u00bbsistemas de control\u00bb title_text=\u00bbsistemas de control\u00bb _builder_version=\u00bb4.18.0&#8243; _module_preset=\u00bbdefault\u00bb global_colors_info=\u00bb{}\u00bb][\/et_pb_image][\/et_pb_column][et_pb_column type=\u00bb1_2&#8243; _builder_version=\u00bb4.18.0&#8243; _module_preset=\u00bbdefault\u00bb global_colors_info=\u00bb{}\u00bb][et_pb_text _builder_version=\u00bb4.27.4&#8243; _module_preset=\u00bbdefault\u00bb text_text_color=\u00bb#1a1140&#8243; global_colors_info=\u00bb{}\u00bb]<\/p>\n<p><span style=\"font-weight: 400;\">El TJO cubre una amplia variedad de casos cient\u00edficos, incluyendo fen\u00f3menos astrof\u00edsicos transitorios. Este tipo de observatorio multiprop\u00f3sito requiere la capacidad de <\/span><b>cambiar la planificaci\u00f3n de operaciones en tiempo real<\/b><span style=\"font-weight: 400;\"> y de maximizar la eficiencia delegando la capacidad de toma de decisiones en un sistema de control que funciona sin intervenci\u00f3n humana.<\/span><\/p>\n<p><span style=\"font-weight: 400;\">Una compleja arquitectura de <\/span><i><span style=\"font-weight: 400;\">software<\/span><\/i><span style=\"font-weight: 400;\"> controla todas las operaciones del telescopio Joan Or\u00f3. Esta arquitectura est\u00e1 gestionada por OpenROCS, un <\/span><i><span style=\"font-weight: 400;\">software<\/span><\/i><span style=\"font-weight: 400;\"> de c\u00f3digo abierto desarrollado para controlar observatorios rob\u00f3ticos, en combinaci\u00f3n con un conjunto de m\u00f3dulos de <\/span><i><span style=\"font-weight: 400;\">software<\/span><\/i><span style=\"font-weight: 400;\"> de desarrollo propio, incluyendo un planificador (ISROCS), una herramienta de procesado y an\u00e1lisis de datos (ICAT) y un sistema de control de tareas (OCS). El control de bajo nivel del telescopio y c\u00fapula son realizados con el <\/span><i><span style=\"font-weight: 400;\">software <\/span><\/i><span style=\"font-weight: 400;\">TALON. Por \u00faltimo, la gesti\u00f3n de las propuestas enviadas por los usuarios se realiza mediante una aplicaci\u00f3n web llamada MUR.<\/span><\/p>\n<p>[\/et_pb_text][\/et_pb_column][\/et_pb_row][\/et_pb_section]<\/p>\n","protected":false},"excerpt":{"rendered":"<p>Astronom\u00edaUn poco de historiaEl proyecto de emplazar un observatorio astron\u00f3mico en la sierra del Montsec surgi\u00f3 a principios de los a\u00f1os noventa, con el bioqu\u00edmico ilerdense Joan Or\u00f3 y la fundaci\u00f3n que lleva su nombre como principales ide\u00f3logos. Por este motivo, una vez que el equipamiento principal del OdM comenz\u00f3 a funcionar en octubre de [&hellip;]<\/p>\n","protected":false},"author":5,"featured_media":0,"parent":0,"menu_order":0,"comment_status":"closed","ping_status":"closed","template":"","meta":{"_et_pb_use_builder":"on","_et_pb_old_content":"","_et_gb_content_width":"","footnotes":""},"class_list":["post-3904","page","type-page","status-publish","hentry"],"yoast_head":"<!-- This site is optimized with the Yoast SEO plugin v24.2 - https:\/\/yoast.com\/wordpress\/plugins\/seo\/ -->\n<title>Astronom\u00eda - Observatori del Montsec<\/title>\n<meta name=\"robots\" content=\"index, follow, max-snippet:-1, max-image-preview:large, max-video-preview:-1\" \/>\n<link rel=\"canonical\" href=\"https:\/\/montsec.ieec.cat\/es\/astronomia\/\" \/>\n<meta property=\"og:locale\" content=\"es_ES\" \/>\n<meta property=\"og:type\" content=\"article\" \/>\n<meta property=\"og:title\" content=\"Astronom\u00eda - Observatori del Montsec\" \/>\n<meta property=\"og:description\" content=\"Astronom\u00edaUn poco de historiaEl proyecto de emplazar un observatorio astron\u00f3mico en la sierra del Montsec surgi\u00f3 a principios de los a\u00f1os noventa, con el bioqu\u00edmico ilerdense Joan Or\u00f3 y la fundaci\u00f3n que lleva su nombre como principales ide\u00f3logos. Por este motivo, una vez que el equipamiento principal del OdM comenz\u00f3 a funcionar en octubre de [&hellip;]\" \/>\n<meta property=\"og:url\" content=\"https:\/\/montsec.ieec.cat\/es\/astronomia\/\" \/>\n<meta property=\"og:site_name\" content=\"Observatori del Montsec\" \/>\n<meta property=\"article:modified_time\" content=\"2025-10-07T10:58:03+00:00\" \/>\n<meta name=\"twitter:card\" content=\"summary_large_image\" \/>\n<meta name=\"twitter:label1\" content=\"Tiempo de lectura\" \/>\n\t<meta name=\"twitter:data1\" content=\"3 minutos\" \/>\n<script type=\"application\/ld+json\" class=\"yoast-schema-graph\">{\"@context\":\"https:\/\/schema.org\",\"@graph\":[{\"@type\":\"WebPage\",\"@id\":\"https:\/\/montsec.ieec.cat\/es\/astronomia\/\",\"url\":\"https:\/\/montsec.ieec.cat\/es\/astronomia\/\",\"name\":\"Astronom\u00eda - Observatori del Montsec\",\"isPartOf\":{\"@id\":\"https:\/\/montsec.ieec.cat\/es\/#website\"},\"datePublished\":\"2025-09-18T10:45:13+00:00\",\"dateModified\":\"2025-10-07T10:58:03+00:00\",\"breadcrumb\":{\"@id\":\"https:\/\/montsec.ieec.cat\/es\/astronomia\/#breadcrumb\"},\"inLanguage\":\"es\",\"potentialAction\":[{\"@type\":\"ReadAction\",\"target\":[\"https:\/\/montsec.ieec.cat\/es\/astronomia\/\"]}]},{\"@type\":\"BreadcrumbList\",\"@id\":\"https:\/\/montsec.ieec.cat\/es\/astronomia\/#breadcrumb\",\"itemListElement\":[{\"@type\":\"ListItem\",\"position\":1,\"name\":\"Portada\",\"item\":\"https:\/\/montsec.ieec.cat\/es\/\"},{\"@type\":\"ListItem\",\"position\":2,\"name\":\"Astronom\u00eda\"}]},{\"@type\":\"WebSite\",\"@id\":\"https:\/\/montsec.ieec.cat\/es\/#website\",\"url\":\"https:\/\/montsec.ieec.cat\/es\/\",\"name\":\"Observatori del Montsec\",\"description\":\"El telescopi m\u00e9s gran de Catalunya\",\"potentialAction\":[{\"@type\":\"SearchAction\",\"target\":{\"@type\":\"EntryPoint\",\"urlTemplate\":\"https:\/\/montsec.ieec.cat\/es\/?s={search_term_string}\"},\"query-input\":{\"@type\":\"PropertyValueSpecification\",\"valueRequired\":true,\"valueName\":\"search_term_string\"}}],\"inLanguage\":\"es\"}]}<\/script>\n<!-- \/ Yoast SEO plugin. -->","yoast_head_json":{"title":"Astronom\u00eda - Observatori del Montsec","robots":{"index":"index","follow":"follow","max-snippet":"max-snippet:-1","max-image-preview":"max-image-preview:large","max-video-preview":"max-video-preview:-1"},"canonical":"https:\/\/montsec.ieec.cat\/es\/astronomia\/","og_locale":"es_ES","og_type":"article","og_title":"Astronom\u00eda - Observatori del Montsec","og_description":"Astronom\u00edaUn poco de historiaEl proyecto de emplazar un observatorio astron\u00f3mico en la sierra del Montsec surgi\u00f3 a principios de los a\u00f1os noventa, con el bioqu\u00edmico ilerdense Joan Or\u00f3 y la fundaci\u00f3n que lleva su nombre como principales ide\u00f3logos. Por este motivo, una vez que el equipamiento principal del OdM comenz\u00f3 a funcionar en octubre de [&hellip;]","og_url":"https:\/\/montsec.ieec.cat\/es\/astronomia\/","og_site_name":"Observatori del Montsec","article_modified_time":"2025-10-07T10:58:03+00:00","twitter_card":"summary_large_image","twitter_misc":{"Tiempo de lectura":"3 minutos"},"schema":{"@context":"https:\/\/schema.org","@graph":[{"@type":"WebPage","@id":"https:\/\/montsec.ieec.cat\/es\/astronomia\/","url":"https:\/\/montsec.ieec.cat\/es\/astronomia\/","name":"Astronom\u00eda - Observatori del Montsec","isPartOf":{"@id":"https:\/\/montsec.ieec.cat\/es\/#website"},"datePublished":"2025-09-18T10:45:13+00:00","dateModified":"2025-10-07T10:58:03+00:00","breadcrumb":{"@id":"https:\/\/montsec.ieec.cat\/es\/astronomia\/#breadcrumb"},"inLanguage":"es","potentialAction":[{"@type":"ReadAction","target":["https:\/\/montsec.ieec.cat\/es\/astronomia\/"]}]},{"@type":"BreadcrumbList","@id":"https:\/\/montsec.ieec.cat\/es\/astronomia\/#breadcrumb","itemListElement":[{"@type":"ListItem","position":1,"name":"Portada","item":"https:\/\/montsec.ieec.cat\/es\/"},{"@type":"ListItem","position":2,"name":"Astronom\u00eda"}]},{"@type":"WebSite","@id":"https:\/\/montsec.ieec.cat\/es\/#website","url":"https:\/\/montsec.ieec.cat\/es\/","name":"Observatori del Montsec","description":"El telescopi m\u00e9s gran de Catalunya","potentialAction":[{"@type":"SearchAction","target":{"@type":"EntryPoint","urlTemplate":"https:\/\/montsec.ieec.cat\/es\/?s={search_term_string}"},"query-input":{"@type":"PropertyValueSpecification","valueRequired":true,"valueName":"search_term_string"}}],"inLanguage":"es"}]}},"_links":{"self":[{"href":"https:\/\/montsec.ieec.cat\/es\/wp-json\/wp\/v2\/pages\/3904","targetHints":{"allow":["GET"]}}],"collection":[{"href":"https:\/\/montsec.ieec.cat\/es\/wp-json\/wp\/v2\/pages"}],"about":[{"href":"https:\/\/montsec.ieec.cat\/es\/wp-json\/wp\/v2\/types\/page"}],"author":[{"embeddable":true,"href":"https:\/\/montsec.ieec.cat\/es\/wp-json\/wp\/v2\/users\/5"}],"replies":[{"embeddable":true,"href":"https:\/\/montsec.ieec.cat\/es\/wp-json\/wp\/v2\/comments?post=3904"}],"version-history":[{"count":8,"href":"https:\/\/montsec.ieec.cat\/es\/wp-json\/wp\/v2\/pages\/3904\/revisions"}],"predecessor-version":[{"id":4190,"href":"https:\/\/montsec.ieec.cat\/es\/wp-json\/wp\/v2\/pages\/3904\/revisions\/4190"}],"wp:attachment":[{"href":"https:\/\/montsec.ieec.cat\/es\/wp-json\/wp\/v2\/media?parent=3904"}],"curies":[{"name":"wp","href":"https:\/\/api.w.org\/{rel}","templated":true}]}}