{"id":3910,"date":"2025-09-18T12:57:34","date_gmt":"2025-09-18T10:57:34","guid":{"rendered":"https:\/\/montsec.ieec.cat\/?page_id=3910"},"modified":"2025-09-18T12:57:44","modified_gmt":"2025-09-18T10:57:44","slug":"tfrm","status":"publish","type":"page","link":"https:\/\/montsec.ieec.cat\/es\/astronomia\/tfrm\/","title":{"rendered":"Telescopio Fabra-ROA Montsec (TFRM)"},"content":{"rendered":"<p>[et_pb_section fb_built=\u00bb1&#8243; _builder_version=\u00bb4.18.0&#8243; _module_preset=\u00bbdefault\u00bb background_image=\u00bbhttps:\/\/montsec.ieec.cat\/wp-content\/uploads\/2022\/10\/slider-TJO2.webp\u00bb z_index=\u00bb1&#8243; height=\u00bb280px\u00bb custom_margin=\u00bb0px||0px||false|false\u00bb global_colors_info=\u00bb{}\u00bb][\/et_pb_section][et_pb_section fb_built=\u00bb1&#8243; _builder_version=\u00bb4.18.0&#8243; _module_preset=\u00bbdefault\u00bb background_color=\u00bb#160019&#8243; custom_padding=\u00bb34px|||||\u00bb global_colors_info=\u00bb{}\u00bb][et_pb_row _builder_version=\u00bb4.18.0&#8243; _module_preset=\u00bbdefault\u00bb custom_padding=\u00bb||4px|||\u00bb global_colors_info=\u00bb{}\u00bb][et_pb_column type=\u00bb4_4&#8243; _builder_version=\u00bb4.18.0&#8243; _module_preset=\u00bbdefault\u00bb global_colors_info=\u00bb{}\u00bb][et_pb_text _builder_version=\u00bb4.27.4&#8243; _module_preset=\u00bbdefault\u00bb link_font=\u00bb||||on||||\u00bb header_font_size=\u00bb16px\u00bb locked=\u00bboff\u00bb global_colors_info=\u00bb{}\u00bb]<\/p>\n<h1 style=\"text-align: center;\"><span style=\"color: #ffffff;\"><a href=\"https:\/\/montsec.ieec.cat\/es\/astronomia\/\">Astronom\u00eda<\/a> |<strong> Telescopio Fabra-ROA Montsec<\/strong><\/span><\/h1>\n<p>[\/et_pb_text][et_pb_text _builder_version=\u00bb4.27.4&#8243; _module_preset=\u00bbdefault\u00bb header_2_font=\u00bbSource Sans Pro|700|||||||\u00bb header_2_font_size=\u00bb37px\u00bb global_colors_info=\u00bb{}\u00bb]<\/p>\n<h2 style=\"text-align: center;\"><span style=\"color: #ffffff;\">Telescopio <span style=\"color: #ff733c;\">Fabra-ROA Montsec<\/span><\/span><\/h2>\n<p>[\/et_pb_text][\/et_pb_column][\/et_pb_row][et_pb_row column_structure=\u00bb1_2,1_2&#8243; _builder_version=\u00bb4.18.0&#8243; _module_preset=\u00bbdefault\u00bb global_colors_info=\u00bb{}\u00bb][et_pb_column type=\u00bb1_2&#8243; _builder_version=\u00bb4.18.0&#8243; _module_preset=\u00bbdefault\u00bb global_colors_info=\u00bb{}\u00bb][et_pb_text _builder_version=\u00bb4.27.4&#8243; _module_preset=\u00bbdefault\u00bb header_font=\u00bbSource Sans Pro||||||||\u00bb header_3_font_size=\u00bb26px\u00bb hover_enabled=\u00bb0&#8243; header_3_font_size_tablet=\u00bb26px\u00bb header_3_font_size_phone=\u00bb24px\u00bb header_3_font_size_last_edited=\u00bbon|phone\u00bb locked=\u00bboff\u00bb global_colors_info=\u00bb{}\u00bb sticky_enabled=\u00bb0&#8243;]<\/p>\n<h3 style=\"text-align: left;\"><em><span style=\"color: #ffffff;\">El <strong>Telescopio Fabra-ROA Montsec<\/strong> es un telescopio robotizado de gran campo instalado en el Observatori del Montsec.\u00a0<\/span><\/em><\/h3>\n<p>[\/et_pb_text][\/et_pb_column][et_pb_column type=\u00bb1_2&#8243; _builder_version=\u00bb4.18.0&#8243; _module_preset=\u00bbdefault\u00bb global_colors_info=\u00bb{}\u00bb][et_pb_text _builder_version=\u00bb4.27.4&#8243; _module_preset=\u00bbdefault\u00bb hover_enabled=\u00bb0&#8243; global_colors_info=\u00bb{}\u00bb sticky_enabled=\u00bb0&#8243;]<\/p>\n<p><span style=\"color: #ffffff;\">Se trata de una c\u00e1mara Baker-Nunn de 50 cm de di\u00e1metro con una focal f\/0.96\u2013f\/1 y un campo de visi\u00f3n de 4,4\u00b0 \u00d7 4,4\u00b0, equipada con un CCD de 4 k \u00d7 4 k de 9 \u00b5m\/p\u00edxel (\u2248 3,9\u2033\/p\u00edxel), todo ello integrado en una estructura completamente robotizada y controlada de forma remota mediante el software INDI.<\/span><span style=\"color: #ffffff;\"><\/span><\/p>\n<p><span style=\"color: #ffffff;\">El Telescopio Fabra-ROA Montsec (TFRM) es fruto de la colaboraci\u00f3n entre la Real Academia de Ciencias y Artes de Barcelona (RACAB), el Real Instituto y Observatorio de la Armada de San Fernando (ROA) y la Universidad de Barcelona.<\/span><\/p>\n<p>[\/et_pb_text][\/et_pb_column][\/et_pb_row][\/et_pb_section][et_pb_section fb_built=\u00bb1&#8243; _builder_version=\u00bb4.18.1&#8243; _module_preset=\u00bbdefault\u00bb custom_padding=\u00bb36px||30px||false|false\u00bb global_colors_info=\u00bb{}\u00bb][et_pb_row _builder_version=\u00bb4.18.1&#8243; _module_preset=\u00bbdefault\u00bb custom_padding=\u00bb0px||||false|false\u00bb global_colors_info=\u00bb{}\u00bb][et_pb_column type=\u00bb4_4&#8243; _builder_version=\u00bb4.18.1&#8243; _module_preset=\u00bbdefault\u00bb global_colors_info=\u00bb{}\u00bb][et_pb_image src=\u00bbhttps:\/\/montsec.ieec.cat\/wp-content\/uploads\/2025\/09\/TFRM_21.jpg\u00bb title_text=\u00bbTFRM\u00bb disabled_on=\u00bbon|on|off\u00bb _builder_version=\u00bb4.27.4&#8243; _module_preset=\u00bbdefault\u00bb custom_padding=\u00bb|115px||115px||\u00bb global_colors_info=\u00bb{}\u00bb][\/et_pb_image][et_pb_image src=\u00bbhttps:\/\/montsec.ieec.cat\/wp-content\/uploads\/2025\/09\/TFRM_21.jpg\u00bb title_text=\u00bbTFRM\u00bb disabled_on=\u00bboff|off|on\u00bb _builder_version=\u00bb4.27.4&#8243; _module_preset=\u00bbdefault\u00bb global_colors_info=\u00bb{}\u00bb][\/et_pb_image][\/et_pb_column][\/et_pb_row][et_pb_row _builder_version=\u00bb4.18.1&#8243; _module_preset=\u00bbdefault\u00bb custom_padding=\u00bb0px||||false|false\u00bb global_colors_info=\u00bb{}\u00bb][et_pb_column type=\u00bb4_4&#8243; _builder_version=\u00bb4.18.1&#8243; _module_preset=\u00bbdefault\u00bb global_colors_info=\u00bb{}\u00bb][et_pb_text _builder_version=\u00bb4.27.4&#8243; _module_preset=\u00bbdefault\u00bb global_colors_info=\u00bb{}\u00bb]<\/p>\n<p><span style=\"font-weight: 400;\">El TFRM es especialmente id\u00f3neo para programas de astronom\u00eda de campo amplio como:<\/span><\/p>\n<ul>\n<li style=\"font-weight: 400;\" aria-level=\"1\"><span style=\"font-weight: 400;\">Observaci\u00f3n y seguimiento de <\/span><b>sat\u00e9lites y desechos espaciales<\/b><span style=\"font-weight: 400;\"> (SST),<\/span><span style=\"font-weight: 400;\"><br \/><\/span><\/li>\n<li style=\"font-weight: 400;\" aria-level=\"1\"><span style=\"font-weight: 400;\">B\u00fasqueda de<\/span><b> exoplanetas por tr\u00e1nsito<\/b><span style=\"font-weight: 400;\">,<\/span><span style=\"font-weight: 400;\"><br \/><\/span><\/li>\n<li style=\"font-weight: 400;\" aria-level=\"1\"><span style=\"font-weight: 400;\">Estudios de <\/span><b>asteroides y objetos de baja luminosidad superficial<\/b><span style=\"font-weight: 400;\">.<\/span><span style=\"font-weight: 400;\"><br \/><\/span><\/li>\n<\/ul>\n<p><span style=\"font-weight: 400;\">Habilitado desde 2010, ha producido numerosas mediciones astrom\u00e9tricas de sat\u00e9lites, participando en campa\u00f1as como la CO-VI de SST\/SSA de la ESA. Con su operaci\u00f3n remota y automatizada, el TFRM complementa al Telescopio Joan Or\u00f3 (TJO) y al Telescopio R\u00e1pido de Amplio Campo (TRAC) y refuerza las capacidades del Montsec como referente en investigaci\u00f3n astron\u00f3mica y vigilancia espacial.<\/span><\/p>\n<p>[\/et_pb_text][et_pb_button button_url=\u00bbhttps:\/\/observatorifabra.cat\/astronomia\/telescopi-fabra-roa-al-montsec-tfrm\/\u00bb url_new_window=\u00bbon\u00bb button_text=\u00bbSaber m\u00e1s\u00bb button_alignment=\u00bbleft\u00bb _builder_version=\u00bb4.27.4&#8243; _module_preset=\u00bbdefault\u00bb custom_button=\u00bbon\u00bb button_text_size=\u00bb20px\u00bb button_icon=\u00bb&#x35;||divi||400&#8243; button_on_hover=\u00bboff\u00bb custom_margin=\u00bb30px||10px||false|false\u00bb custom_padding=\u00bb10px|50px|10px|35px|true|false\u00bb button_text_size_tablet=\u00bb\u00bb button_text_size_phone=\u00bb20px\u00bb button_text_size_last_edited=\u00bbon|phone\u00bb global_colors_info=\u00bb{}\u00bb][\/et_pb_button][\/et_pb_column][\/et_pb_row][\/et_pb_section]<\/p>\n","protected":false},"excerpt":{"rendered":"<p>Astronom\u00eda | Telescopio Fabra-ROA MontsecTelescopio Fabra-ROA MontsecEl Telescopio Fabra-ROA Montsec es un telescopio robotizado de gran campo instalado en el Observatori del Montsec.\u00a0Se trata de una c\u00e1mara Baker-Nunn de 50 cm de di\u00e1metro con una focal f\/0.96\u2013f\/1 y un campo de visi\u00f3n de 4,4\u00b0 \u00d7 4,4\u00b0, equipada con un CCD de 4 k \u00d7 4 [&hellip;]<\/p>\n","protected":false},"author":5,"featured_media":0,"parent":3904,"menu_order":0,"comment_status":"closed","ping_status":"closed","template":"","meta":{"_et_pb_use_builder":"on","_et_pb_old_content":"","_et_gb_content_width":"","footnotes":""},"class_list":["post-3910","page","type-page","status-publish","hentry"],"yoast_head":"<!-- This site is optimized with the Yoast SEO plugin v24.2 - https:\/\/yoast.com\/wordpress\/plugins\/seo\/ -->\n<title>Telescopio Fabra-ROA Montsec (TFRM) - Observatori del Montsec<\/title>\n<meta name=\"robots\" content=\"index, follow, max-snippet:-1, max-image-preview:large, max-video-preview:-1\" \/>\n<link rel=\"canonical\" href=\"https:\/\/montsec.ieec.cat\/es\/astronomia\/tfrm\/\" \/>\n<meta property=\"og:locale\" content=\"es_ES\" \/>\n<meta property=\"og:type\" content=\"article\" \/>\n<meta property=\"og:title\" content=\"Telescopio Fabra-ROA Montsec (TFRM) - Observatori del Montsec\" \/>\n<meta property=\"og:description\" content=\"Astronom\u00eda | Telescopio Fabra-ROA MontsecTelescopio Fabra-ROA MontsecEl Telescopio Fabra-ROA Montsec es un telescopio robotizado de gran campo instalado en el Observatori del Montsec.\u00a0Se trata de una c\u00e1mara Baker-Nunn de 50 cm de di\u00e1metro con una focal f\/0.96\u2013f\/1 y un campo de visi\u00f3n de 4,4\u00b0 \u00d7 4,4\u00b0, equipada con un CCD de 4 k \u00d7 4 [&hellip;]\" \/>\n<meta property=\"og:url\" content=\"https:\/\/montsec.ieec.cat\/es\/astronomia\/tfrm\/\" \/>\n<meta property=\"og:site_name\" content=\"Observatori del Montsec\" \/>\n<meta property=\"article:modified_time\" content=\"2025-09-18T10:57:44+00:00\" \/>\n<meta name=\"twitter:card\" content=\"summary_large_image\" \/>\n<meta name=\"twitter:label1\" content=\"Tiempo de lectura\" \/>\n\t<meta name=\"twitter:data1\" content=\"2 minutos\" \/>\n<script type=\"application\/ld+json\" class=\"yoast-schema-graph\">{\"@context\":\"https:\/\/schema.org\",\"@graph\":[{\"@type\":\"WebPage\",\"@id\":\"https:\/\/montsec.ieec.cat\/es\/astronomia\/tfrm\/\",\"url\":\"https:\/\/montsec.ieec.cat\/es\/astronomia\/tfrm\/\",\"name\":\"Telescopio Fabra-ROA Montsec (TFRM) - Observatori del Montsec\",\"isPartOf\":{\"@id\":\"https:\/\/montsec.ieec.cat\/es\/#website\"},\"datePublished\":\"2025-09-18T10:57:34+00:00\",\"dateModified\":\"2025-09-18T10:57:44+00:00\",\"breadcrumb\":{\"@id\":\"https:\/\/montsec.ieec.cat\/es\/astronomia\/tfrm\/#breadcrumb\"},\"inLanguage\":\"es\",\"potentialAction\":[{\"@type\":\"ReadAction\",\"target\":[\"https:\/\/montsec.ieec.cat\/es\/astronomia\/tfrm\/\"]}]},{\"@type\":\"BreadcrumbList\",\"@id\":\"https:\/\/montsec.ieec.cat\/es\/astronomia\/tfrm\/#breadcrumb\",\"itemListElement\":[{\"@type\":\"ListItem\",\"position\":1,\"name\":\"Portada\",\"item\":\"https:\/\/montsec.ieec.cat\/es\/\"},{\"@type\":\"ListItem\",\"position\":2,\"name\":\"Astronom\u00eda\",\"item\":\"https:\/\/montsec.ieec.cat\/es\/astronomia\/\"},{\"@type\":\"ListItem\",\"position\":3,\"name\":\"Telescopio Fabra-ROA Montsec (TFRM)\"}]},{\"@type\":\"WebSite\",\"@id\":\"https:\/\/montsec.ieec.cat\/es\/#website\",\"url\":\"https:\/\/montsec.ieec.cat\/es\/\",\"name\":\"Observatori del Montsec\",\"description\":\"El telescopi m\u00e9s gran de Catalunya\",\"potentialAction\":[{\"@type\":\"SearchAction\",\"target\":{\"@type\":\"EntryPoint\",\"urlTemplate\":\"https:\/\/montsec.ieec.cat\/es\/?s={search_term_string}\"},\"query-input\":{\"@type\":\"PropertyValueSpecification\",\"valueRequired\":true,\"valueName\":\"search_term_string\"}}],\"inLanguage\":\"es\"}]}<\/script>\n<!-- \/ Yoast SEO plugin. -->","yoast_head_json":{"title":"Telescopio Fabra-ROA Montsec (TFRM) - Observatori del Montsec","robots":{"index":"index","follow":"follow","max-snippet":"max-snippet:-1","max-image-preview":"max-image-preview:large","max-video-preview":"max-video-preview:-1"},"canonical":"https:\/\/montsec.ieec.cat\/es\/astronomia\/tfrm\/","og_locale":"es_ES","og_type":"article","og_title":"Telescopio Fabra-ROA Montsec (TFRM) - Observatori del Montsec","og_description":"Astronom\u00eda | Telescopio Fabra-ROA MontsecTelescopio Fabra-ROA MontsecEl Telescopio Fabra-ROA Montsec es un telescopio robotizado de gran campo instalado en el Observatori del Montsec.\u00a0Se trata de una c\u00e1mara Baker-Nunn de 50 cm de di\u00e1metro con una focal f\/0.96\u2013f\/1 y un campo de visi\u00f3n de 4,4\u00b0 \u00d7 4,4\u00b0, equipada con un CCD de 4 k \u00d7 4 [&hellip;]","og_url":"https:\/\/montsec.ieec.cat\/es\/astronomia\/tfrm\/","og_site_name":"Observatori del Montsec","article_modified_time":"2025-09-18T10:57:44+00:00","twitter_card":"summary_large_image","twitter_misc":{"Tiempo de lectura":"2 minutos"},"schema":{"@context":"https:\/\/schema.org","@graph":[{"@type":"WebPage","@id":"https:\/\/montsec.ieec.cat\/es\/astronomia\/tfrm\/","url":"https:\/\/montsec.ieec.cat\/es\/astronomia\/tfrm\/","name":"Telescopio Fabra-ROA Montsec (TFRM) - Observatori del Montsec","isPartOf":{"@id":"https:\/\/montsec.ieec.cat\/es\/#website"},"datePublished":"2025-09-18T10:57:34+00:00","dateModified":"2025-09-18T10:57:44+00:00","breadcrumb":{"@id":"https:\/\/montsec.ieec.cat\/es\/astronomia\/tfrm\/#breadcrumb"},"inLanguage":"es","potentialAction":[{"@type":"ReadAction","target":["https:\/\/montsec.ieec.cat\/es\/astronomia\/tfrm\/"]}]},{"@type":"BreadcrumbList","@id":"https:\/\/montsec.ieec.cat\/es\/astronomia\/tfrm\/#breadcrumb","itemListElement":[{"@type":"ListItem","position":1,"name":"Portada","item":"https:\/\/montsec.ieec.cat\/es\/"},{"@type":"ListItem","position":2,"name":"Astronom\u00eda","item":"https:\/\/montsec.ieec.cat\/es\/astronomia\/"},{"@type":"ListItem","position":3,"name":"Telescopio Fabra-ROA Montsec (TFRM)"}]},{"@type":"WebSite","@id":"https:\/\/montsec.ieec.cat\/es\/#website","url":"https:\/\/montsec.ieec.cat\/es\/","name":"Observatori del Montsec","description":"El telescopi m\u00e9s gran de Catalunya","potentialAction":[{"@type":"SearchAction","target":{"@type":"EntryPoint","urlTemplate":"https:\/\/montsec.ieec.cat\/es\/?s={search_term_string}"},"query-input":{"@type":"PropertyValueSpecification","valueRequired":true,"valueName":"search_term_string"}}],"inLanguage":"es"}]}},"_links":{"self":[{"href":"https:\/\/montsec.ieec.cat\/es\/wp-json\/wp\/v2\/pages\/3910","targetHints":{"allow":["GET"]}}],"collection":[{"href":"https:\/\/montsec.ieec.cat\/es\/wp-json\/wp\/v2\/pages"}],"about":[{"href":"https:\/\/montsec.ieec.cat\/es\/wp-json\/wp\/v2\/types\/page"}],"author":[{"embeddable":true,"href":"https:\/\/montsec.ieec.cat\/es\/wp-json\/wp\/v2\/users\/5"}],"replies":[{"embeddable":true,"href":"https:\/\/montsec.ieec.cat\/es\/wp-json\/wp\/v2\/comments?post=3910"}],"version-history":[{"count":6,"href":"https:\/\/montsec.ieec.cat\/es\/wp-json\/wp\/v2\/pages\/3910\/revisions"}],"predecessor-version":[{"id":4007,"href":"https:\/\/montsec.ieec.cat\/es\/wp-json\/wp\/v2\/pages\/3910\/revisions\/4007"}],"up":[{"embeddable":true,"href":"https:\/\/montsec.ieec.cat\/es\/wp-json\/wp\/v2\/pages\/3904"}],"wp:attachment":[{"href":"https:\/\/montsec.ieec.cat\/es\/wp-json\/wp\/v2\/media?parent=3910"}],"curies":[{"name":"wp","href":"https:\/\/api.w.org\/{rel}","templated":true}]}}