{"id":3916,"date":"2025-09-18T12:58:37","date_gmt":"2025-09-18T10:58:37","guid":{"rendered":"https:\/\/montsec.ieec.cat\/?page_id=3916"},"modified":"2025-09-18T12:58:45","modified_gmt":"2025-09-18T10:58:45","slug":"trac","status":"publish","type":"page","link":"https:\/\/montsec.ieec.cat\/es\/astronomia\/trac\/","title":{"rendered":"Telescopio R\u00e1pido de Amplio Campo (TRAC)"},"content":{"rendered":"<p>[et_pb_section fb_built=\u00bb1&#8243; _builder_version=\u00bb4.18.0&#8243; _module_preset=\u00bbdefault\u00bb background_image=\u00bbhttps:\/\/montsec.ieec.cat\/wp-content\/uploads\/2022\/10\/slider-TJO2.webp\u00bb z_index=\u00bb1&#8243; height=\u00bb280px\u00bb custom_margin=\u00bb0px||0px||false|false\u00bb global_colors_info=\u00bb{}\u00bb][\/et_pb_section][et_pb_section fb_built=\u00bb1&#8243; _builder_version=\u00bb4.18.0&#8243; _module_preset=\u00bbdefault\u00bb background_color=\u00bb#160019&#8243; custom_padding=\u00bb34px|||||\u00bb global_colors_info=\u00bb{}\u00bb][et_pb_row _builder_version=\u00bb4.18.0&#8243; _module_preset=\u00bbdefault\u00bb custom_padding=\u00bb||4px|||\u00bb global_colors_info=\u00bb{}\u00bb][et_pb_column type=\u00bb4_4&#8243; _builder_version=\u00bb4.18.0&#8243; _module_preset=\u00bbdefault\u00bb global_colors_info=\u00bb{}\u00bb][et_pb_text _builder_version=\u00bb4.27.4&#8243; _module_preset=\u00bbdefault\u00bb link_font=\u00bb||||on||||\u00bb header_font_size=\u00bb16px\u00bb locked=\u00bboff\u00bb global_colors_info=\u00bb{}\u00bb]<\/p>\n<h1 style=\"text-align: center;\"><span style=\"color: #ffffff;\"><a href=\"https:\/\/montsec.ieec.cat\/es\/astronomia\/\">Astronom\u00eda<\/a> |<strong> Telescopio R\u00e1pido de Amplio Campo<\/strong><\/span><\/h1>\n<p>[\/et_pb_text][et_pb_text _builder_version=\u00bb4.27.4&#8243; _module_preset=\u00bbdefault\u00bb header_2_font=\u00bbSource Sans Pro|700|||||||\u00bb header_2_font_size=\u00bb37px\u00bb global_colors_info=\u00bb{}\u00bb]<\/p>\n<h2 style=\"text-align: center;\"><span style=\"color: #ffffff;\">Telescopio <span style=\"color: #ff733c;\">R\u00e1pido de Amplio Campo<\/span><\/span><\/h2>\n<p>[\/et_pb_text][\/et_pb_column][\/et_pb_row][et_pb_row column_structure=\u00bb1_2,1_2&#8243; _builder_version=\u00bb4.18.0&#8243; _module_preset=\u00bbdefault\u00bb global_colors_info=\u00bb{}\u00bb][et_pb_column type=\u00bb1_2&#8243; _builder_version=\u00bb4.18.0&#8243; _module_preset=\u00bbdefault\u00bb global_colors_info=\u00bb{}\u00bb][et_pb_text _builder_version=\u00bb4.27.4&#8243; _module_preset=\u00bbdefault\u00bb header_font=\u00bbSource Sans Pro||||||||\u00bb header_3_font_size=\u00bb26px\u00bb hover_enabled=\u00bb0&#8243; header_3_font_size_tablet=\u00bb26px\u00bb header_3_font_size_phone=\u00bb24px\u00bb header_3_font_size_last_edited=\u00bbon|phone\u00bb locked=\u00bboff\u00bb global_colors_info=\u00bb{}\u00bb sticky_enabled=\u00bb0&#8243;]<\/p>\n<h3 style=\"text-align: left;\"><em><span style=\"color: #ffffff;\">El <strong>Telescopio R\u00e1pido de Amplio Campo<\/strong> es el nuevo telescopio del Observatori del Montsec (OdM), gestionado por el IEEC.\u00a0<\/span><\/em><\/h3>\n<p>[\/et_pb_text][\/et_pb_column][et_pb_column type=\u00bb1_2&#8243; _builder_version=\u00bb4.18.0&#8243; _module_preset=\u00bbdefault\u00bb global_colors_info=\u00bb{}\u00bb][et_pb_text _builder_version=\u00bb4.27.4&#8243; _module_preset=\u00bbdefault\u00bb hover_enabled=\u00bb0&#8243; global_colors_info=\u00bb{}\u00bb sticky_enabled=\u00bb0&#8243;]<\/p>\n<p><span style=\"color: #ffffff;\">Es un telescopio reflector de 40 cm de di\u00e1metro, equipado con una c\u00e1mara de alta resoluci\u00f3n y gran campo de visi\u00f3n, que estar\u00e1 operativo para la comunidad cient\u00edfica a partir de 2026, una vez finalizada la fase de puesta en marcha y desarrollo del sistema de control y de los equipos auxiliares.<\/span><\/p>\n<p><span style=\"color: #ffffff;\">El proyecto del Telescopio R\u00e1pido de Amplio Campo (TRAC) ha sido financiado en el marco de la convocatoria CERCAGINYS III para el desarrollo de infraestructuras cient\u00edficas, y cuenta con la participaci\u00f3n del IEEC, el Instituto de F\u00edsica de Altas Energ\u00edas (IFAE), a trav\u00e9s del Puerto de Informaci\u00f3n Cient\u00edfica (PIC), y el centro de investigaci\u00f3n i2CAT. El telescopio est\u00e1 gestionado de manera cooperativa, coordinada por el IEEC, y permite ampliar y complementar las capacidades de observaci\u00f3n del OdM, junto con el Telescopio Joan Or\u00f3 (TJO) y el Telescopio Fabra-ROA-Montsec (TFRM).<\/span><\/p>\n<p>[\/et_pb_text][\/et_pb_column][\/et_pb_row][\/et_pb_section][et_pb_section fb_built=\u00bb1&#8243; _builder_version=\u00bb4.18.1&#8243; _module_preset=\u00bbdefault\u00bb custom_padding=\u00bb36px||30px||false|false\u00bb global_colors_info=\u00bb{}\u00bb][et_pb_row _builder_version=\u00bb4.18.1&#8243; _module_preset=\u00bbdefault\u00bb custom_padding=\u00bb0px||||false|false\u00bb locked=\u00bboff\u00bb global_colors_info=\u00bb{}\u00bb][et_pb_column type=\u00bb4_4&#8243; _builder_version=\u00bb4.18.1&#8243; _module_preset=\u00bbdefault\u00bb global_colors_info=\u00bb{}\u00bb][et_pb_text _builder_version=\u00bb4.27.4&#8243; _module_preset=\u00bbdefault\u00bb global_colors_info=\u00bb{}\u00bb]<\/p>\n<p><span style=\"font-weight: 400;\">El TRAC, gracias a su rapidez y amplio campo de visi\u00f3n, facilitar\u00e1 la investigaci\u00f3n en la observaci\u00f3n de asteroides cercanos a la Tierra, el seguimiento de sat\u00e9lites y desechos espaciales, y el estudio de fen\u00f3menos astron\u00f3micos de baja luminosidad superficial. Adem\u00e1s, est\u00e1 previsto que pueda incorporar tecnolog\u00edas de comunicaci\u00f3n \u00f3ptica con sat\u00e9lites en un futuro pr\u00f3ximo.<\/span><\/p>\n<p>[\/et_pb_text][et_pb_image src=\u00bbhttps:\/\/montsec.ieec.cat\/wp-content\/uploads\/2025\/09\/TRAC_21.jpg\u00bb title_text=\u00bbTRAC\u00bb disabled_on=\u00bbon|on|off\u00bb _builder_version=\u00bb4.27.4&#8243; _module_preset=\u00bbdefault\u00bb custom_padding=\u00bb|115px||115px||\u00bb global_colors_info=\u00bb{}\u00bb][\/et_pb_image][et_pb_image src=\u00bbhttps:\/\/montsec.ieec.cat\/wp-content\/uploads\/2025\/09\/TRAC_21.jpg\u00bb title_text=\u00bbTRAC\u00bb disabled_on=\u00bboff|off|on\u00bb _builder_version=\u00bb4.27.4&#8243; _module_preset=\u00bbdefault\u00bb global_colors_info=\u00bb{}\u00bb][\/et_pb_image][\/et_pb_column][\/et_pb_row][et_pb_row column_structure=\u00bb1_2,1_2&#8243; use_custom_gutter=\u00bbon\u00bb gutter_width=\u00bb2&#8243; make_equal=\u00bbon\u00bb module_class=\u00bbbuttons-aligned-bottom\u00bb _builder_version=\u00bb4.18.1&#8243; _module_preset=\u00bbdefault\u00bb custom_margin=\u00bb0px||0px||false|false\u00bb custom_padding=\u00bb0px||40px||false|false\u00bb locked=\u00bboff\u00bb global_colors_info=\u00bb{}\u00bb][et_pb_column type=\u00bb1_2&#8243; _builder_version=\u00bb4.18.0&#8243; _module_preset=\u00bbdefault\u00bb custom_padding=\u00bb40px|20px|40px|30px|false|false\u00bb custom_padding_tablet=\u00bb40px|20px|40px|30px|false|false\u00bb custom_padding_phone=\u00bb40px|20px|40px|30px|false|false\u00bb custom_padding_last_edited=\u00bbon|tablet\u00bb border_width_all=\u00bb1px\u00bb border_color_all=\u00bb#406fda\u00bb global_colors_info=\u00bb{}\u00bb][et_pb_text _builder_version=\u00bb4.27.4&#8243; _module_preset=\u00bbdefault\u00bb header_2_font=\u00bb|300|||||||\u00bb header_2_text_color=\u00bb#406fda\u00bb header_2_font_size=\u00bb42px\u00bb header_2_letter_spacing=\u00bb-2px\u00bb custom_margin=\u00bb||9px|||\u00bb header_2_font_size_tablet=\u00bb40px\u00bb header_2_font_size_phone=\u00bb35px\u00bb header_2_font_size_last_edited=\u00bbon|phone\u00bb locked=\u00bboff\u00bb global_colors_info=\u00bb{}\u00bb]<\/p>\n<h2>Investigaci\u00f3n<\/h2>\n<p>[\/et_pb_text][et_pb_text _builder_version=\u00bb4.27.4&#8243; _module_preset=\u00bbdefault\u00bb text_font=\u00bb||||||||\u00bb text_font_size=\u00bb16px\u00bb text_line_height=\u00bb1.2em\u00bb locked=\u00bboff\u00bb global_colors_info=\u00bb{}\u00bb]<\/p>\n<p><span style=\"font-weight: 400;\">El TRAC facilitar\u00e1 la investigaci\u00f3n y el seguimiento de asteroides, objetos de baja luminosidad superficial y basura espacial, entre otros.<\/span><\/p>\n<p>[\/et_pb_text][et_pb_button button_url=\u00bb#recerca\u00bb button_text=\u00bbSaber m\u00e1s\u00bb button_alignment=\u00bbleft\u00bb _builder_version=\u00bb4.27.4&#8243; _module_preset=\u00bbdefault\u00bb custom_button=\u00bbon\u00bb button_text_size=\u00bb20px\u00bb button_icon=\u00bb&#x35;||divi||400&#8243; button_on_hover=\u00bboff\u00bb custom_margin=\u00bb30px||10px||false|false\u00bb custom_padding=\u00bb10px|50px|10px|35px|true|false\u00bb button_text_size_tablet=\u00bb\u00bb button_text_size_phone=\u00bb20px\u00bb button_text_size_last_edited=\u00bbon|phone\u00bb global_colors_info=\u00bb{}\u00bb][\/et_pb_button][\/et_pb_column][et_pb_column type=\u00bb1_2&#8243; _builder_version=\u00bb4.18.0&#8243; _module_preset=\u00bbdefault\u00bb custom_padding=\u00bb40px|20px|40px|30px|false|false\u00bb custom_padding_tablet=\u00bb40px|20px|40px|30px|false|false\u00bb custom_padding_phone=\u00bb40px|20px|40px|30px|false|false\u00bb custom_padding_last_edited=\u00bbon|tablet\u00bb border_width_all=\u00bb1px\u00bb border_color_all=\u00bb#406fda\u00bb global_colors_info=\u00bb{}\u00bb][et_pb_text _builder_version=\u00bb4.27.4&#8243; _module_preset=\u00bbdefault\u00bb header_2_font=\u00bb|300|||||||\u00bb header_2_text_color=\u00bb#406fda\u00bb header_2_font_size=\u00bb42px\u00bb header_2_letter_spacing=\u00bb-2px\u00bb custom_margin=\u00bb||9px|||\u00bb header_2_font_size_tablet=\u00bb40px\u00bb header_2_font_size_phone=\u00bb35px\u00bb header_2_font_size_last_edited=\u00bbon|phone\u00bb locked=\u00bboff\u00bb global_colors_info=\u00bb{}\u00bb]<\/p>\n<h2>Instrumentaci\u00f3n<\/h2>\n<p>[\/et_pb_text][et_pb_text _builder_version=\u00bb4.27.4&#8243; _module_preset=\u00bbdefault\u00bb text_font_size=\u00bb16px\u00bb text_line_height=\u00bb1.2em\u00bb locked=\u00bboff\u00bb global_colors_info=\u00bb{}\u00bb]<\/p>\n<p><span style=\"font-weight: 400;\">El TRAC est\u00e1 equipado con una c\u00e1mara de tipo CMOS de alta resoluci\u00f3n y sensibilidad.<\/span><\/p>\n<p>[\/et_pb_text][et_pb_button button_url=\u00bb#instrumentacio\u00bb button_text=\u00bbSaber m\u00e1s\u00bb button_alignment=\u00bbleft\u00bb _builder_version=\u00bb4.27.4&#8243; _module_preset=\u00bbdefault\u00bb custom_button=\u00bbon\u00bb button_text_size=\u00bb20px\u00bb button_icon=\u00bb&#x35;||divi||400&#8243; button_on_hover=\u00bboff\u00bb custom_margin=\u00bb30px||10px||false|false\u00bb custom_padding=\u00bb10px|50px|10px|35px|true|false\u00bb button_text_size_tablet=\u00bb\u00bb button_text_size_phone=\u00bb20px\u00bb button_text_size_last_edited=\u00bbon|phone\u00bb global_colors_info=\u00bb{}\u00bb][\/et_pb_button][\/et_pb_column][\/et_pb_row][et_pb_row module_id=\u00bbrecerca\u00bb _builder_version=\u00bb4.27.4&#8243; _module_preset=\u00bbdefault\u00bb custom_margin=\u00bb0px||30px||false|false\u00bb custom_padding=\u00bb0px||0px||false|false\u00bb locked=\u00bboff\u00bb global_colors_info=\u00bb{}\u00bb][et_pb_column type=\u00bb4_4&#8243; _builder_version=\u00bb4.18.0&#8243; _module_preset=\u00bbdefault\u00bb global_colors_info=\u00bb{}\u00bb][et_pb_text _builder_version=\u00bb4.27.4&#8243; _module_preset=\u00bbdefault\u00bb text_font=\u00bbOswald|||on|||||\u00bb text_text_color=\u00bb#406fda\u00bb text_font_size=\u00bb16px\u00bb text_letter_spacing=\u00bb3px\u00bb custom_margin=\u00bb||8px|||\u00bb hover_enabled=\u00bb0&#8243; locked=\u00bboff\u00bb global_colors_info=\u00bb{}\u00bb sticky_enabled=\u00bb0&#8243;]<\/p>\n<p>Telescopio R\u00e1pido de Amplio Campo<\/p>\n<p>[\/et_pb_text][et_pb_text _builder_version=\u00bb4.27.4&#8243; _module_preset=\u00bbdefault\u00bb text_font_size=\u00bb32px\u00bb text_line_height=\u00bb1em\u00bb header_text_color=\u00bb#1a1140&#8243; custom_margin=\u00bb-2px|||||\u00bb text_font_size_tablet=\u00bb32px\u00bb text_font_size_phone=\u00bb26px\u00bb text_font_size_last_edited=\u00bbon|phone\u00bb global_colors_info=\u00bb{}\u00bb]<\/p>\n<p>Investigaci\u00f3n<\/p>\n<p>[\/et_pb_text][\/et_pb_column][\/et_pb_row][et_pb_row _builder_version=\u00bb4.18.1&#8243; _module_preset=\u00bbdefault\u00bb custom_padding=\u00bb0px||||false|false\u00bb global_colors_info=\u00bb{}\u00bb][et_pb_column type=\u00bb4_4&#8243; _builder_version=\u00bb4.18.1&#8243; _module_preset=\u00bbdefault\u00bb global_colors_info=\u00bb{}\u00bb][et_pb_text _builder_version=\u00bb4.27.4&#8243; _module_preset=\u00bbdefault\u00bb global_colors_info=\u00bb{}\u00bb]<\/p>\n<p><span style=\"font-weight: 400;\">El TRAC tendr\u00e1 capacidad para llevar a cabo:<\/span><\/p>\n<ul>\n<li style=\"font-weight: 400;\" aria-level=\"1\"><b>Observaciones de asteroides cercanos a la Tierra y potencialmente peligrosos<\/b><span style=\"font-weight: 400;\">: b\u00fasqueda y seguimiento de objetos cercanos a la Tierra (NEO, por sus siglas en ingl\u00e9s) y de asteroides interiores del sistema solar, seguimiento de destellos lunares por impactos de asteroides, y observaciones de ocultaciones estelares por asteroides.<\/span><span style=\"font-weight: 400;\"><br \/><\/span><\/li>\n<li style=\"font-weight: 400;\" aria-level=\"1\"><b>Astronom\u00eda de baja luminosidad superficial<\/b><span style=\"font-weight: 400;\">: observaciones de campo profundo y amplio de regiones alrededor de las galaxias para realizar estudios de estad\u00edstica y evoluci\u00f3n gal\u00e1ctica.<\/span><span style=\"font-weight: 400;\"><br \/><\/span><\/li>\n<li style=\"font-weight: 400;\" aria-level=\"1\"><b>Observaciones de vigilancia y seguimiento espaciales (<\/b><b><i>Space Surveillance and Tracking<\/i><\/b><b>, SST) de sat\u00e9lites y desechos espaciales<\/b><span style=\"font-weight: 400;\">: seguimiento de objetos en \u00f3rbita baja (LEO, por sus siglas en ingl\u00e9s) en coordinaci\u00f3n con el TJO y el TFRM.<\/span><span style=\"font-weight: 400;\"><br \/><\/span><\/li>\n<li style=\"font-weight: 400;\" aria-level=\"1\"><b>Comunicaciones \u00f3pticas con redes de sat\u00e9lites<\/b><span style=\"font-weight: 400;\">: desarrollo de sistemas de transferencia de datos de alta capacidad utilizando comunicaciones \u00f3pticas, como experimento demostrador de tecnolog\u00eda.<\/span><span style=\"font-weight: 400;\"><br \/><\/span><\/li>\n<\/ul>\n<p><span style=\"font-weight: 400;\">El TRAC potenciar\u00e1 las capacidades del OdM y contribuir\u00e1 a posicionar a\u00fan m\u00e1s el entorno de Sant Esteve de la Sarga como un punto de gran potencial para la observaci\u00f3n astron\u00f3mica y el desarrollo de tecnolog\u00edas espaciales, aportando nuevos intereses complementarios y de alto impacto, tanto procedentes de la industria espacial nacional e internacional como de organizaciones cient\u00edfico-tecnol\u00f3gicas.<\/span><\/p>\n<p>[\/et_pb_text][\/et_pb_column][\/et_pb_row][et_pb_row module_id=\u00bbinstrumentacio\u00bb _builder_version=\u00bb4.27.4&#8243; _module_preset=\u00bbdefault\u00bb custom_margin=\u00bb0px||30px||false|false\u00bb custom_padding=\u00bb0px||0px||false|false\u00bb locked=\u00bboff\u00bb global_colors_info=\u00bb{}\u00bb][et_pb_column type=\u00bb4_4&#8243; _builder_version=\u00bb4.18.0&#8243; _module_preset=\u00bbdefault\u00bb global_colors_info=\u00bb{}\u00bb][et_pb_text _builder_version=\u00bb4.27.4&#8243; _module_preset=\u00bbdefault\u00bb text_font=\u00bbOswald|||on|||||\u00bb text_text_color=\u00bb#406fda\u00bb text_font_size=\u00bb16px\u00bb text_letter_spacing=\u00bb3px\u00bb custom_margin=\u00bb||8px|||\u00bb hover_enabled=\u00bb0&#8243; locked=\u00bboff\u00bb global_colors_info=\u00bb{}\u00bb sticky_enabled=\u00bb0&#8243;]<\/p>\n<p>Telescopio R\u00e1pido de Amplio Campo<\/p>\n<p>[\/et_pb_text][et_pb_text _builder_version=\u00bb4.27.4&#8243; _module_preset=\u00bbdefault\u00bb text_font_size=\u00bb32px\u00bb text_line_height=\u00bb1em\u00bb header_text_color=\u00bb#1a1140&#8243; custom_margin=\u00bb-2px|||||\u00bb text_font_size_tablet=\u00bb32px\u00bb text_font_size_phone=\u00bb26px\u00bb text_font_size_last_edited=\u00bbon|phone\u00bb global_colors_info=\u00bb{}\u00bb]<\/p>\n<p>Instrumentaci\u00f3n<\/p>\n<p>[\/et_pb_text][\/et_pb_column][\/et_pb_row][et_pb_row _builder_version=\u00bb4.18.1&#8243; _module_preset=\u00bbdefault\u00bb custom_padding=\u00bb0px||||false|false\u00bb global_colors_info=\u00bb{}\u00bb][et_pb_column type=\u00bb4_4&#8243; _builder_version=\u00bb4.18.1&#8243; _module_preset=\u00bbdefault\u00bb global_colors_info=\u00bb{}\u00bb][et_pb_text _builder_version=\u00bb4.27.4&#8243; _module_preset=\u00bbdefault\u00bb global_colors_info=\u00bb{}\u00bb]<\/p>\n<ul>\n<li><b>Tubo \u00f3ptico<\/b><span style=\"font-weight: 400;\">: ASA H400 f\/2.4, de tipo reflector, 40\u202fcm de di\u00e1metro.<\/span><\/li>\n<li><b>Montura<\/b><span style=\"font-weight: 400;\">: ASA DDM100, una montura ecuatorial con gran capacidad de carga y alta velocidad de apuntado y seguimiento de objetos.<\/span><\/li>\n<li><b>C\u00e1mara<\/b><span style=\"font-weight: 400;\">: QHY 411M Pro, de tipo CMOS, de alta resoluci\u00f3n y sensibilidad.<\/span><\/li>\n<li><b>C\u00fapula<\/b><span style=\"font-weight: 400;\">: AstroHaven tipo <\/span><i><span style=\"font-weight: 400;\">clamshell <\/span><\/i><span style=\"font-weight: 400;\">(apertura total).<\/span><\/li>\n<\/ul>\n<p>[\/et_pb_text][\/et_pb_column][\/et_pb_row][\/et_pb_section]<\/p>\n","protected":false},"excerpt":{"rendered":"<p>Astronom\u00eda | Telescopio R\u00e1pido de Amplio CampoTelescopio R\u00e1pido de Amplio CampoEl Telescopio R\u00e1pido de Amplio Campo es el nuevo telescopio del Observatori del Montsec (OdM), gestionado por el IEEC.\u00a0Es un telescopio reflector de 40 cm de di\u00e1metro, equipado con una c\u00e1mara de alta resoluci\u00f3n y gran campo de visi\u00f3n, que estar\u00e1 operativo para la comunidad [&hellip;]<\/p>\n","protected":false},"author":5,"featured_media":0,"parent":3904,"menu_order":0,"comment_status":"closed","ping_status":"closed","template":"","meta":{"_et_pb_use_builder":"on","_et_pb_old_content":"","_et_gb_content_width":"","footnotes":""},"class_list":["post-3916","page","type-page","status-publish","hentry"],"yoast_head":"<!-- This site is optimized with the Yoast SEO plugin v24.2 - https:\/\/yoast.com\/wordpress\/plugins\/seo\/ -->\n<title>Telescopio R\u00e1pido de Amplio Campo (TRAC) - Observatori del Montsec<\/title>\n<meta name=\"robots\" content=\"index, follow, max-snippet:-1, max-image-preview:large, max-video-preview:-1\" \/>\n<link rel=\"canonical\" href=\"https:\/\/montsec.ieec.cat\/es\/astronomia\/trac\/\" \/>\n<meta property=\"og:locale\" content=\"es_ES\" \/>\n<meta property=\"og:type\" content=\"article\" \/>\n<meta property=\"og:title\" content=\"Telescopio R\u00e1pido de Amplio Campo (TRAC) - Observatori del Montsec\" \/>\n<meta property=\"og:description\" content=\"Astronom\u00eda | Telescopio R\u00e1pido de Amplio CampoTelescopio R\u00e1pido de Amplio CampoEl Telescopio R\u00e1pido de Amplio Campo es el nuevo telescopio del Observatori del Montsec (OdM), gestionado por el IEEC.\u00a0Es un telescopio reflector de 40 cm de di\u00e1metro, equipado con una c\u00e1mara de alta resoluci\u00f3n y gran campo de visi\u00f3n, que estar\u00e1 operativo para la comunidad [&hellip;]\" \/>\n<meta property=\"og:url\" content=\"https:\/\/montsec.ieec.cat\/es\/astronomia\/trac\/\" \/>\n<meta property=\"og:site_name\" content=\"Observatori del Montsec\" \/>\n<meta property=\"article:modified_time\" content=\"2025-09-18T10:58:45+00:00\" \/>\n<meta name=\"twitter:card\" content=\"summary_large_image\" \/>\n<meta name=\"twitter:label1\" content=\"Tiempo de lectura\" \/>\n\t<meta name=\"twitter:data1\" content=\"4 minutos\" \/>\n<script type=\"application\/ld+json\" class=\"yoast-schema-graph\">{\"@context\":\"https:\/\/schema.org\",\"@graph\":[{\"@type\":\"WebPage\",\"@id\":\"https:\/\/montsec.ieec.cat\/es\/astronomia\/trac\/\",\"url\":\"https:\/\/montsec.ieec.cat\/es\/astronomia\/trac\/\",\"name\":\"Telescopio R\u00e1pido de Amplio Campo (TRAC) - Observatori del Montsec\",\"isPartOf\":{\"@id\":\"https:\/\/montsec.ieec.cat\/es\/#website\"},\"datePublished\":\"2025-09-18T10:58:37+00:00\",\"dateModified\":\"2025-09-18T10:58:45+00:00\",\"breadcrumb\":{\"@id\":\"https:\/\/montsec.ieec.cat\/es\/astronomia\/trac\/#breadcrumb\"},\"inLanguage\":\"es\",\"potentialAction\":[{\"@type\":\"ReadAction\",\"target\":[\"https:\/\/montsec.ieec.cat\/es\/astronomia\/trac\/\"]}]},{\"@type\":\"BreadcrumbList\",\"@id\":\"https:\/\/montsec.ieec.cat\/es\/astronomia\/trac\/#breadcrumb\",\"itemListElement\":[{\"@type\":\"ListItem\",\"position\":1,\"name\":\"Portada\",\"item\":\"https:\/\/montsec.ieec.cat\/es\/\"},{\"@type\":\"ListItem\",\"position\":2,\"name\":\"Astronom\u00eda\",\"item\":\"https:\/\/montsec.ieec.cat\/es\/astronomia\/\"},{\"@type\":\"ListItem\",\"position\":3,\"name\":\"Telescopio R\u00e1pido de Amplio Campo (TRAC)\"}]},{\"@type\":\"WebSite\",\"@id\":\"https:\/\/montsec.ieec.cat\/es\/#website\",\"url\":\"https:\/\/montsec.ieec.cat\/es\/\",\"name\":\"Observatori del Montsec\",\"description\":\"El telescopi m\u00e9s gran de Catalunya\",\"potentialAction\":[{\"@type\":\"SearchAction\",\"target\":{\"@type\":\"EntryPoint\",\"urlTemplate\":\"https:\/\/montsec.ieec.cat\/es\/?s={search_term_string}\"},\"query-input\":{\"@type\":\"PropertyValueSpecification\",\"valueRequired\":true,\"valueName\":\"search_term_string\"}}],\"inLanguage\":\"es\"}]}<\/script>\n<!-- \/ Yoast SEO plugin. -->","yoast_head_json":{"title":"Telescopio R\u00e1pido de Amplio Campo (TRAC) - Observatori del Montsec","robots":{"index":"index","follow":"follow","max-snippet":"max-snippet:-1","max-image-preview":"max-image-preview:large","max-video-preview":"max-video-preview:-1"},"canonical":"https:\/\/montsec.ieec.cat\/es\/astronomia\/trac\/","og_locale":"es_ES","og_type":"article","og_title":"Telescopio R\u00e1pido de Amplio Campo (TRAC) - Observatori del Montsec","og_description":"Astronom\u00eda | Telescopio R\u00e1pido de Amplio CampoTelescopio R\u00e1pido de Amplio CampoEl Telescopio R\u00e1pido de Amplio Campo es el nuevo telescopio del Observatori del Montsec (OdM), gestionado por el IEEC.\u00a0Es un telescopio reflector de 40 cm de di\u00e1metro, equipado con una c\u00e1mara de alta resoluci\u00f3n y gran campo de visi\u00f3n, que estar\u00e1 operativo para la comunidad [&hellip;]","og_url":"https:\/\/montsec.ieec.cat\/es\/astronomia\/trac\/","og_site_name":"Observatori del Montsec","article_modified_time":"2025-09-18T10:58:45+00:00","twitter_card":"summary_large_image","twitter_misc":{"Tiempo de lectura":"4 minutos"},"schema":{"@context":"https:\/\/schema.org","@graph":[{"@type":"WebPage","@id":"https:\/\/montsec.ieec.cat\/es\/astronomia\/trac\/","url":"https:\/\/montsec.ieec.cat\/es\/astronomia\/trac\/","name":"Telescopio R\u00e1pido de Amplio Campo (TRAC) - Observatori del Montsec","isPartOf":{"@id":"https:\/\/montsec.ieec.cat\/es\/#website"},"datePublished":"2025-09-18T10:58:37+00:00","dateModified":"2025-09-18T10:58:45+00:00","breadcrumb":{"@id":"https:\/\/montsec.ieec.cat\/es\/astronomia\/trac\/#breadcrumb"},"inLanguage":"es","potentialAction":[{"@type":"ReadAction","target":["https:\/\/montsec.ieec.cat\/es\/astronomia\/trac\/"]}]},{"@type":"BreadcrumbList","@id":"https:\/\/montsec.ieec.cat\/es\/astronomia\/trac\/#breadcrumb","itemListElement":[{"@type":"ListItem","position":1,"name":"Portada","item":"https:\/\/montsec.ieec.cat\/es\/"},{"@type":"ListItem","position":2,"name":"Astronom\u00eda","item":"https:\/\/montsec.ieec.cat\/es\/astronomia\/"},{"@type":"ListItem","position":3,"name":"Telescopio R\u00e1pido de Amplio Campo (TRAC)"}]},{"@type":"WebSite","@id":"https:\/\/montsec.ieec.cat\/es\/#website","url":"https:\/\/montsec.ieec.cat\/es\/","name":"Observatori del Montsec","description":"El telescopi m\u00e9s gran de Catalunya","potentialAction":[{"@type":"SearchAction","target":{"@type":"EntryPoint","urlTemplate":"https:\/\/montsec.ieec.cat\/es\/?s={search_term_string}"},"query-input":{"@type":"PropertyValueSpecification","valueRequired":true,"valueName":"search_term_string"}}],"inLanguage":"es"}]}},"_links":{"self":[{"href":"https:\/\/montsec.ieec.cat\/es\/wp-json\/wp\/v2\/pages\/3916","targetHints":{"allow":["GET"]}}],"collection":[{"href":"https:\/\/montsec.ieec.cat\/es\/wp-json\/wp\/v2\/pages"}],"about":[{"href":"https:\/\/montsec.ieec.cat\/es\/wp-json\/wp\/v2\/types\/page"}],"author":[{"embeddable":true,"href":"https:\/\/montsec.ieec.cat\/es\/wp-json\/wp\/v2\/users\/5"}],"replies":[{"embeddable":true,"href":"https:\/\/montsec.ieec.cat\/es\/wp-json\/wp\/v2\/comments?post=3916"}],"version-history":[{"count":7,"href":"https:\/\/montsec.ieec.cat\/es\/wp-json\/wp\/v2\/pages\/3916\/revisions"}],"predecessor-version":[{"id":4009,"href":"https:\/\/montsec.ieec.cat\/es\/wp-json\/wp\/v2\/pages\/3916\/revisions\/4009"}],"up":[{"embeddable":true,"href":"https:\/\/montsec.ieec.cat\/es\/wp-json\/wp\/v2\/pages\/3904"}],"wp:attachment":[{"href":"https:\/\/montsec.ieec.cat\/es\/wp-json\/wp\/v2\/media?parent=3916"}],"curies":[{"name":"wp","href":"https:\/\/api.w.org\/{rel}","templated":true}]}}